{"id":102,"date":"2021-01-09T22:25:39","date_gmt":"2021-01-09T22:25:39","guid":{"rendered":"https:\/\/mimvlora.al\/?page_id=102"},"modified":"2021-02-09T16:39:35","modified_gmt":"2021-02-09T16:39:35","slug":"njesia-e-rikuperimit-te-materialeve","status":"publish","type":"page","link":"https:\/\/mimvlora.al\/?page_id=102","title":{"rendered":"Njesia e Rikuperimit te Materialeve"},"content":{"rendered":"\t\t<div data-elementor-type=\"wp-page\" data-elementor-id=\"102\" class=\"elementor elementor-102\">\n\t\t\t\t\t\t<section class=\"elementor-section elementor-top-section elementor-element elementor-element-331f53c elementor-section-boxed elementor-section-height-default elementor-section-height-default parallax_section_no qode_elementor_container_no\" data-id=\"331f53c\" data-element_type=\"section\">\n\t\t\t\t\t\t<div class=\"elementor-container elementor-column-gap-default\">\n\t\t\t\t\t<div class=\"elementor-column elementor-col-100 elementor-top-column elementor-element elementor-element-ef7a24a\" data-id=\"ef7a24a\" data-element_type=\"column\">\n\t\t\t<div class=\"elementor-widget-wrap elementor-element-populated\">\n\t\t\t\t\t\t<div class=\"elementor-element elementor-element-262b97f elementor-widget elementor-widget-text-editor\" data-id=\"262b97f\" data-element_type=\"widget\" data-widget_type=\"text-editor.default\">\n\t\t\t\t<div class=\"elementor-widget-container\">\n\t\t\t\t\t\t\t<p><span style=\"font-size: 14pt;\"><strong>Njesia e Rikuperimit te Materialeve<\/strong><\/span><\/p>\t\t\t\t\t\t<\/div>\n\t\t\t\t<\/div>\n\t\t\t\t\t<\/div>\n\t\t<\/div>\n\t\t\t\t\t<\/div>\n\t\t<\/section>\n\t\t\t\t<section class=\"elementor-section elementor-top-section elementor-element elementor-element-5bee1b5 elementor-section-boxed elementor-section-height-default elementor-section-height-default parallax_section_no qode_elementor_container_no\" data-id=\"5bee1b5\" data-element_type=\"section\">\n\t\t\t\t\t\t<div class=\"elementor-container elementor-column-gap-default\">\n\t\t\t\t\t<div class=\"elementor-column elementor-col-100 elementor-top-column elementor-element elementor-element-2c876a7\" data-id=\"2c876a7\" data-element_type=\"column\">\n\t\t\t<div class=\"elementor-widget-wrap elementor-element-populated\">\n\t\t\t\t\t\t<div class=\"elementor-element elementor-element-d027ed4 elementor-widget elementor-widget-text-editor\" data-id=\"d027ed4\" data-element_type=\"widget\" data-widget_type=\"text-editor.default\">\n\t\t\t\t<div class=\"elementor-widget-container\">\n\t\t\t\t\t\t\t<p style=\"text-align: justify;\">Ne operojm\u00eb nj\u00eb t\u00eb ashtuquajtur Facility Material Recovery (MRF) n\u00eb Sherisht\u00eb p\u00ebr t\u00eb p\u00ebrgatitur materialet e e riciklueshme p\u00ebr perpunim. N\u00eb k\u00ebt\u00eb objekt, trajtohen dy rryma mbeturinash:<\/p><ul><li style=\"list-style-type: none;\"><ul><li style=\"list-style-type: none;\"><ul><li>Mbeturina t\u00eb p\u00ebrziera nga t\u00eb gjitha zonat e tjera n\u00eb Komunat Vlor\u00eb dhe Selenic\u0451<\/li><li>Burimi i mbeturinave t\u00eb ndara dhe t\u00eb mbledhura ve\u00e7mas nga zona pilot n\u00eb Qytetin e Vlor\u00ebs<\/li><\/ul><\/li><\/ul><\/li><\/ul><p>\u00a0<\/p><p style=\"text-align: justify;\">Trajtimi i mbeturinave t\u00eb p\u00ebrziera \u00ebsht\u00eb nj\u00eb zgjidhje e p\u00ebrkohshme derisa grumbullimi i ve\u00e7ant\u00eb i materialeve t\u00eb riciklueshme do t\u00eb zbatohet n\u00eb t\u00eb gjith\u00eb Zon\u00ebn e Mbeturinave. Cil\u00ebsia dhe sasia e materialeve t\u00eb riciklueshme t\u00eb ndara nga rrjedhat e p\u00ebrziera t\u00eb mbetjeve \u00ebsht\u00eb e ul\u00ebt p\u00ebr shkak t\u00eb kontaminimit t\u00eb ricikluesh\u00ebm me fraksione t\u00eb tjera t\u00eb mbeturinave.<\/p><p>\u00a0<\/p><p style=\"text-align: justify;\">N\u00ebse grumbullohen ve\u00e7mas, materialet e riciklueshme kan\u00eb nj\u00eb vler\u00eb m\u00eb t\u00eb lart\u00eb dhe mund t\u00eb shnd\u00ebrrohen n\u00eb l\u00ebnd\u00eb t\u00eb par\u00eb sekondare cil\u00ebsore. Duke p\u00ebrdorur k\u00ebto l\u00ebnd\u00eb t\u00eb para sekondare, m\u00eb shum\u00eb mallra t\u00eb ngjash\u00ebm me ato t\u00eb ricikluara mund t\u00eb prodhohen dhe burimet natyrore mund t\u00eb mbrohen. Prandaj, rregulloret shqiptare dhe ato t\u00eb BE-s\u00eb k\u00ebrkojn\u00eb mbledhjen e ve\u00e7ant\u00eb t\u00eb materialeve t\u00eb riciklueshme.<\/p><p>\u00a0<\/p><p style=\"text-align: justify;\">N\u00eb MRF, teknologji t\u00eb ndryshme do t\u00eb p\u00ebrdoren p\u00ebr t\u00eb renditur materialet e riciklueshme n\u00eb fraksione t\u00eb ndryshme.<\/p><ul><li style=\"list-style-type: none;\"><ul><li style=\"list-style-type: none;\"><ul><li>pas marrjes s\u00eb mbeturinave, materialet e m\u00ebdha dhe papast\u00ebrtit\u00eb q\u00eb mund t\u00eb pengojn\u00eb procesin e m\u00ebtejsh\u00ebm zgjidhen.<\/li><li>nj\u00eb hap\u00ebs p\u00ebr hapjen e qeseve hap \u00e7antat dhe liroj mbeturinat p\u00ebr hapin tjet\u00ebr<\/li><li>nj\u00eb ekran trommel ndan mbeturinat n\u00eb dy fraksione<\/li><li>nga fraksionet e madh\u00ebsis\u00eb s\u00eb vog\u00ebl dhe t\u00eb madh\u00ebsis\u00eb, metalet zgjidhen nga nj\u00eb ndar\u00ebs i magnetit<\/li><li>nga fraksioni i madh\u00ebsis\u00eb, materialet e vlefshme renditen manualisht n\u00eb nj\u00eb brez klasifikimi<\/li><\/ul><\/li><\/ul><\/li><\/ul><p>\u00a0<\/p><p style=\"text-align: justify;\">Pas k\u00ebtij procesi t\u00eb klasifikimit, materialet e riciklueshme p\u00ebrgatiten p\u00ebr transport t\u00eb m\u00ebtejsh\u00ebm n\u00eb industrin\u00eb e riciklimit, nd\u00ebrsa mbetjet dor\u00ebzohen n\u00eb deponin\u00eb aty pran\u00eb.<\/p><p>\u00a0<\/p><p>\u00a0<\/p>\t\t\t\t\t\t<\/div>\n\t\t\t\t<\/div>\n\t\t\t\t\t<\/div>\n\t\t<\/div>\n\t\t\t\t\t<\/div>\n\t\t<\/section>\n\t\t\t\t<section class=\"elementor-section elementor-top-section elementor-element elementor-element-da2d2c4 elementor-section-boxed elementor-section-height-default elementor-section-height-default parallax_section_no qode_elementor_container_no\" data-id=\"da2d2c4\" data-element_type=\"section\">\n\t\t\t\t\t\t<div class=\"elementor-container elementor-column-gap-default\">\n\t\t\t\t\t\t<\/div>\n\t\t<\/section>\n\t\t\t\t<\/div>\n\t\t","protected":false},"excerpt":{"rendered":"<p>Njesia e Rikuperimit te Materialeve Ne operojm\u00eb nj\u00eb t\u00eb ashtuquajtur Facility Material Recovery (MRF) n\u00eb Sherisht\u00eb p\u00ebr t\u00eb p\u00ebrgatitur materialet e e riciklueshme p\u00ebr perpunim. N\u00eb k\u00ebt\u00eb objekt, trajtohen dy rryma mbeturinash: Mbeturina t\u00eb p\u00ebrziera nga t\u00eb gjitha zonat e tjera n\u00eb Komunat Vlor\u00eb dhe&#8230;<\/p>\n","protected":false},"author":1,"featured_media":0,"parent":0,"menu_order":0,"comment_status":"closed","ping_status":"closed","template":"","meta":{"nf_dc_page":"","footnotes":""},"yoast_head":"<!-- This site is optimized with the Yoast SEO plugin v22.1 - https:\/\/yoast.com\/wordpress\/plugins\/seo\/ -->\n<title>Njesia e Rikuperimit te Materialeve - Menaxhimi i Integruar i Mbetjeve<\/title>\n<meta name=\"robots\" content=\"index, follow, max-snippet:-1, max-image-preview:large, max-video-preview:-1\" \/>\n<link rel=\"canonical\" href=\"https:\/\/mimvlora.al\/?page_id=102\" \/>\n<meta property=\"og:locale\" content=\"en_US\" \/>\n<meta property=\"og:type\" content=\"article\" \/>\n<meta property=\"og:title\" content=\"Njesia e Rikuperimit te Materialeve - Menaxhimi i Integruar i Mbetjeve\" \/>\n<meta property=\"og:description\" content=\"Njesia e Rikuperimit te Materialeve Ne operojm\u00eb nj\u00eb t\u00eb ashtuquajtur Facility Material Recovery (MRF) n\u00eb Sherisht\u00eb p\u00ebr t\u00eb p\u00ebrgatitur materialet e e riciklueshme p\u00ebr perpunim. N\u00eb k\u00ebt\u00eb objekt, trajtohen dy rryma mbeturinash: Mbeturina t\u00eb p\u00ebrziera nga t\u00eb gjitha zonat e tjera n\u00eb Komunat Vlor\u00eb dhe...\" \/>\n<meta property=\"og:url\" content=\"https:\/\/mimvlora.al\/?page_id=102\" \/>\n<meta property=\"og:site_name\" content=\"Menaxhimi i Integruar i Mbetjeve\" \/>\n<meta property=\"article:publisher\" content=\"https:\/\/www.facebook.com\/Nd%c3%abrmarrja-e-Menaxhimit-t%c3%ab-Integruar-t%c3%ab-Mbetjeve-108024937783375\" \/>\n<meta property=\"article:modified_time\" content=\"2021-02-09T16:39:35+00:00\" \/>\n<meta name=\"twitter:card\" content=\"summary_large_image\" \/>\n<meta name=\"twitter:label1\" content=\"Est. reading time\" \/>\n\t<meta name=\"twitter:data1\" content=\"2 minutes\" \/>\n<script type=\"application\/ld+json\" class=\"yoast-schema-graph\">{\"@context\":\"https:\/\/schema.org\",\"@graph\":[{\"@type\":\"WebPage\",\"@id\":\"https:\/\/mimvlora.al\/?page_id=102\",\"url\":\"https:\/\/mimvlora.al\/?page_id=102\",\"name\":\"Njesia e Rikuperimit te Materialeve - Menaxhimi i Integruar i Mbetjeve\",\"isPartOf\":{\"@id\":\"https:\/\/mimvlora.al\/#website\"},\"datePublished\":\"2021-01-09T22:25:39+00:00\",\"dateModified\":\"2021-02-09T16:39:35+00:00\",\"breadcrumb\":{\"@id\":\"https:\/\/mimvlora.al\/?page_id=102#breadcrumb\"},\"inLanguage\":\"en-US\",\"potentialAction\":[{\"@type\":\"ReadAction\",\"target\":[\"https:\/\/mimvlora.al\/?page_id=102\"]}]},{\"@type\":\"BreadcrumbList\",\"@id\":\"https:\/\/mimvlora.al\/?page_id=102#breadcrumb\",\"itemListElement\":[{\"@type\":\"ListItem\",\"position\":1,\"name\":\"Home\",\"item\":\"http:\/\/mimvlora.al\/\"},{\"@type\":\"ListItem\",\"position\":2,\"name\":\"Njesia e Rikuperimit te Materialeve\"}]},{\"@type\":\"WebSite\",\"@id\":\"https:\/\/mimvlora.al\/#website\",\"url\":\"https:\/\/mimvlora.al\/\",\"name\":\"Menaxhimi i Integruar i Mbetjeve\",\"description\":\"\",\"publisher\":{\"@id\":\"https:\/\/mimvlora.al\/#organization\"},\"potentialAction\":[{\"@type\":\"SearchAction\",\"target\":{\"@type\":\"EntryPoint\",\"urlTemplate\":\"https:\/\/mimvlora.al\/?s={search_term_string}\"},\"query-input\":\"required name=search_term_string\"}],\"inLanguage\":\"en-US\"},{\"@type\":\"Organization\",\"@id\":\"https:\/\/mimvlora.al\/#organization\",\"name\":\"MIM Vlora\",\"url\":\"https:\/\/mimvlora.al\/\",\"logo\":{\"@type\":\"ImageObject\",\"inLanguage\":\"en-US\",\"@id\":\"https:\/\/mimvlora.al\/#\/schema\/logo\/image\/\",\"url\":\"https:\/\/i1.wp.com\/mimvlora.al\/wp-content\/uploads\/2021\/01\/logo-1.png?fit=500%2C500&ssl=1\",\"contentUrl\":\"https:\/\/i1.wp.com\/mimvlora.al\/wp-content\/uploads\/2021\/01\/logo-1.png?fit=500%2C500&ssl=1\",\"width\":500,\"height\":500,\"caption\":\"MIM Vlora\"},\"image\":{\"@id\":\"https:\/\/mimvlora.al\/#\/schema\/logo\/image\/\"},\"sameAs\":[\"https:\/\/www.facebook.com\/Nd\u00ebrmarrja-e-Menaxhimit-t\u00eb-Integruar-t\u00eb-Mbetjeve-108024937783375\"]}]}<\/script>\n<!-- \/ Yoast SEO plugin. -->","yoast_head_json":{"title":"Njesia e Rikuperimit te Materialeve - Menaxhimi i Integruar i Mbetjeve","robots":{"index":"index","follow":"follow","max-snippet":"max-snippet:-1","max-image-preview":"max-image-preview:large","max-video-preview":"max-video-preview:-1"},"canonical":"https:\/\/mimvlora.al\/?page_id=102","og_locale":"en_US","og_type":"article","og_title":"Njesia e Rikuperimit te Materialeve - Menaxhimi i Integruar i Mbetjeve","og_description":"Njesia e Rikuperimit te Materialeve Ne operojm\u00eb nj\u00eb t\u00eb ashtuquajtur Facility Material Recovery (MRF) n\u00eb Sherisht\u00eb p\u00ebr t\u00eb p\u00ebrgatitur materialet e e riciklueshme p\u00ebr perpunim. N\u00eb k\u00ebt\u00eb objekt, trajtohen dy rryma mbeturinash: Mbeturina t\u00eb p\u00ebrziera nga t\u00eb gjitha zonat e tjera n\u00eb Komunat Vlor\u00eb dhe...","og_url":"https:\/\/mimvlora.al\/?page_id=102","og_site_name":"Menaxhimi i Integruar i Mbetjeve","article_publisher":"https:\/\/www.facebook.com\/Nd%c3%abrmarrja-e-Menaxhimit-t%c3%ab-Integruar-t%c3%ab-Mbetjeve-108024937783375","article_modified_time":"2021-02-09T16:39:35+00:00","twitter_card":"summary_large_image","twitter_misc":{"Est. reading time":"2 minutes"},"schema":{"@context":"https:\/\/schema.org","@graph":[{"@type":"WebPage","@id":"https:\/\/mimvlora.al\/?page_id=102","url":"https:\/\/mimvlora.al\/?page_id=102","name":"Njesia e Rikuperimit te Materialeve - Menaxhimi i Integruar i Mbetjeve","isPartOf":{"@id":"https:\/\/mimvlora.al\/#website"},"datePublished":"2021-01-09T22:25:39+00:00","dateModified":"2021-02-09T16:39:35+00:00","breadcrumb":{"@id":"https:\/\/mimvlora.al\/?page_id=102#breadcrumb"},"inLanguage":"en-US","potentialAction":[{"@type":"ReadAction","target":["https:\/\/mimvlora.al\/?page_id=102"]}]},{"@type":"BreadcrumbList","@id":"https:\/\/mimvlora.al\/?page_id=102#breadcrumb","itemListElement":[{"@type":"ListItem","position":1,"name":"Home","item":"http:\/\/mimvlora.al\/"},{"@type":"ListItem","position":2,"name":"Njesia e Rikuperimit te Materialeve"}]},{"@type":"WebSite","@id":"https:\/\/mimvlora.al\/#website","url":"https:\/\/mimvlora.al\/","name":"Menaxhimi i Integruar i Mbetjeve","description":"","publisher":{"@id":"https:\/\/mimvlora.al\/#organization"},"potentialAction":[{"@type":"SearchAction","target":{"@type":"EntryPoint","urlTemplate":"https:\/\/mimvlora.al\/?s={search_term_string}"},"query-input":"required name=search_term_string"}],"inLanguage":"en-US"},{"@type":"Organization","@id":"https:\/\/mimvlora.al\/#organization","name":"MIM Vlora","url":"https:\/\/mimvlora.al\/","logo":{"@type":"ImageObject","inLanguage":"en-US","@id":"https:\/\/mimvlora.al\/#\/schema\/logo\/image\/","url":"https:\/\/i1.wp.com\/mimvlora.al\/wp-content\/uploads\/2021\/01\/logo-1.png?fit=500%2C500&ssl=1","contentUrl":"https:\/\/i1.wp.com\/mimvlora.al\/wp-content\/uploads\/2021\/01\/logo-1.png?fit=500%2C500&ssl=1","width":500,"height":500,"caption":"MIM Vlora"},"image":{"@id":"https:\/\/mimvlora.al\/#\/schema\/logo\/image\/"},"sameAs":["https:\/\/www.facebook.com\/Nd\u00ebrmarrja-e-Menaxhimit-t\u00eb-Integruar-t\u00eb-Mbetjeve-108024937783375"]}]}},"jetpack_sharing_enabled":true,"_links":{"self":[{"href":"https:\/\/mimvlora.al\/index.php?rest_route=\/wp\/v2\/pages\/102"}],"collection":[{"href":"https:\/\/mimvlora.al\/index.php?rest_route=\/wp\/v2\/pages"}],"about":[{"href":"https:\/\/mimvlora.al\/index.php?rest_route=\/wp\/v2\/types\/page"}],"author":[{"embeddable":true,"href":"https:\/\/mimvlora.al\/index.php?rest_route=\/wp\/v2\/users\/1"}],"replies":[{"embeddable":true,"href":"https:\/\/mimvlora.al\/index.php?rest_route=%2Fwp%2Fv2%2Fcomments&post=102"}],"version-history":[{"count":5,"href":"https:\/\/mimvlora.al\/index.php?rest_route=\/wp\/v2\/pages\/102\/revisions"}],"predecessor-version":[{"id":1028,"href":"https:\/\/mimvlora.al\/index.php?rest_route=\/wp\/v2\/pages\/102\/revisions\/1028"}],"wp:attachment":[{"href":"https:\/\/mimvlora.al\/index.php?rest_route=%2Fwp%2Fv2%2Fmedia&parent=102"}],"curies":[{"name":"wp","href":"https:\/\/api.w.org\/{rel}","templated":true}]}}