{"id":104,"date":"2021-01-09T22:26:44","date_gmt":"2021-01-09T22:26:44","guid":{"rendered":"https:\/\/mimvlora.al\/?page_id=104"},"modified":"2021-02-09T14:54:03","modified_gmt":"2021-02-09T14:54:03","slug":"depozitimi","status":"publish","type":"page","link":"https:\/\/mimvlora.al\/?page_id=104","title":{"rendered":"Depozitimi"},"content":{"rendered":"\t\t<div data-elementor-type=\"wp-page\" data-elementor-id=\"104\" class=\"elementor elementor-104\">\n\t\t\t\t\t\t<section class=\"elementor-section elementor-top-section elementor-element elementor-element-b26ecc9 elementor-section-boxed elementor-section-height-default elementor-section-height-default parallax_section_no qode_elementor_container_no\" data-id=\"b26ecc9\" data-element_type=\"section\">\n\t\t\t\t\t\t<div class=\"elementor-container elementor-column-gap-default\">\n\t\t\t\t\t<div class=\"elementor-column elementor-col-100 elementor-top-column elementor-element elementor-element-8d26bfe\" data-id=\"8d26bfe\" data-element_type=\"column\">\n\t\t\t<div class=\"elementor-widget-wrap elementor-element-populated\">\n\t\t\t\t\t\t<div class=\"elementor-element elementor-element-e477c5b elementor-widget elementor-widget-text-editor\" data-id=\"e477c5b\" data-element_type=\"widget\" data-widget_type=\"text-editor.default\">\n\t\t\t\t<div class=\"elementor-widget-container\">\n\t\t\t\t\t\t\t<h3 style=\"text-align: center;\"><span style=\"color: #808080;\"><b>Ne sigurojm\u00eb nj\u00eb depozitim t\u00eb sigurt t\u00eb mbeturinave<\/b><\/span><\/h3><h4 style=\"text-align: center;\"><span style=\"color: #808080;\"><b>&#8220;Vet\u00ebm mbeturinat t\u00eb cilat nuk mund t\u00eb rip\u00ebrdoren dhe riciklohen depozitohen n\u00eb vendin e deponis\u00eb sanitare n\u00eb nj\u00eb m\u00ebnyr\u00eb t\u00eb till\u00eb q\u00eb t\u00eb mos d\u00ebmtojn\u00eb sh\u00ebndetin dhe mjedisin ton\u00eb&#8221;<\/b><\/span><\/h4><p>\u00a0<\/p><p style=\"text-align: justify;\">P\u00ebrkund\u00ebr t\u00eb gjitha p\u00ebrpjekjeve p\u00ebr t\u00eb zvog\u00ebluar sasin\u00eb e mbeturinave t\u00eb prodhuara dhe p\u00ebr t\u00eb trajtuar mbetjet e mbetura, gjithmon\u00eb do t\u00eb ket\u00eb disa mbetje t\u00eb mbetjeve p\u00ebr tu asgj\u00ebsuar. Prandaj, n\u00eb p\u00ebrputhje me standardet e larta mjedisore t\u00eb Bashkimit Evropian, Deponia e Sherishtit \u00ebsht\u00eb nd\u00ebrtuar p\u00ebr t\u00eb hedhur mbetjet e mbetura t\u00eb Zon\u00ebs s\u00eb Mbeturinave n\u00eb Vlor\u00ebn Veriore n\u00eb m\u00ebnyr\u00eb t\u00eb sigurt p\u00ebr dekadat e ardhshme.<\/p><p style=\"text-align: justify;\">\u00a0<\/p><p style=\"text-align: justify;\">Para nd\u00ebrtimit t\u00eb k\u00ebsaj deponi sanitare, mbeturinat hidheshin n\u00eb deponi t\u00eb pakontrolluara n\u00eb vende t\u00eb shumta n\u00eb Zon\u00ebn e Mbeturinave. Me fillimin e funksionimit t\u00eb deponis\u00eb rajonale n\u00eb Sheriste, t\u00eb gjitha k\u00ebto venddepozitime do t\u00eb mbyllen. Venddepozitimet me ndikime t\u00eb m\u00ebdha mjedisore do t\u00eb rehabilitohen duke marr\u00eb parasysh rregulloret e BE-s\u00eb dhe zonat p\u00ebrkat\u00ebse do t\u00eb vihen n\u00eb dispozicion p\u00ebr p\u00ebrdorim t\u00eb m\u00ebtejsh\u00ebm. P\u00ebr shembull, impianti pilot i plehrave do t\u00eb nd\u00ebrtohet n\u00eb vendndodhjen e venddepozitimit t\u00eb qytetit t\u00eb Vlor\u00ebs pas rehabilitimit t\u00eb tij.<\/p><p style=\"text-align: justify;\">Landfilli merr kryesisht mbetjet e Objektit t\u00eb Rim\u00ebk\u00ebmbjes s\u00eb Materialeve n\u00eb m\u00ebnyr\u00eb q\u00eb t\u00eb sigurohet q\u00eb asnj\u00eb mbetje q\u00eb nuk lejohet t\u00eb deponohet t\u00eb dor\u00ebzohet n\u00eb landfill. Stafi operacional i deponive siguron vendosjen e mbeturinave sipas planit dhe i kompakton ato me nj\u00eb makin\u00eb t\u00eb ve\u00e7ant\u00eb. K\u00ebshtu, v\u00ebllimi i vlefsh\u00ebm i deponis\u00eb ruhet dhe jeta e deponis\u00eb zgjatet.<\/p><p style=\"text-align: justify;\">\u00a0<\/p><p style=\"text-align: justify;\">P\u00ebr t\u00eb parandaluar hedhjen e er\u00ebs n\u00eb er\u00eb, aromat e k\u00ebqija, hyrja e kafsh\u00ebve, mbeturinat mbulohen rregullisht me dhe.<\/p><p style=\"text-align: justify;\">Terreni i deponis\u00eb sigurohet me shtresa t\u00eb ndryshme t\u00eb materialit p\u00ebr t\u00eb siguruar q\u00eb asnj\u00eb uj\u00eb q\u00eb kalon n\u00ebp\u00ebr mbeturina dhe n\u00eb k\u00ebt\u00eb m\u00ebnyr\u00eb t\u00eb jet\u00eb i p\u00ebrqendruar edhe me substanca t\u00eb ndotura, nuk do t\u00eb futet n\u00eb tok\u00eb ose uj\u00ebrat n\u00ebntok\u00ebsore. Kjo rrjedhje mblidhet dhe trajtohet me metod\u00ebn m\u00eb t\u00eb fundit t\u00eb artit: Osmoza e kund\u00ebrt.<\/p><p style=\"text-align: justify;\">\u00a0<\/p><p style=\"text-align: justify;\">L\u00ebnda organike e cila depozitohet n\u00eb deponin\u00eb n\u00eb rritje zb\u00ebrthehet dhe l\u00ebshon gazra t\u00eb rreziksh\u00ebm. Pritet q\u00eb venddepozitimi do t\u00eb prodhoj\u00eb nj\u00eb sasi t\u00eb konsiderueshme gazi n\u00eb disa vjet pas mbushjes me mbeturina. Pastaj gazi i deponis\u00eb do t\u00eb mblidhet dhe do t\u00eb digjet n\u00eb nj\u00eb flak\u00eb n\u00eb m\u00ebnyr\u00eb q\u00eb t\u00eb shkat\u00ebrrohet metani q\u00eb \u00ebsht\u00eb nj\u00eb gaz serr\u00eb. N\u00eb periudh\u00ebn afatmesme, do t\u00eb vler\u00ebsohet shfryt\u00ebzimi n\u00eb motorin me gaz p\u00ebr prodhimin e energjis\u00eb dhe nxeht\u00ebsis\u00eb.<\/p><p style=\"text-align: justify;\">P\u00ebr t\u00eb siguruar funksionim t\u00eb qet\u00eb, stafi i trajnuar mir\u00eb po punon n\u00eb deponi &#8211; n\u00eb total m\u00eb shum\u00eb se 10 persona, t\u00eb cil\u00ebt jan\u00eb p\u00ebrgjegj\u00ebs p\u00ebr menaxhimin, administrimin, n\u00eb hyrje t\u00eb ur\u00ebs dhe funksionimin e p\u00ebrditsh\u00ebm me makineri, p\u00ebr shembull kompaktuesit dhe buldozer\u00ebt.<\/p><p style=\"text-align: justify;\">\u00a0<\/p><p style=\"text-align: justify;\">Sipas rregulloreve komb\u00ebtare, ndikimet mjedisore t\u00eb deponis\u00eb gjat\u00eb operimit monitorohen vazhdimisht dhe raportohen tek autoritetet komb\u00ebtare. Ato do t\u00eb vazhdojn\u00eb t\u00eb monitorohen p\u00ebr t\u00eb pakt\u00ebn 20 vjet pas mbylljes.<\/p>\t\t\t\t\t\t<\/div>\n\t\t\t\t<\/div>\n\t\t\t\t\t<\/div>\n\t\t<\/div>\n\t\t\t\t\t<\/div>\n\t\t<\/section>\n\t\t\t\t<\/div>\n\t\t","protected":false},"excerpt":{"rendered":"<p>Ne sigurojm\u00eb nj\u00eb depozitim t\u00eb sigurt t\u00eb mbeturinave &#8220;Vet\u00ebm mbeturinat t\u00eb cilat nuk mund t\u00eb rip\u00ebrdoren dhe riciklohen depozitohen n\u00eb vendin e deponis\u00eb sanitare n\u00eb nj\u00eb m\u00ebnyr\u00eb t\u00eb till\u00eb q\u00eb t\u00eb mos d\u00ebmtojn\u00eb sh\u00ebndetin dhe mjedisin ton\u00eb&#8221; P\u00ebrkund\u00ebr t\u00eb gjitha p\u00ebrpjekjeve p\u00ebr t\u00eb zvog\u00ebluar sasin\u00eb&#8230;<\/p>\n","protected":false},"author":1,"featured_media":0,"parent":0,"menu_order":0,"comment_status":"closed","ping_status":"closed","template":"","meta":{"nf_dc_page":"","footnotes":""},"yoast_head":"<!-- This site is optimized with the Yoast SEO plugin v22.1 - https:\/\/yoast.com\/wordpress\/plugins\/seo\/ -->\n<title>Depozitimi - Menaxhimi i Integruar i Mbetjeve<\/title>\n<meta name=\"robots\" content=\"index, follow, max-snippet:-1, max-image-preview:large, max-video-preview:-1\" \/>\n<link rel=\"canonical\" href=\"https:\/\/mimvlora.al\/?page_id=104\" \/>\n<meta property=\"og:locale\" content=\"en_US\" \/>\n<meta property=\"og:type\" content=\"article\" \/>\n<meta property=\"og:title\" content=\"Depozitimi - Menaxhimi i Integruar i Mbetjeve\" \/>\n<meta property=\"og:description\" content=\"Ne sigurojm\u00eb nj\u00eb depozitim t\u00eb sigurt t\u00eb mbeturinave &#8220;Vet\u00ebm mbeturinat t\u00eb cilat nuk mund t\u00eb rip\u00ebrdoren dhe riciklohen depozitohen n\u00eb vendin e deponis\u00eb sanitare n\u00eb nj\u00eb m\u00ebnyr\u00eb t\u00eb till\u00eb q\u00eb t\u00eb mos d\u00ebmtojn\u00eb sh\u00ebndetin dhe mjedisin ton\u00eb&#8221; P\u00ebrkund\u00ebr t\u00eb gjitha p\u00ebrpjekjeve p\u00ebr t\u00eb zvog\u00ebluar sasin\u00eb...\" \/>\n<meta property=\"og:url\" content=\"https:\/\/mimvlora.al\/?page_id=104\" \/>\n<meta property=\"og:site_name\" content=\"Menaxhimi i Integruar i Mbetjeve\" \/>\n<meta property=\"article:publisher\" content=\"https:\/\/www.facebook.com\/Nd%c3%abrmarrja-e-Menaxhimit-t%c3%ab-Integruar-t%c3%ab-Mbetjeve-108024937783375\" \/>\n<meta property=\"article:modified_time\" content=\"2021-02-09T14:54:03+00:00\" \/>\n<meta name=\"twitter:card\" content=\"summary_large_image\" \/>\n<meta name=\"twitter:label1\" content=\"Est. reading time\" \/>\n\t<meta name=\"twitter:data1\" content=\"3 minutes\" \/>\n<script type=\"application\/ld+json\" class=\"yoast-schema-graph\">{\"@context\":\"https:\/\/schema.org\",\"@graph\":[{\"@type\":\"WebPage\",\"@id\":\"https:\/\/mimvlora.al\/?page_id=104\",\"url\":\"https:\/\/mimvlora.al\/?page_id=104\",\"name\":\"Depozitimi - Menaxhimi i Integruar i Mbetjeve\",\"isPartOf\":{\"@id\":\"https:\/\/mimvlora.al\/#website\"},\"datePublished\":\"2021-01-09T22:26:44+00:00\",\"dateModified\":\"2021-02-09T14:54:03+00:00\",\"breadcrumb\":{\"@id\":\"https:\/\/mimvlora.al\/?page_id=104#breadcrumb\"},\"inLanguage\":\"en-US\",\"potentialAction\":[{\"@type\":\"ReadAction\",\"target\":[\"https:\/\/mimvlora.al\/?page_id=104\"]}]},{\"@type\":\"BreadcrumbList\",\"@id\":\"https:\/\/mimvlora.al\/?page_id=104#breadcrumb\",\"itemListElement\":[{\"@type\":\"ListItem\",\"position\":1,\"name\":\"Home\",\"item\":\"http:\/\/mimvlora.al\/\"},{\"@type\":\"ListItem\",\"position\":2,\"name\":\"Depozitimi\"}]},{\"@type\":\"WebSite\",\"@id\":\"https:\/\/mimvlora.al\/#website\",\"url\":\"https:\/\/mimvlora.al\/\",\"name\":\"Menaxhimi i Integruar i Mbetjeve\",\"description\":\"\",\"publisher\":{\"@id\":\"https:\/\/mimvlora.al\/#organization\"},\"potentialAction\":[{\"@type\":\"SearchAction\",\"target\":{\"@type\":\"EntryPoint\",\"urlTemplate\":\"https:\/\/mimvlora.al\/?s={search_term_string}\"},\"query-input\":\"required name=search_term_string\"}],\"inLanguage\":\"en-US\"},{\"@type\":\"Organization\",\"@id\":\"https:\/\/mimvlora.al\/#organization\",\"name\":\"MIM Vlora\",\"url\":\"https:\/\/mimvlora.al\/\",\"logo\":{\"@type\":\"ImageObject\",\"inLanguage\":\"en-US\",\"@id\":\"https:\/\/mimvlora.al\/#\/schema\/logo\/image\/\",\"url\":\"https:\/\/i1.wp.com\/mimvlora.al\/wp-content\/uploads\/2021\/01\/logo-1.png?fit=500%2C500&ssl=1\",\"contentUrl\":\"https:\/\/i1.wp.com\/mimvlora.al\/wp-content\/uploads\/2021\/01\/logo-1.png?fit=500%2C500&ssl=1\",\"width\":500,\"height\":500,\"caption\":\"MIM Vlora\"},\"image\":{\"@id\":\"https:\/\/mimvlora.al\/#\/schema\/logo\/image\/\"},\"sameAs\":[\"https:\/\/www.facebook.com\/Nd\u00ebrmarrja-e-Menaxhimit-t\u00eb-Integruar-t\u00eb-Mbetjeve-108024937783375\"]}]}<\/script>\n<!-- \/ Yoast SEO plugin. -->","yoast_head_json":{"title":"Depozitimi - Menaxhimi i Integruar i Mbetjeve","robots":{"index":"index","follow":"follow","max-snippet":"max-snippet:-1","max-image-preview":"max-image-preview:large","max-video-preview":"max-video-preview:-1"},"canonical":"https:\/\/mimvlora.al\/?page_id=104","og_locale":"en_US","og_type":"article","og_title":"Depozitimi - Menaxhimi i Integruar i Mbetjeve","og_description":"Ne sigurojm\u00eb nj\u00eb depozitim t\u00eb sigurt t\u00eb mbeturinave &#8220;Vet\u00ebm mbeturinat t\u00eb cilat nuk mund t\u00eb rip\u00ebrdoren dhe riciklohen depozitohen n\u00eb vendin e deponis\u00eb sanitare n\u00eb nj\u00eb m\u00ebnyr\u00eb t\u00eb till\u00eb q\u00eb t\u00eb mos d\u00ebmtojn\u00eb sh\u00ebndetin dhe mjedisin ton\u00eb&#8221; P\u00ebrkund\u00ebr t\u00eb gjitha p\u00ebrpjekjeve p\u00ebr t\u00eb zvog\u00ebluar sasin\u00eb...","og_url":"https:\/\/mimvlora.al\/?page_id=104","og_site_name":"Menaxhimi i Integruar i Mbetjeve","article_publisher":"https:\/\/www.facebook.com\/Nd%c3%abrmarrja-e-Menaxhimit-t%c3%ab-Integruar-t%c3%ab-Mbetjeve-108024937783375","article_modified_time":"2021-02-09T14:54:03+00:00","twitter_card":"summary_large_image","twitter_misc":{"Est. reading time":"3 minutes"},"schema":{"@context":"https:\/\/schema.org","@graph":[{"@type":"WebPage","@id":"https:\/\/mimvlora.al\/?page_id=104","url":"https:\/\/mimvlora.al\/?page_id=104","name":"Depozitimi - Menaxhimi i Integruar i Mbetjeve","isPartOf":{"@id":"https:\/\/mimvlora.al\/#website"},"datePublished":"2021-01-09T22:26:44+00:00","dateModified":"2021-02-09T14:54:03+00:00","breadcrumb":{"@id":"https:\/\/mimvlora.al\/?page_id=104#breadcrumb"},"inLanguage":"en-US","potentialAction":[{"@type":"ReadAction","target":["https:\/\/mimvlora.al\/?page_id=104"]}]},{"@type":"BreadcrumbList","@id":"https:\/\/mimvlora.al\/?page_id=104#breadcrumb","itemListElement":[{"@type":"ListItem","position":1,"name":"Home","item":"http:\/\/mimvlora.al\/"},{"@type":"ListItem","position":2,"name":"Depozitimi"}]},{"@type":"WebSite","@id":"https:\/\/mimvlora.al\/#website","url":"https:\/\/mimvlora.al\/","name":"Menaxhimi i Integruar i Mbetjeve","description":"","publisher":{"@id":"https:\/\/mimvlora.al\/#organization"},"potentialAction":[{"@type":"SearchAction","target":{"@type":"EntryPoint","urlTemplate":"https:\/\/mimvlora.al\/?s={search_term_string}"},"query-input":"required name=search_term_string"}],"inLanguage":"en-US"},{"@type":"Organization","@id":"https:\/\/mimvlora.al\/#organization","name":"MIM Vlora","url":"https:\/\/mimvlora.al\/","logo":{"@type":"ImageObject","inLanguage":"en-US","@id":"https:\/\/mimvlora.al\/#\/schema\/logo\/image\/","url":"https:\/\/i1.wp.com\/mimvlora.al\/wp-content\/uploads\/2021\/01\/logo-1.png?fit=500%2C500&ssl=1","contentUrl":"https:\/\/i1.wp.com\/mimvlora.al\/wp-content\/uploads\/2021\/01\/logo-1.png?fit=500%2C500&ssl=1","width":500,"height":500,"caption":"MIM Vlora"},"image":{"@id":"https:\/\/mimvlora.al\/#\/schema\/logo\/image\/"},"sameAs":["https:\/\/www.facebook.com\/Nd\u00ebrmarrja-e-Menaxhimit-t\u00eb-Integruar-t\u00eb-Mbetjeve-108024937783375"]}]}},"jetpack_sharing_enabled":true,"_links":{"self":[{"href":"https:\/\/mimvlora.al\/index.php?rest_route=\/wp\/v2\/pages\/104"}],"collection":[{"href":"https:\/\/mimvlora.al\/index.php?rest_route=\/wp\/v2\/pages"}],"about":[{"href":"https:\/\/mimvlora.al\/index.php?rest_route=\/wp\/v2\/types\/page"}],"author":[{"embeddable":true,"href":"https:\/\/mimvlora.al\/index.php?rest_route=\/wp\/v2\/users\/1"}],"replies":[{"embeddable":true,"href":"https:\/\/mimvlora.al\/index.php?rest_route=%2Fwp%2Fv2%2Fcomments&post=104"}],"version-history":[{"count":5,"href":"https:\/\/mimvlora.al\/index.php?rest_route=\/wp\/v2\/pages\/104\/revisions"}],"predecessor-version":[{"id":924,"href":"https:\/\/mimvlora.al\/index.php?rest_route=\/wp\/v2\/pages\/104\/revisions\/924"}],"wp:attachment":[{"href":"https:\/\/mimvlora.al\/index.php?rest_route=%2Fwp%2Fv2%2Fmedia&parent=104"}],"curies":[{"name":"wp","href":"https:\/\/api.w.org\/{rel}","templated":true}]}}