{"id":105,"date":"2021-01-09T22:27:05","date_gmt":"2021-01-09T22:27:05","guid":{"rendered":"https:\/\/mimvlora.al\/?page_id=105"},"modified":"2021-02-09T16:42:21","modified_gmt":"2021-02-09T16:42:21","slug":"reduktimi-i-mbetjeve","status":"publish","type":"page","link":"https:\/\/mimvlora.al\/?page_id=105","title":{"rendered":"Reduktimi i Mbetjeve"},"content":{"rendered":"\t\t<div data-elementor-type=\"wp-page\" data-elementor-id=\"105\" class=\"elementor elementor-105\">\n\t\t\t\t\t\t<section class=\"elementor-section elementor-top-section elementor-element elementor-element-10d4b37 elementor-section-boxed elementor-section-height-default elementor-section-height-default parallax_section_no qode_elementor_container_no\" data-id=\"10d4b37\" data-element_type=\"section\">\n\t\t\t\t\t\t<div class=\"elementor-container elementor-column-gap-default\">\n\t\t\t\t\t<div class=\"elementor-column elementor-col-100 elementor-top-column elementor-element elementor-element-5492dd7\" data-id=\"5492dd7\" data-element_type=\"column\">\n\t\t\t<div class=\"elementor-widget-wrap elementor-element-populated\">\n\t\t\t\t\t\t<div class=\"elementor-element elementor-element-12a890a elementor-widget elementor-widget-text-editor\" data-id=\"12a890a\" data-element_type=\"widget\" data-widget_type=\"text-editor.default\">\n\t\t\t\t<div class=\"elementor-widget-container\">\n\t\t\t\t\t\t\t<p><span style=\"font-size: 14pt;\"><strong>Reduktimi i Mbetjeve<\/strong><\/span><\/p><p>\u00a0<\/p><p>N\u00eb hierarkin\u00eb e mbetjeve, shmangia ose parandalimi i mbeturinave \u00ebsht\u00eb mjeti m\u00eb i favorsh\u00ebm p\u00ebr menaxhimin e mbeturinave.<\/p><p>N\u00eb jet\u00ebn tuaj t\u00eb p\u00ebrditshme, hapa t\u00eb vegj\u00ebl n\u00eb rutin\u00ebn tuaj p\u00ebr t\u00eb zvog\u00ebluar mbeturinat, tashm\u00eb mund t\u00eb b\u00ebjn\u00eb nj\u00eb ndryshim t\u00eb madh, disa shembuj jan\u00eb:<\/p><ul><li style=\"list-style-type: none;\"><ul><li>Shmangni apo edhe eliminoni plastik\u00ebn me nj\u00eb p\u00ebrdorim t\u00eb vet\u00ebm duke z\u00ebvend\u00ebsuar ato me produkte me p\u00ebrdorim t\u00eb gjat\u00eb, si:<ul><li>Kasht\u00eb qelqi ose metali n\u00eb vend t\u00eb kashtave plastike,<\/li><li>Kutia e drek\u00ebs n\u00eb vend t\u00eb let\u00ebr alumini ose film ushqimor,<\/li><li>\u00c7anta prej pambuku n\u00eb vend t\u00eb qeses plastike me nj\u00eb p\u00ebrdorim,<\/li><\/ul><\/li><li>Blerja e produkteve pa mb\u00ebshtjellje, p.sh. n\u00eb treg ose zgjodhi fruta dhe perime t\u00eb pakapura n\u00eb supermarket<\/li><li>B\u00ebni t\u00eb zgjas\u00eb: N\u00eb vend q\u00eb t\u00eb hidhni sendet e d\u00ebmtuara, p\u00ebrpiquni t&#8217;i riparoni p\u00ebr t\u00eb zvog\u00ebluar mbeturinat dhe p\u00ebr t\u00eb kursyer burim<\/li><\/ul><\/li><\/ul>\t\t\t\t\t\t<\/div>\n\t\t\t\t<\/div>\n\t\t\t\t\t<\/div>\n\t\t<\/div>\n\t\t\t\t\t<\/div>\n\t\t<\/section>\n\t\t\t\t<\/div>\n\t\t","protected":false},"excerpt":{"rendered":"<p>Reduktimi i Mbetjeve \u00a0 N\u00eb hierarkin\u00eb e mbetjeve, shmangia ose parandalimi i mbeturinave \u00ebsht\u00eb mjeti m\u00eb i favorsh\u00ebm p\u00ebr menaxhimin e mbeturinave. N\u00eb jet\u00ebn tuaj t\u00eb p\u00ebrditshme, hapa t\u00eb vegj\u00ebl n\u00eb rutin\u00ebn tuaj p\u00ebr t\u00eb zvog\u00ebluar mbeturinat, tashm\u00eb mund t\u00eb b\u00ebjn\u00eb nj\u00eb ndryshim t\u00eb madh,&#8230;<\/p>\n","protected":false},"author":1,"featured_media":0,"parent":0,"menu_order":0,"comment_status":"closed","ping_status":"closed","template":"","meta":{"nf_dc_page":"","footnotes":""},"yoast_head":"<!-- This site is optimized with the Yoast SEO plugin v22.1 - https:\/\/yoast.com\/wordpress\/plugins\/seo\/ -->\n<title>Reduktimi i Mbetjeve - Menaxhimi i Integruar i Mbetjeve<\/title>\n<meta name=\"robots\" content=\"index, follow, max-snippet:-1, max-image-preview:large, max-video-preview:-1\" \/>\n<link rel=\"canonical\" href=\"https:\/\/mimvlora.al\/?page_id=105\" \/>\n<meta property=\"og:locale\" content=\"en_US\" \/>\n<meta property=\"og:type\" content=\"article\" \/>\n<meta property=\"og:title\" content=\"Reduktimi i Mbetjeve - Menaxhimi i Integruar i Mbetjeve\" \/>\n<meta property=\"og:description\" content=\"Reduktimi i Mbetjeve \u00a0 N\u00eb hierarkin\u00eb e mbetjeve, shmangia ose parandalimi i mbeturinave \u00ebsht\u00eb mjeti m\u00eb i favorsh\u00ebm p\u00ebr menaxhimin e mbeturinave. N\u00eb jet\u00ebn tuaj t\u00eb p\u00ebrditshme, hapa t\u00eb vegj\u00ebl n\u00eb rutin\u00ebn tuaj p\u00ebr t\u00eb zvog\u00ebluar mbeturinat, tashm\u00eb mund t\u00eb b\u00ebjn\u00eb nj\u00eb ndryshim t\u00eb madh,...\" \/>\n<meta property=\"og:url\" content=\"https:\/\/mimvlora.al\/?page_id=105\" \/>\n<meta property=\"og:site_name\" content=\"Menaxhimi i Integruar i Mbetjeve\" \/>\n<meta property=\"article:publisher\" content=\"https:\/\/www.facebook.com\/Nd%c3%abrmarrja-e-Menaxhimit-t%c3%ab-Integruar-t%c3%ab-Mbetjeve-108024937783375\" \/>\n<meta property=\"article:modified_time\" content=\"2021-02-09T16:42:21+00:00\" \/>\n<meta name=\"twitter:card\" content=\"summary_large_image\" \/>\n<meta name=\"twitter:label1\" content=\"Est. reading time\" \/>\n\t<meta name=\"twitter:data1\" content=\"1 minute\" \/>\n<script type=\"application\/ld+json\" class=\"yoast-schema-graph\">{\"@context\":\"https:\/\/schema.org\",\"@graph\":[{\"@type\":\"WebPage\",\"@id\":\"https:\/\/mimvlora.al\/?page_id=105\",\"url\":\"https:\/\/mimvlora.al\/?page_id=105\",\"name\":\"Reduktimi i Mbetjeve - Menaxhimi i Integruar i Mbetjeve\",\"isPartOf\":{\"@id\":\"https:\/\/mimvlora.al\/#website\"},\"datePublished\":\"2021-01-09T22:27:05+00:00\",\"dateModified\":\"2021-02-09T16:42:21+00:00\",\"breadcrumb\":{\"@id\":\"https:\/\/mimvlora.al\/?page_id=105#breadcrumb\"},\"inLanguage\":\"en-US\",\"potentialAction\":[{\"@type\":\"ReadAction\",\"target\":[\"https:\/\/mimvlora.al\/?page_id=105\"]}]},{\"@type\":\"BreadcrumbList\",\"@id\":\"https:\/\/mimvlora.al\/?page_id=105#breadcrumb\",\"itemListElement\":[{\"@type\":\"ListItem\",\"position\":1,\"name\":\"Home\",\"item\":\"http:\/\/mimvlora.al\/\"},{\"@type\":\"ListItem\",\"position\":2,\"name\":\"Reduktimi i Mbetjeve\"}]},{\"@type\":\"WebSite\",\"@id\":\"https:\/\/mimvlora.al\/#website\",\"url\":\"https:\/\/mimvlora.al\/\",\"name\":\"Menaxhimi i Integruar i Mbetjeve\",\"description\":\"\",\"publisher\":{\"@id\":\"https:\/\/mimvlora.al\/#organization\"},\"potentialAction\":[{\"@type\":\"SearchAction\",\"target\":{\"@type\":\"EntryPoint\",\"urlTemplate\":\"https:\/\/mimvlora.al\/?s={search_term_string}\"},\"query-input\":\"required name=search_term_string\"}],\"inLanguage\":\"en-US\"},{\"@type\":\"Organization\",\"@id\":\"https:\/\/mimvlora.al\/#organization\",\"name\":\"MIM Vlora\",\"url\":\"https:\/\/mimvlora.al\/\",\"logo\":{\"@type\":\"ImageObject\",\"inLanguage\":\"en-US\",\"@id\":\"https:\/\/mimvlora.al\/#\/schema\/logo\/image\/\",\"url\":\"https:\/\/i1.wp.com\/mimvlora.al\/wp-content\/uploads\/2021\/01\/logo-1.png?fit=500%2C500&ssl=1\",\"contentUrl\":\"https:\/\/i1.wp.com\/mimvlora.al\/wp-content\/uploads\/2021\/01\/logo-1.png?fit=500%2C500&ssl=1\",\"width\":500,\"height\":500,\"caption\":\"MIM Vlora\"},\"image\":{\"@id\":\"https:\/\/mimvlora.al\/#\/schema\/logo\/image\/\"},\"sameAs\":[\"https:\/\/www.facebook.com\/Nd\u00ebrmarrja-e-Menaxhimit-t\u00eb-Integruar-t\u00eb-Mbetjeve-108024937783375\"]}]}<\/script>\n<!-- \/ Yoast SEO plugin. -->","yoast_head_json":{"title":"Reduktimi i Mbetjeve - Menaxhimi i Integruar i Mbetjeve","robots":{"index":"index","follow":"follow","max-snippet":"max-snippet:-1","max-image-preview":"max-image-preview:large","max-video-preview":"max-video-preview:-1"},"canonical":"https:\/\/mimvlora.al\/?page_id=105","og_locale":"en_US","og_type":"article","og_title":"Reduktimi i Mbetjeve - Menaxhimi i Integruar i Mbetjeve","og_description":"Reduktimi i Mbetjeve \u00a0 N\u00eb hierarkin\u00eb e mbetjeve, shmangia ose parandalimi i mbeturinave \u00ebsht\u00eb mjeti m\u00eb i favorsh\u00ebm p\u00ebr menaxhimin e mbeturinave. N\u00eb jet\u00ebn tuaj t\u00eb p\u00ebrditshme, hapa t\u00eb vegj\u00ebl n\u00eb rutin\u00ebn tuaj p\u00ebr t\u00eb zvog\u00ebluar mbeturinat, tashm\u00eb mund t\u00eb b\u00ebjn\u00eb nj\u00eb ndryshim t\u00eb madh,...","og_url":"https:\/\/mimvlora.al\/?page_id=105","og_site_name":"Menaxhimi i Integruar i Mbetjeve","article_publisher":"https:\/\/www.facebook.com\/Nd%c3%abrmarrja-e-Menaxhimit-t%c3%ab-Integruar-t%c3%ab-Mbetjeve-108024937783375","article_modified_time":"2021-02-09T16:42:21+00:00","twitter_card":"summary_large_image","twitter_misc":{"Est. reading time":"1 minute"},"schema":{"@context":"https:\/\/schema.org","@graph":[{"@type":"WebPage","@id":"https:\/\/mimvlora.al\/?page_id=105","url":"https:\/\/mimvlora.al\/?page_id=105","name":"Reduktimi i Mbetjeve - Menaxhimi i Integruar i Mbetjeve","isPartOf":{"@id":"https:\/\/mimvlora.al\/#website"},"datePublished":"2021-01-09T22:27:05+00:00","dateModified":"2021-02-09T16:42:21+00:00","breadcrumb":{"@id":"https:\/\/mimvlora.al\/?page_id=105#breadcrumb"},"inLanguage":"en-US","potentialAction":[{"@type":"ReadAction","target":["https:\/\/mimvlora.al\/?page_id=105"]}]},{"@type":"BreadcrumbList","@id":"https:\/\/mimvlora.al\/?page_id=105#breadcrumb","itemListElement":[{"@type":"ListItem","position":1,"name":"Home","item":"http:\/\/mimvlora.al\/"},{"@type":"ListItem","position":2,"name":"Reduktimi i Mbetjeve"}]},{"@type":"WebSite","@id":"https:\/\/mimvlora.al\/#website","url":"https:\/\/mimvlora.al\/","name":"Menaxhimi i Integruar i Mbetjeve","description":"","publisher":{"@id":"https:\/\/mimvlora.al\/#organization"},"potentialAction":[{"@type":"SearchAction","target":{"@type":"EntryPoint","urlTemplate":"https:\/\/mimvlora.al\/?s={search_term_string}"},"query-input":"required name=search_term_string"}],"inLanguage":"en-US"},{"@type":"Organization","@id":"https:\/\/mimvlora.al\/#organization","name":"MIM Vlora","url":"https:\/\/mimvlora.al\/","logo":{"@type":"ImageObject","inLanguage":"en-US","@id":"https:\/\/mimvlora.al\/#\/schema\/logo\/image\/","url":"https:\/\/i1.wp.com\/mimvlora.al\/wp-content\/uploads\/2021\/01\/logo-1.png?fit=500%2C500&ssl=1","contentUrl":"https:\/\/i1.wp.com\/mimvlora.al\/wp-content\/uploads\/2021\/01\/logo-1.png?fit=500%2C500&ssl=1","width":500,"height":500,"caption":"MIM Vlora"},"image":{"@id":"https:\/\/mimvlora.al\/#\/schema\/logo\/image\/"},"sameAs":["https:\/\/www.facebook.com\/Nd\u00ebrmarrja-e-Menaxhimit-t\u00eb-Integruar-t\u00eb-Mbetjeve-108024937783375"]}]}},"jetpack_sharing_enabled":true,"_links":{"self":[{"href":"https:\/\/mimvlora.al\/index.php?rest_route=\/wp\/v2\/pages\/105"}],"collection":[{"href":"https:\/\/mimvlora.al\/index.php?rest_route=\/wp\/v2\/pages"}],"about":[{"href":"https:\/\/mimvlora.al\/index.php?rest_route=\/wp\/v2\/types\/page"}],"author":[{"embeddable":true,"href":"https:\/\/mimvlora.al\/index.php?rest_route=\/wp\/v2\/users\/1"}],"replies":[{"embeddable":true,"href":"https:\/\/mimvlora.al\/index.php?rest_route=%2Fwp%2Fv2%2Fcomments&post=105"}],"version-history":[{"count":5,"href":"https:\/\/mimvlora.al\/index.php?rest_route=\/wp\/v2\/pages\/105\/revisions"}],"predecessor-version":[{"id":1033,"href":"https:\/\/mimvlora.al\/index.php?rest_route=\/wp\/v2\/pages\/105\/revisions\/1033"}],"wp:attachment":[{"href":"https:\/\/mimvlora.al\/index.php?rest_route=%2Fwp%2Fv2%2Fmedia&parent=105"}],"curies":[{"name":"wp","href":"https:\/\/api.w.org\/{rel}","templated":true}]}}