{"id":110,"date":"2021-01-09T22:28:16","date_gmt":"2021-01-09T22:28:16","guid":{"rendered":"https:\/\/mimvlora.al\/?page_id=110"},"modified":"2021-02-11T14:56:02","modified_gmt":"2021-02-11T14:56:02","slug":"legjislacion-nr-fuqi-dhe-dokumente-strategjike","status":"publish","type":"page","link":"https:\/\/mimvlora.al\/?page_id=110","title":{"rendered":"Legjislacion ne Fuqi dhe Dokumente Strategjike"},"content":{"rendered":"\t\t<div data-elementor-type=\"wp-page\" data-elementor-id=\"110\" class=\"elementor elementor-110\">\n\t\t\t\t\t\t<section class=\"elementor-section elementor-top-section elementor-element elementor-element-223e6b9 elementor-section-boxed elementor-section-height-default elementor-section-height-default parallax_section_no qode_elementor_container_no\" data-id=\"223e6b9\" data-element_type=\"section\">\n\t\t\t\t\t\t<div class=\"elementor-container elementor-column-gap-default\">\n\t\t\t\t\t<div class=\"elementor-column elementor-col-100 elementor-top-column elementor-element elementor-element-8c7804b\" data-id=\"8c7804b\" data-element_type=\"column\">\n\t\t\t<div class=\"elementor-widget-wrap elementor-element-populated\">\n\t\t\t\t\t\t<div class=\"elementor-element elementor-element-bd859c2 elementor-widget elementor-widget-text-editor\" data-id=\"bd859c2\" data-element_type=\"widget\" data-widget_type=\"text-editor.default\">\n\t\t\t\t<div class=\"elementor-widget-container\">\n\t\t\t\t\t\t\t<p><span style=\"font-size: 14pt;\"><strong>Legjislacion ne fuqi ne fushen e menaxhimit te mbetjeve<\/strong><\/span><\/p><p>\u00a0<\/p><ul style=\"margin-bottom: 2em;\"><li><span style=\"font-size: 12pt;\"><a href=\"https:\/\/mimvlora.al\/wp-content\/uploads\/2021\/02\/Ligj_10463_22.09.2011-PER-MENAXHIMIN-E-INTEGRUAR-TE-MBETJEVE-1.doc\">LIGJ 10<\/a><\/span><span style=\"font-size: 12pt;\"><a href=\"https:\/\/mimvlora.al\/wp-content\/uploads\/2021\/02\/Ligj_10463_22.09.2011-PER-MENAXHIMIN-E-INTEGRUAR-TE-MBETJEVE-1.doc\">463 22.09.2011 P\u00cbR MENAXHIMIN E INTEGRUAR T\u00cb MBETJEVE<\/a><\/span><\/li><li><span style=\"font-size: 12pt;\"><a href=\"https:\/\/mimvlora.al\/wp-content\/uploads\/2021\/02\/Ligji-nr.-156-DATE-10.10.2013-PER-DISA-NDRYSHIME-TE-LIGJIT-PER-MENAXHIMIN.docx\">LIGJI NR. 156 DATE 10.10.2013 P\u00cbR DISA NDRYSHIME N\u00cb LIGJIN NR.10463, DAT\u00cb 22.9.2011, \u201cP\u00cbR MENAXHIMIN E INTEGRUAR T\u00cb MBETJEVE\u201d, T\u00cb NDRYSHUAR<\/a><\/span><\/li><li><span style=\"font-size: 12pt;\"><a href=\"https:\/\/mimvlora.al\/wp-content\/uploads\/2021\/02\/Vendim-i-KM_232_26.04.2018-e-ndryshuar-PER-AMBALAZHET-DHE-MBETJET-E-TYRE.doc\">VENDIM I KM 232 26.04.2018 P\u00cbR DISA NDRYSHIME DHE SHTESA N\u00cb VENDIMIN NR. 177, DAT\u00cb 6.3.2012, T\u00cb K\u00cbSHILLIT T\u00cb MINISTRAVE, P\u00cbR AMBALAZHET DHE MBETJET E TYRE<\/a><\/span><\/li><li><span style=\"font-size: 12pt;\"><a href=\"https:\/\/mimvlora.al\/wp-content\/uploads\/2021\/02\/Vendim-i-KM_575_24.06.2015-PER-MIRATIMIN-E-KERKESAVE-PER-MENAXHIMIN-E-MBETJEVE-INERTE.doc\"><span style=\"color: var( --e-global-color-text ); font-family: var( --e-global-typography-text-font-family ), Sans-serif; font-weight: var( --e-global-typography-text-font-weight );\">VENDIM 575 24.06.2015 P\u00cbR MIRATIMIN E K\u00cbRKESAVE P\u00cbR MENAXHIMIN E MBETJEVE INERTE<\/span><\/a><\/span><\/li><li><span style=\"font-size: 12pt;\"><a href=\"https:\/\/mimvlora.al\/wp-content\/uploads\/2021\/02\/Vendim-i-KM_608_17.09.2014-PER-MASAT-E-NEVOJSHME-PER-GRUMBULLIMIN-DHE-TRAJTIMIN-E-MBETJEVE-BIO-SI-DHE-KRITERET-DHE-AFATET-PER-PAKESIMIN-E-TYRE-.doc\">VENDIM I KM 608 17.09.2014 P\u00cbR P\u00cbRCAKTIMIN E MASAVE T\u00cb NEVOJSHME P\u00cbR GRUMBULLIMIN DHE TRAJTIMIN E MBETJEVE BIO SI DHE KRITERET DHE AFATET P\u00cbR PAK\u00cbSIMIN E TYRE<\/a><\/span><\/li><li><span style=\"font-size: 12pt;\"><a href=\"https:\/\/mimvlora.al\/wp-content\/uploads\/2021\/02\/Vendim-nr.-175-date-19.01.2011-STRATEGJIA-E-PLANIT-KOMBETARE-TE-MBETJEVE.doc\">VENDIM NR. 175 DATE 19.01.2011 P\u00cbR MIRATIMIN E STRATEGJIS\u00cb KOMB\u00cbTARE T\u00cb MENAXHIMIT T\u00cb MBETJEVE DHE T\u00cb PLANIT KOMB\u00cbTAR T\u00cb MENAXHIMIT T\u00cb MBETJEVE<\/a><\/span><\/li><li><span style=\"font-size: 12pt;\"><a href=\"https:\/\/mimvlora.al\/wp-content\/uploads\/2021\/02\/Vendim-nr.-229-date-23.04.2014-Per-miratimin-e-rregullave-per-transferimin-e-mbetjeve-jo-te-rrezikshme.doc\">VENDIM NR. 229 DATE 23.04.2014 P\u00cbR MIRATIMIN E RREGULLAVE P\u00cbR TRANSFERIMIN E MBETJEVE JO T\u00cb RREZIKSHME DHE T\u00cb DOKUMENTIT T\u00cb TRANSFERIMIT T\u00cb MBETJEVE JO T\u00cb RREZIKSHME<\/a><\/span><\/li><li><span style=\"font-size: 12pt;\"><a href=\"https:\/\/mimvlora.al\/wp-content\/uploads\/2021\/02\/Vendim-nr.-333-date-26.01.2011-PER-ADMINISTRIMIN-E-VENDDEPOZITIMIT-TE-MBETJEVE-URABANE.docx\">VENDIM NR. 333 DATE 26.01.2011 P\u00cbR ADMINISTRIMIN E VEND-DEPOZITIMEVE RAJONALE T\u00cb MBETJEVE URBANE<\/a><\/span><\/li><li><span style=\"font-size: 12pt;\"><a href=\"https:\/\/mimvlora.al\/wp-content\/uploads\/2021\/02\/Vendim-nr.-418-date-25.06.2014-Per-grumbullimin-e-diferencuar-te-mbetjeve-ne-burim.docx\">VENDIM NR. 418 DATE 25.06.2014 P\u00cbR GRUMBULLIMIN E DIFERENCUAR T\u00cb MBETJEVE N\u00cb BURIM<\/a><\/span><\/li><li><span style=\"font-size: 12pt;\"><a href=\"https:\/\/mimvlora.al\/wp-content\/uploads\/2021\/02\/Vendim-nr.-452-date-11.07.2012-PER-LENDFILLIN-E-MBETJEVE.doc\">VENDIM NR. 452 DATE 11.07.2012 P\u00cbR LENDFILLET E MBETJEVE<\/a><\/span><\/li><li><span style=\"font-size: 12pt;\"><a href=\"https:\/\/mimvlora.al\/wp-content\/uploads\/2021\/02\/Vendimi-nr.319-date-31.5.2018-Per-kostot-dhe-tarifen-e-mbetjeve.pdf\">VENDIMI NR.319, DATE 31.5.2018 P\u00cbR MIRATIMIN E MASAVE P\u00cbR KOSTOT E MENAXHIMIT T\u00cb INTEGRUAR T\u00cb MBETJEVE<\/a><\/span><\/li><li><span style=\"font-size: 12pt;\"><a href=\"https:\/\/mimvlora.al\/wp-content\/uploads\/2021\/02\/Udhezim_1738_12.03.2015-MBI-KRITERET-E-STUDIM-PROJEKTIMIT-PER-REHABILITIMIN-E-VENDEPOZITIMEVE-TE-MBETJEVE-TE-NGURTA-URBANE-SI-DHE-NDERTIMIN-E-L.doc\">UDH\u00cbZIM 1738 12.03.2015 MBI KRITERET E STUDIM-PROJEKTIMIT P\u00cbR REHABILITIMIN E VEND-DEPOZITIMEVE T\u00cb MBETJEVE T\u00cb NGURTA URBANE, SI DHE ND\u00cbRTIMIN E LANDFILLEVE APO IMPIANTEVE T\u00cb TRAJTIMIT T\u00cb MBETJEVE T\u00cb NGURTA URBAN<\/a><\/span><\/li><\/ul><p><span style=\"font-size: 12pt;\">Per me teper vizitoni <a href=\"https:\/\/turizmi.gov.al\/menaxhimi-i-mbetjeve\/\" target=\"_blank\" rel=\"noopener\">Ministrine e Turizmit dhe Mjedisit<\/a><\/span><\/p><p>\u00a0<\/p><p>\u00a0<\/p><p>\u00a0<\/p>\t\t\t\t\t\t<\/div>\n\t\t\t\t<\/div>\n\t\t\t\t\t<\/div>\n\t\t<\/div>\n\t\t\t\t\t<\/div>\n\t\t<\/section>\n\t\t\t\t<\/div>\n\t\t","protected":false},"excerpt":{"rendered":"<p>Legjislacion ne fuqi ne fushen e menaxhimit te mbetjeve \u00a0 LIGJ 10463 22.09.2011 P\u00cbR MENAXHIMIN E INTEGRUAR T\u00cb MBETJEVE LIGJI NR. 156 DATE 10.10.2013 P\u00cbR DISA NDRYSHIME N\u00cb LIGJIN NR.10463, DAT\u00cb 22.9.2011, \u201cP\u00cbR MENAXHIMIN E INTEGRUAR T\u00cb MBETJEVE\u201d, T\u00cb NDRYSHUAR VENDIM I KM 232 26.04.2018&#8230;<\/p>\n","protected":false},"author":1,"featured_media":0,"parent":0,"menu_order":0,"comment_status":"closed","ping_status":"closed","template":"","meta":{"nf_dc_page":"","footnotes":""},"yoast_head":"<!-- This site is optimized with the Yoast SEO plugin v22.1 - https:\/\/yoast.com\/wordpress\/plugins\/seo\/ -->\n<title>Legjislacion ne Fuqi dhe Dokumente Strategjike - Menaxhimi i Integruar i Mbetjeve<\/title>\n<meta name=\"robots\" content=\"index, follow, max-snippet:-1, max-image-preview:large, max-video-preview:-1\" \/>\n<link rel=\"canonical\" href=\"https:\/\/mimvlora.al\/?page_id=110\" \/>\n<meta property=\"og:locale\" content=\"en_US\" \/>\n<meta property=\"og:type\" content=\"article\" \/>\n<meta property=\"og:title\" content=\"Legjislacion ne Fuqi dhe Dokumente Strategjike - Menaxhimi i Integruar i Mbetjeve\" \/>\n<meta property=\"og:description\" content=\"Legjislacion ne fuqi ne fushen e menaxhimit te mbetjeve \u00a0 LIGJ 10463 22.09.2011 P\u00cbR MENAXHIMIN E INTEGRUAR T\u00cb MBETJEVE LIGJI NR. 156 DATE 10.10.2013 P\u00cbR DISA NDRYSHIME N\u00cb LIGJIN NR.10463, DAT\u00cb 22.9.2011, \u201cP\u00cbR MENAXHIMIN E INTEGRUAR T\u00cb MBETJEVE\u201d, T\u00cb NDRYSHUAR VENDIM I KM 232 26.04.2018...\" \/>\n<meta property=\"og:url\" content=\"https:\/\/mimvlora.al\/?page_id=110\" \/>\n<meta property=\"og:site_name\" content=\"Menaxhimi i Integruar i Mbetjeve\" \/>\n<meta property=\"article:publisher\" content=\"https:\/\/www.facebook.com\/Nd%c3%abrmarrja-e-Menaxhimit-t%c3%ab-Integruar-t%c3%ab-Mbetjeve-108024937783375\" \/>\n<meta property=\"article:modified_time\" content=\"2021-02-11T14:56:02+00:00\" \/>\n<meta name=\"twitter:card\" content=\"summary_large_image\" \/>\n<meta name=\"twitter:label1\" content=\"Est. reading time\" \/>\n\t<meta name=\"twitter:data1\" content=\"2 minutes\" \/>\n<script type=\"application\/ld+json\" class=\"yoast-schema-graph\">{\"@context\":\"https:\/\/schema.org\",\"@graph\":[{\"@type\":\"WebPage\",\"@id\":\"https:\/\/mimvlora.al\/?page_id=110\",\"url\":\"https:\/\/mimvlora.al\/?page_id=110\",\"name\":\"Legjislacion ne Fuqi dhe Dokumente Strategjike - Menaxhimi i Integruar i Mbetjeve\",\"isPartOf\":{\"@id\":\"https:\/\/mimvlora.al\/#website\"},\"datePublished\":\"2021-01-09T22:28:16+00:00\",\"dateModified\":\"2021-02-11T14:56:02+00:00\",\"breadcrumb\":{\"@id\":\"https:\/\/mimvlora.al\/?page_id=110#breadcrumb\"},\"inLanguage\":\"en-US\",\"potentialAction\":[{\"@type\":\"ReadAction\",\"target\":[\"https:\/\/mimvlora.al\/?page_id=110\"]}]},{\"@type\":\"BreadcrumbList\",\"@id\":\"https:\/\/mimvlora.al\/?page_id=110#breadcrumb\",\"itemListElement\":[{\"@type\":\"ListItem\",\"position\":1,\"name\":\"Home\",\"item\":\"http:\/\/mimvlora.al\/\"},{\"@type\":\"ListItem\",\"position\":2,\"name\":\"Legjislacion ne Fuqi dhe Dokumente Strategjike\"}]},{\"@type\":\"WebSite\",\"@id\":\"https:\/\/mimvlora.al\/#website\",\"url\":\"https:\/\/mimvlora.al\/\",\"name\":\"Menaxhimi i Integruar i Mbetjeve\",\"description\":\"\",\"publisher\":{\"@id\":\"https:\/\/mimvlora.al\/#organization\"},\"potentialAction\":[{\"@type\":\"SearchAction\",\"target\":{\"@type\":\"EntryPoint\",\"urlTemplate\":\"https:\/\/mimvlora.al\/?s={search_term_string}\"},\"query-input\":\"required name=search_term_string\"}],\"inLanguage\":\"en-US\"},{\"@type\":\"Organization\",\"@id\":\"https:\/\/mimvlora.al\/#organization\",\"name\":\"MIM Vlora\",\"url\":\"https:\/\/mimvlora.al\/\",\"logo\":{\"@type\":\"ImageObject\",\"inLanguage\":\"en-US\",\"@id\":\"https:\/\/mimvlora.al\/#\/schema\/logo\/image\/\",\"url\":\"https:\/\/i1.wp.com\/mimvlora.al\/wp-content\/uploads\/2021\/01\/logo-1.png?fit=500%2C500&ssl=1\",\"contentUrl\":\"https:\/\/i1.wp.com\/mimvlora.al\/wp-content\/uploads\/2021\/01\/logo-1.png?fit=500%2C500&ssl=1\",\"width\":500,\"height\":500,\"caption\":\"MIM Vlora\"},\"image\":{\"@id\":\"https:\/\/mimvlora.al\/#\/schema\/logo\/image\/\"},\"sameAs\":[\"https:\/\/www.facebook.com\/Nd\u00ebrmarrja-e-Menaxhimit-t\u00eb-Integruar-t\u00eb-Mbetjeve-108024937783375\"]}]}<\/script>\n<!-- \/ Yoast SEO plugin. -->","yoast_head_json":{"title":"Legjislacion ne Fuqi dhe Dokumente Strategjike - Menaxhimi i Integruar i Mbetjeve","robots":{"index":"index","follow":"follow","max-snippet":"max-snippet:-1","max-image-preview":"max-image-preview:large","max-video-preview":"max-video-preview:-1"},"canonical":"https:\/\/mimvlora.al\/?page_id=110","og_locale":"en_US","og_type":"article","og_title":"Legjislacion ne Fuqi dhe Dokumente Strategjike - Menaxhimi i Integruar i Mbetjeve","og_description":"Legjislacion ne fuqi ne fushen e menaxhimit te mbetjeve \u00a0 LIGJ 10463 22.09.2011 P\u00cbR MENAXHIMIN E INTEGRUAR T\u00cb MBETJEVE LIGJI NR. 156 DATE 10.10.2013 P\u00cbR DISA NDRYSHIME N\u00cb LIGJIN NR.10463, DAT\u00cb 22.9.2011, \u201cP\u00cbR MENAXHIMIN E INTEGRUAR T\u00cb MBETJEVE\u201d, T\u00cb NDRYSHUAR VENDIM I KM 232 26.04.2018...","og_url":"https:\/\/mimvlora.al\/?page_id=110","og_site_name":"Menaxhimi i Integruar i Mbetjeve","article_publisher":"https:\/\/www.facebook.com\/Nd%c3%abrmarrja-e-Menaxhimit-t%c3%ab-Integruar-t%c3%ab-Mbetjeve-108024937783375","article_modified_time":"2021-02-11T14:56:02+00:00","twitter_card":"summary_large_image","twitter_misc":{"Est. reading time":"2 minutes"},"schema":{"@context":"https:\/\/schema.org","@graph":[{"@type":"WebPage","@id":"https:\/\/mimvlora.al\/?page_id=110","url":"https:\/\/mimvlora.al\/?page_id=110","name":"Legjislacion ne Fuqi dhe Dokumente Strategjike - Menaxhimi i Integruar i Mbetjeve","isPartOf":{"@id":"https:\/\/mimvlora.al\/#website"},"datePublished":"2021-01-09T22:28:16+00:00","dateModified":"2021-02-11T14:56:02+00:00","breadcrumb":{"@id":"https:\/\/mimvlora.al\/?page_id=110#breadcrumb"},"inLanguage":"en-US","potentialAction":[{"@type":"ReadAction","target":["https:\/\/mimvlora.al\/?page_id=110"]}]},{"@type":"BreadcrumbList","@id":"https:\/\/mimvlora.al\/?page_id=110#breadcrumb","itemListElement":[{"@type":"ListItem","position":1,"name":"Home","item":"http:\/\/mimvlora.al\/"},{"@type":"ListItem","position":2,"name":"Legjislacion ne Fuqi dhe Dokumente Strategjike"}]},{"@type":"WebSite","@id":"https:\/\/mimvlora.al\/#website","url":"https:\/\/mimvlora.al\/","name":"Menaxhimi i Integruar i Mbetjeve","description":"","publisher":{"@id":"https:\/\/mimvlora.al\/#organization"},"potentialAction":[{"@type":"SearchAction","target":{"@type":"EntryPoint","urlTemplate":"https:\/\/mimvlora.al\/?s={search_term_string}"},"query-input":"required name=search_term_string"}],"inLanguage":"en-US"},{"@type":"Organization","@id":"https:\/\/mimvlora.al\/#organization","name":"MIM Vlora","url":"https:\/\/mimvlora.al\/","logo":{"@type":"ImageObject","inLanguage":"en-US","@id":"https:\/\/mimvlora.al\/#\/schema\/logo\/image\/","url":"https:\/\/i1.wp.com\/mimvlora.al\/wp-content\/uploads\/2021\/01\/logo-1.png?fit=500%2C500&ssl=1","contentUrl":"https:\/\/i1.wp.com\/mimvlora.al\/wp-content\/uploads\/2021\/01\/logo-1.png?fit=500%2C500&ssl=1","width":500,"height":500,"caption":"MIM Vlora"},"image":{"@id":"https:\/\/mimvlora.al\/#\/schema\/logo\/image\/"},"sameAs":["https:\/\/www.facebook.com\/Nd\u00ebrmarrja-e-Menaxhimit-t\u00eb-Integruar-t\u00eb-Mbetjeve-108024937783375"]}]}},"jetpack_sharing_enabled":true,"_links":{"self":[{"href":"https:\/\/mimvlora.al\/index.php?rest_route=\/wp\/v2\/pages\/110"}],"collection":[{"href":"https:\/\/mimvlora.al\/index.php?rest_route=\/wp\/v2\/pages"}],"about":[{"href":"https:\/\/mimvlora.al\/index.php?rest_route=\/wp\/v2\/types\/page"}],"author":[{"embeddable":true,"href":"https:\/\/mimvlora.al\/index.php?rest_route=\/wp\/v2\/users\/1"}],"replies":[{"embeddable":true,"href":"https:\/\/mimvlora.al\/index.php?rest_route=%2Fwp%2Fv2%2Fcomments&post=110"}],"version-history":[{"count":5,"href":"https:\/\/mimvlora.al\/index.php?rest_route=\/wp\/v2\/pages\/110\/revisions"}],"predecessor-version":[{"id":1208,"href":"https:\/\/mimvlora.al\/index.php?rest_route=\/wp\/v2\/pages\/110\/revisions\/1208"}],"wp:attachment":[{"href":"https:\/\/mimvlora.al\/index.php?rest_route=%2Fwp%2Fv2%2Fmedia&parent=110"}],"curies":[{"name":"wp","href":"https:\/\/api.w.org\/{rel}","templated":true}]}}