{"id":157,"date":"2021-01-12T10:24:19","date_gmt":"2021-01-12T10:24:19","guid":{"rendered":"https:\/\/mimvlora.al\/?page_id=157"},"modified":"2021-02-09T16:19:00","modified_gmt":"2021-02-09T16:19:00","slug":"separate-collection-of-green-waste","status":"publish","type":"page","link":"https:\/\/mimvlora.al\/?page_id=157&lang=en","title":{"rendered":"Separate Collection of Green Waste"},"content":{"rendered":"\t\t<div data-elementor-type=\"wp-page\" data-elementor-id=\"157\" class=\"elementor elementor-157\">\n\t\t\t\t\t\t<section class=\"elementor-section elementor-top-section elementor-element elementor-element-3c1a3547 elementor-section-boxed elementor-section-height-default elementor-section-height-default parallax_section_no qode_elementor_container_no\" data-id=\"3c1a3547\" data-element_type=\"section\">\n\t\t\t\t\t\t<div class=\"elementor-container elementor-column-gap-default\">\n\t\t\t\t\t<div class=\"elementor-column elementor-col-100 elementor-top-column elementor-element elementor-element-21066fe5\" data-id=\"21066fe5\" data-element_type=\"column\">\n\t\t\t<div class=\"elementor-widget-wrap elementor-element-populated\">\n\t\t\t\t\t\t<div class=\"elementor-element elementor-element-615e8625 elementor-widget elementor-widget-text-editor\" data-id=\"615e8625\" data-element_type=\"widget\" data-widget_type=\"text-editor.default\">\n\t\t\t\t<div class=\"elementor-widget-container\">\n\t\t\t\t\t\t\t<!-- wp:paragraph {\"fontSize\":\"medium\"} -->\n<p class=\"has-medium-font-size\" style=\"text-align: justify;\"><strong>SEPARATE COLLECTION OF GREEN WASTE<\/strong><\/p>\n<!-- \/wp:paragraph --><!-- wp:html -->\n<p style=\"text-align: justify;\">\u00a0<\/p>\n<!-- \/wp:html --><!-- wp:paragraph -->\n<p style=\"text-align: justify;\">Separate collection of any waste fraction means a change in behaviour of citizens. The experiences in other countries have shown that it is a long-lasting process. Therefore, with a pilot project, we are going to test the organisation and execution of the separate collection in order to find out the most suitable system for our region.<\/p>\n<p>\u00a0<\/p>\n<!-- \/wp:paragraph --><!-- wp:paragraph -->\n<p style=\"text-align: justify;\">You can help make the pilot successful by separating the organic waste from the other waste correctly as shown in the figure\u2013 don\u2019t hesitate to <strong>contact us<\/strong>, in case of questions.<\/p>\n<p>\u00a0<\/p>\n<!-- \/wp:paragraph --><!-- wp:paragraph -->\n<p style=\"text-align: justify;\"><strong>Organic waste suitable for composting:<\/strong><\/p>\n<!-- \/wp:paragraph --><!-- wp:image {\"align\":\"center\",\"id\":821,\"width\":485,\"height\":318,\"sizeSlug\":\"large\",\"linkDestination\":\"none\"} -->\n<div class=\"wp-block-image\" style=\"text-align: justify;\">\n<figure class=\"aligncenter size-large is-resized\"><img fetchpriority=\"high\" decoding=\"async\" class=\"wp-image-821\" src=\"https:\/\/i0.wp.com\/mimvlora.al\/wp-content\/uploads\/2021\/02\/organic-waste-2.png?resize=485%2C318&#038;ssl=1\" alt=\"\" width=\"485\" height=\"318\" data-recalc-dims=\"1\" srcset=\"https:\/\/i0.wp.com\/mimvlora.al\/wp-content\/uploads\/2021\/02\/organic-waste-2.png?w=647&amp;ssl=1 647w, https:\/\/i0.wp.com\/mimvlora.al\/wp-content\/uploads\/2021\/02\/organic-waste-2.png?resize=300%2C197&amp;ssl=1 300w\" sizes=\"(max-width: 485px) 100vw, 485px\" \/><\/figure>\n<\/div>\n<!-- \/wp:image --><!-- wp:paragraph {\"align\":\"center\"} -->\n<p class=\"has-text-align-center\" style=\"text-align: center;\">Figure 1\u00a0\u00a0\u00a0\u00a0\u00a0 Organic waste suitable and not suitable for separate collection and composting<\/p>\n<p>\u00a0<\/p>\n<!-- \/wp:paragraph --><!-- wp:paragraph -->\n<p style=\"text-align: justify;\"><strong>Bioplastic<\/strong>: More and more bio-based plastic material is developed. Theoretically most of them can be composted as they are composed of organic material other than petroleum-based. Nevertheless, in practice, the material is to stable to be decomposed in a reasonable time. It is not yet advisable to dispose those materials with your organic waste \u2013 also not for home composting. For now, bio-based plastic material shall be disposed as general waste.<\/p>\n<p>\u00a0<\/p>\n<p>\u00a0<\/p>\n<!-- \/wp:paragraph --><!-- wp:paragraph -->\n<p style=\"text-align: justify;\">\u00a0<\/p>\n<!-- \/wp:paragraph -->\t\t\t\t\t\t<\/div>\n\t\t\t\t<\/div>\n\t\t\t\t\t<\/div>\n\t\t<\/div>\n\t\t\t\t\t<\/div>\n\t\t<\/section>\n\t\t\t\t<\/div>\n\t\t","protected":false},"excerpt":{"rendered":"<p>SEPARATE COLLECTION OF GREEN WASTE &nbsp; Separate collection of any waste fraction means a change in behaviour of citizens. The experiences in other countries have shown that it is a long-lasting process. Therefore, with a pilot project, we are going to test the organisation and&#8230;<\/p>\n","protected":false},"author":1,"featured_media":0,"parent":0,"menu_order":0,"comment_status":"closed","ping_status":"closed","template":"","meta":{"nf_dc_page":"","footnotes":""},"yoast_head":"<!-- This site is optimized with the Yoast SEO plugin v22.1 - https:\/\/yoast.com\/wordpress\/plugins\/seo\/ -->\n<title>Separate Collection of Green Waste - Menaxhimi i Integruar i Mbetjeve<\/title>\n<meta name=\"robots\" content=\"index, follow, max-snippet:-1, max-image-preview:large, max-video-preview:-1\" \/>\n<link rel=\"canonical\" href=\"https:\/\/mimvlora.al\/?page_id=157&lang=en\" \/>\n<meta property=\"og:locale\" content=\"en_US\" \/>\n<meta property=\"og:type\" content=\"article\" \/>\n<meta property=\"og:title\" content=\"Separate Collection of Green Waste - Menaxhimi i Integruar i Mbetjeve\" \/>\n<meta property=\"og:description\" content=\"SEPARATE COLLECTION OF GREEN WASTE &nbsp; Separate collection of any waste fraction means a change in behaviour of citizens. The experiences in other countries have shown that it is a long-lasting process. Therefore, with a pilot project, we are going to test the organisation and...\" \/>\n<meta property=\"og:url\" content=\"https:\/\/mimvlora.al\/?page_id=157&amp;lang=en\" \/>\n<meta property=\"og:site_name\" content=\"Menaxhimi i Integruar i Mbetjeve\" \/>\n<meta property=\"article:publisher\" content=\"https:\/\/www.facebook.com\/Nd%c3%abrmarrja-e-Menaxhimit-t%c3%ab-Integruar-t%c3%ab-Mbetjeve-108024937783375\" \/>\n<meta property=\"article:modified_time\" content=\"2021-02-09T16:19:00+00:00\" \/>\n<meta property=\"og:image\" content=\"https:\/\/mimvlora.al\/wp-content\/uploads\/2021\/02\/organic-waste-2.png\" \/>\n<meta name=\"twitter:card\" content=\"summary_large_image\" \/>\n<meta name=\"twitter:label1\" content=\"Est. reading time\" \/>\n\t<meta name=\"twitter:data1\" content=\"2 minutes\" \/>\n<script type=\"application\/ld+json\" class=\"yoast-schema-graph\">{\"@context\":\"https:\/\/schema.org\",\"@graph\":[{\"@type\":\"WebPage\",\"@id\":\"https:\/\/mimvlora.al\/?page_id=157&lang=en\",\"url\":\"https:\/\/mimvlora.al\/?page_id=157&lang=en\",\"name\":\"Separate Collection of Green Waste - Menaxhimi i Integruar i Mbetjeve\",\"isPartOf\":{\"@id\":\"https:\/\/mimvlora.al\/#website\"},\"datePublished\":\"2021-01-12T10:24:19+00:00\",\"dateModified\":\"2021-02-09T16:19:00+00:00\",\"breadcrumb\":{\"@id\":\"https:\/\/mimvlora.al\/?page_id=157&lang=en#breadcrumb\"},\"inLanguage\":\"en-US\",\"potentialAction\":[{\"@type\":\"ReadAction\",\"target\":[\"https:\/\/mimvlora.al\/?page_id=157&lang=en\"]}]},{\"@type\":\"BreadcrumbList\",\"@id\":\"https:\/\/mimvlora.al\/?page_id=157&lang=en#breadcrumb\",\"itemListElement\":[{\"@type\":\"ListItem\",\"position\":1,\"name\":\"Home\",\"item\":\"http:\/\/mimvlora.al\/\"},{\"@type\":\"ListItem\",\"position\":2,\"name\":\"Separate Collection of Green Waste\"}]},{\"@type\":\"WebSite\",\"@id\":\"https:\/\/mimvlora.al\/#website\",\"url\":\"https:\/\/mimvlora.al\/\",\"name\":\"Menaxhimi i Integruar i Mbetjeve\",\"description\":\"\",\"publisher\":{\"@id\":\"https:\/\/mimvlora.al\/#organization\"},\"potentialAction\":[{\"@type\":\"SearchAction\",\"target\":{\"@type\":\"EntryPoint\",\"urlTemplate\":\"https:\/\/mimvlora.al\/?s={search_term_string}\"},\"query-input\":\"required name=search_term_string\"}],\"inLanguage\":\"en-US\"},{\"@type\":\"Organization\",\"@id\":\"https:\/\/mimvlora.al\/#organization\",\"name\":\"MIM Vlora\",\"url\":\"https:\/\/mimvlora.al\/\",\"logo\":{\"@type\":\"ImageObject\",\"inLanguage\":\"en-US\",\"@id\":\"https:\/\/mimvlora.al\/#\/schema\/logo\/image\/\",\"url\":\"https:\/\/i1.wp.com\/mimvlora.al\/wp-content\/uploads\/2021\/01\/logo-1.png?fit=500%2C500&ssl=1\",\"contentUrl\":\"https:\/\/i1.wp.com\/mimvlora.al\/wp-content\/uploads\/2021\/01\/logo-1.png?fit=500%2C500&ssl=1\",\"width\":500,\"height\":500,\"caption\":\"MIM Vlora\"},\"image\":{\"@id\":\"https:\/\/mimvlora.al\/#\/schema\/logo\/image\/\"},\"sameAs\":[\"https:\/\/www.facebook.com\/Nd\u00ebrmarrja-e-Menaxhimit-t\u00eb-Integruar-t\u00eb-Mbetjeve-108024937783375\"]}]}<\/script>\n<!-- \/ Yoast SEO plugin. -->","yoast_head_json":{"title":"Separate Collection of Green Waste - Menaxhimi i Integruar i Mbetjeve","robots":{"index":"index","follow":"follow","max-snippet":"max-snippet:-1","max-image-preview":"max-image-preview:large","max-video-preview":"max-video-preview:-1"},"canonical":"https:\/\/mimvlora.al\/?page_id=157&lang=en","og_locale":"en_US","og_type":"article","og_title":"Separate Collection of Green Waste - Menaxhimi i Integruar i Mbetjeve","og_description":"SEPARATE COLLECTION OF GREEN WASTE &nbsp; Separate collection of any waste fraction means a change in behaviour of citizens. The experiences in other countries have shown that it is a long-lasting process. Therefore, with a pilot project, we are going to test the organisation and...","og_url":"https:\/\/mimvlora.al\/?page_id=157&lang=en","og_site_name":"Menaxhimi i Integruar i Mbetjeve","article_publisher":"https:\/\/www.facebook.com\/Nd%c3%abrmarrja-e-Menaxhimit-t%c3%ab-Integruar-t%c3%ab-Mbetjeve-108024937783375","article_modified_time":"2021-02-09T16:19:00+00:00","og_image":[{"url":"https:\/\/mimvlora.al\/wp-content\/uploads\/2021\/02\/organic-waste-2.png"}],"twitter_card":"summary_large_image","twitter_misc":{"Est. reading time":"2 minutes"},"schema":{"@context":"https:\/\/schema.org","@graph":[{"@type":"WebPage","@id":"https:\/\/mimvlora.al\/?page_id=157&lang=en","url":"https:\/\/mimvlora.al\/?page_id=157&lang=en","name":"Separate Collection of Green Waste - Menaxhimi i Integruar i Mbetjeve","isPartOf":{"@id":"https:\/\/mimvlora.al\/#website"},"datePublished":"2021-01-12T10:24:19+00:00","dateModified":"2021-02-09T16:19:00+00:00","breadcrumb":{"@id":"https:\/\/mimvlora.al\/?page_id=157&lang=en#breadcrumb"},"inLanguage":"en-US","potentialAction":[{"@type":"ReadAction","target":["https:\/\/mimvlora.al\/?page_id=157&lang=en"]}]},{"@type":"BreadcrumbList","@id":"https:\/\/mimvlora.al\/?page_id=157&lang=en#breadcrumb","itemListElement":[{"@type":"ListItem","position":1,"name":"Home","item":"http:\/\/mimvlora.al\/"},{"@type":"ListItem","position":2,"name":"Separate Collection of Green Waste"}]},{"@type":"WebSite","@id":"https:\/\/mimvlora.al\/#website","url":"https:\/\/mimvlora.al\/","name":"Menaxhimi i Integruar i Mbetjeve","description":"","publisher":{"@id":"https:\/\/mimvlora.al\/#organization"},"potentialAction":[{"@type":"SearchAction","target":{"@type":"EntryPoint","urlTemplate":"https:\/\/mimvlora.al\/?s={search_term_string}"},"query-input":"required name=search_term_string"}],"inLanguage":"en-US"},{"@type":"Organization","@id":"https:\/\/mimvlora.al\/#organization","name":"MIM Vlora","url":"https:\/\/mimvlora.al\/","logo":{"@type":"ImageObject","inLanguage":"en-US","@id":"https:\/\/mimvlora.al\/#\/schema\/logo\/image\/","url":"https:\/\/i1.wp.com\/mimvlora.al\/wp-content\/uploads\/2021\/01\/logo-1.png?fit=500%2C500&ssl=1","contentUrl":"https:\/\/i1.wp.com\/mimvlora.al\/wp-content\/uploads\/2021\/01\/logo-1.png?fit=500%2C500&ssl=1","width":500,"height":500,"caption":"MIM Vlora"},"image":{"@id":"https:\/\/mimvlora.al\/#\/schema\/logo\/image\/"},"sameAs":["https:\/\/www.facebook.com\/Nd\u00ebrmarrja-e-Menaxhimit-t\u00eb-Integruar-t\u00eb-Mbetjeve-108024937783375"]}]}},"jetpack_sharing_enabled":true,"_links":{"self":[{"href":"https:\/\/mimvlora.al\/index.php?rest_route=\/wp\/v2\/pages\/157"}],"collection":[{"href":"https:\/\/mimvlora.al\/index.php?rest_route=\/wp\/v2\/pages"}],"about":[{"href":"https:\/\/mimvlora.al\/index.php?rest_route=\/wp\/v2\/types\/page"}],"author":[{"embeddable":true,"href":"https:\/\/mimvlora.al\/index.php?rest_route=\/wp\/v2\/users\/1"}],"replies":[{"embeddable":true,"href":"https:\/\/mimvlora.al\/index.php?rest_route=%2Fwp%2Fv2%2Fcomments&post=157"}],"version-history":[{"count":5,"href":"https:\/\/mimvlora.al\/index.php?rest_route=\/wp\/v2\/pages\/157\/revisions"}],"predecessor-version":[{"id":990,"href":"https:\/\/mimvlora.al\/index.php?rest_route=\/wp\/v2\/pages\/157\/revisions\/990"}],"wp:attachment":[{"href":"https:\/\/mimvlora.al\/index.php?rest_route=%2Fwp%2Fv2%2Fmedia&parent=157"}],"curies":[{"name":"wp","href":"https:\/\/api.w.org\/{rel}","templated":true}]}}