{"id":172,"date":"2021-01-12T10:28:05","date_gmt":"2021-01-12T10:28:05","guid":{"rendered":"https:\/\/mimvlora.al\/?page_id=172"},"modified":"2021-02-09T16:40:16","modified_gmt":"2021-02-09T16:40:16","slug":"material-recovery-facility-mrf","status":"publish","type":"page","link":"https:\/\/mimvlora.al\/?page_id=172&lang=en","title":{"rendered":"Material Recovery Facility (MRF)"},"content":{"rendered":"\t\t<div data-elementor-type=\"wp-page\" data-elementor-id=\"172\" class=\"elementor elementor-172\">\n\t\t\t\t\t\t<section class=\"elementor-section elementor-top-section elementor-element elementor-element-2aa1aefd elementor-section-boxed elementor-section-height-default elementor-section-height-default parallax_section_no qode_elementor_container_no\" data-id=\"2aa1aefd\" data-element_type=\"section\">\n\t\t\t\t\t\t<div class=\"elementor-container elementor-column-gap-default\">\n\t\t\t\t\t<div class=\"elementor-column elementor-col-100 elementor-top-column elementor-element elementor-element-3d9aca3b\" data-id=\"3d9aca3b\" data-element_type=\"column\">\n\t\t\t<div class=\"elementor-widget-wrap elementor-element-populated\">\n\t\t\t\t\t\t<div class=\"elementor-element elementor-element-b642b9e elementor-widget elementor-widget-text-editor\" data-id=\"b642b9e\" data-element_type=\"widget\" data-widget_type=\"text-editor.default\">\n\t\t\t\t<div class=\"elementor-widget-container\">\n\t\t\t\t\t\t\t<!-- wp:paragraph {\"fontSize\":\"medium\"} -->\n<p class=\"has-medium-font-size\"><strong>MATERIAL RECOVERY FACILITY (MRF)<\/strong><\/p>\n<!-- \/wp:paragraph --><!-- wp:html -->\n<p>\u00a0<\/p>\n<!-- \/wp:html --><!-- wp:paragraph -->\n<p>We operate a so-called Material Recovery Facility (MRF) in Sherisht\u00eb to prepare the recyclable materials for recycling. At this facility, two streams of waste are treated:<\/p>\n<!-- \/wp:paragraph --><!-- wp:list -->\n<ul>\n<li style=\"list-style-type: none;\">\n<ul>\n<li style=\"list-style-type: none;\">\n<ul>\n<li>Mixed waste from all other areas in Vlor\u0451 and Selenic\u0451 Municipalities<\/li>\n<li>Source segregated and separately collected waste from the pilot area in Vlor\u0451 City<\/li>\n<li>\u00a0<\/li>\n<\/ul>\n<\/li>\n<\/ul>\n<\/li>\n<\/ul>\n<!-- \/wp:list --><!-- wp:paragraph -->\n<p>The treatment of mixed waste is an interim solution until the separate collection of recyclables will be implemented in the entire Waste Zone. The quality and quantity of recyclables sorted out from the mixed waste streams is low due to contamination of recyclables with other waste fractions.<\/p>\n<p>\u00a0<\/p>\n<!-- \/wp:paragraph --><!-- wp:paragraph -->\n<p>If collected separately, the recyclable materials have a higher value and can be transformed into qualitative secondary raw materials. By using these secondary raw materials, more goods similar to those recycled can be produced and natural resources can be protected. Therefore, the Albanian and EU regulations require the separate collection of recyclable materials.<\/p>\n<p>\u00a0<\/p>\n<!-- \/wp:paragraph --><!-- wp:paragraph -->\n<p>At the MRF, various technologies will be used to sort out recyclable materials into various fractions.<\/p>\n<!-- \/wp:paragraph --><!-- wp:list -->\n<ul>\n<li style=\"list-style-type: none;\">\n<ul>\n<li style=\"list-style-type: none;\">\n<ul>\n<li>after receiving the waste, the bulky materials and impurities that may hinder the further process are sorted out.<\/li>\n<li>a bag opener opens the bags and loosen the waste for the next step<\/li>\n<li>a trommel screen separates the waste into two fractions<\/li>\n<li>from the undersize and oversize fractions, metals are sorted out by a magnet separator<\/li>\n<li>from the oversize fraction, the valuable materials sorted out manually on a sorting band<\/li>\n<li>\u00a0<\/li>\n<\/ul>\n<\/li>\n<\/ul>\n<\/li>\n<\/ul>\n<!-- \/wp:list --><!-- wp:paragraph -->\n<p>Following this sorting process, the recyclable materials are prepared for further transport to recycling industry, while the residuals are delivered to the nearby landfill.<\/p>\n<p>\u00a0<\/p>\n<p>\u00a0<\/p>\n<!-- \/wp:paragraph --><!-- wp:paragraph -->\n<p>\u00a0<\/p>\n<!-- \/wp:paragraph -->\t\t\t\t\t\t<\/div>\n\t\t\t\t<\/div>\n\t\t\t\t\t<\/div>\n\t\t<\/div>\n\t\t\t\t\t<\/div>\n\t\t<\/section>\n\t\t\t\t<\/div>\n\t\t","protected":false},"excerpt":{"rendered":"<p>MATERIAL RECOVERY FACILITY (MRF) &nbsp; We operate a so-called Material Recovery Facility (MRF) in Sherisht\u00eb to prepare the recyclable materials for recycling. At this facility, two streams of waste are treated: Mixed waste from all other areas in Vlor\u0451 and Selenic\u0451 Municipalities Source segregated and&#8230;<\/p>\n","protected":false},"author":1,"featured_media":0,"parent":0,"menu_order":0,"comment_status":"closed","ping_status":"closed","template":"","meta":{"nf_dc_page":"","footnotes":""},"yoast_head":"<!-- This site is optimized with the Yoast SEO plugin v22.1 - https:\/\/yoast.com\/wordpress\/plugins\/seo\/ -->\n<title>Material Recovery Facility (MRF) - Menaxhimi i Integruar i Mbetjeve<\/title>\n<meta name=\"robots\" content=\"index, follow, max-snippet:-1, max-image-preview:large, max-video-preview:-1\" \/>\n<link rel=\"canonical\" href=\"https:\/\/mimvlora.al\/?page_id=172&lang=en\" \/>\n<meta property=\"og:locale\" content=\"en_US\" \/>\n<meta property=\"og:type\" content=\"article\" \/>\n<meta property=\"og:title\" content=\"Material Recovery Facility (MRF) - Menaxhimi i Integruar i Mbetjeve\" \/>\n<meta property=\"og:description\" content=\"MATERIAL RECOVERY FACILITY (MRF) &nbsp; We operate a so-called Material Recovery Facility (MRF) in Sherisht\u00eb to prepare the recyclable materials for recycling. At this facility, two streams of waste are treated: Mixed waste from all other areas in Vlor\u0451 and Selenic\u0451 Municipalities Source segregated and...\" \/>\n<meta property=\"og:url\" content=\"https:\/\/mimvlora.al\/?page_id=172&amp;lang=en\" \/>\n<meta property=\"og:site_name\" content=\"Menaxhimi i Integruar i Mbetjeve\" \/>\n<meta property=\"article:publisher\" content=\"https:\/\/www.facebook.com\/Nd%c3%abrmarrja-e-Menaxhimit-t%c3%ab-Integruar-t%c3%ab-Mbetjeve-108024937783375\" \/>\n<meta property=\"article:modified_time\" content=\"2021-02-09T16:40:16+00:00\" \/>\n<meta name=\"twitter:card\" content=\"summary_large_image\" \/>\n<meta name=\"twitter:label1\" content=\"Est. reading time\" \/>\n\t<meta name=\"twitter:data1\" content=\"2 minutes\" \/>\n<script type=\"application\/ld+json\" class=\"yoast-schema-graph\">{\"@context\":\"https:\/\/schema.org\",\"@graph\":[{\"@type\":\"WebPage\",\"@id\":\"https:\/\/mimvlora.al\/?page_id=172&lang=en\",\"url\":\"https:\/\/mimvlora.al\/?page_id=172&lang=en\",\"name\":\"Material Recovery Facility (MRF) - Menaxhimi i Integruar i Mbetjeve\",\"isPartOf\":{\"@id\":\"https:\/\/mimvlora.al\/#website\"},\"datePublished\":\"2021-01-12T10:28:05+00:00\",\"dateModified\":\"2021-02-09T16:40:16+00:00\",\"breadcrumb\":{\"@id\":\"https:\/\/mimvlora.al\/?page_id=172&lang=en#breadcrumb\"},\"inLanguage\":\"en-US\",\"potentialAction\":[{\"@type\":\"ReadAction\",\"target\":[\"https:\/\/mimvlora.al\/?page_id=172&lang=en\"]}]},{\"@type\":\"BreadcrumbList\",\"@id\":\"https:\/\/mimvlora.al\/?page_id=172&lang=en#breadcrumb\",\"itemListElement\":[{\"@type\":\"ListItem\",\"position\":1,\"name\":\"Home\",\"item\":\"http:\/\/mimvlora.al\/\"},{\"@type\":\"ListItem\",\"position\":2,\"name\":\"Material Recovery Facility (MRF)\"}]},{\"@type\":\"WebSite\",\"@id\":\"https:\/\/mimvlora.al\/#website\",\"url\":\"https:\/\/mimvlora.al\/\",\"name\":\"Menaxhimi i Integruar i Mbetjeve\",\"description\":\"\",\"publisher\":{\"@id\":\"https:\/\/mimvlora.al\/#organization\"},\"potentialAction\":[{\"@type\":\"SearchAction\",\"target\":{\"@type\":\"EntryPoint\",\"urlTemplate\":\"https:\/\/mimvlora.al\/?s={search_term_string}\"},\"query-input\":\"required name=search_term_string\"}],\"inLanguage\":\"en-US\"},{\"@type\":\"Organization\",\"@id\":\"https:\/\/mimvlora.al\/#organization\",\"name\":\"MIM Vlora\",\"url\":\"https:\/\/mimvlora.al\/\",\"logo\":{\"@type\":\"ImageObject\",\"inLanguage\":\"en-US\",\"@id\":\"https:\/\/mimvlora.al\/#\/schema\/logo\/image\/\",\"url\":\"https:\/\/i1.wp.com\/mimvlora.al\/wp-content\/uploads\/2021\/01\/logo-1.png?fit=500%2C500&ssl=1\",\"contentUrl\":\"https:\/\/i1.wp.com\/mimvlora.al\/wp-content\/uploads\/2021\/01\/logo-1.png?fit=500%2C500&ssl=1\",\"width\":500,\"height\":500,\"caption\":\"MIM Vlora\"},\"image\":{\"@id\":\"https:\/\/mimvlora.al\/#\/schema\/logo\/image\/\"},\"sameAs\":[\"https:\/\/www.facebook.com\/Nd\u00ebrmarrja-e-Menaxhimit-t\u00eb-Integruar-t\u00eb-Mbetjeve-108024937783375\"]}]}<\/script>\n<!-- \/ Yoast SEO plugin. -->","yoast_head_json":{"title":"Material Recovery Facility (MRF) - Menaxhimi i Integruar i Mbetjeve","robots":{"index":"index","follow":"follow","max-snippet":"max-snippet:-1","max-image-preview":"max-image-preview:large","max-video-preview":"max-video-preview:-1"},"canonical":"https:\/\/mimvlora.al\/?page_id=172&lang=en","og_locale":"en_US","og_type":"article","og_title":"Material Recovery Facility (MRF) - Menaxhimi i Integruar i Mbetjeve","og_description":"MATERIAL RECOVERY FACILITY (MRF) &nbsp; We operate a so-called Material Recovery Facility (MRF) in Sherisht\u00eb to prepare the recyclable materials for recycling. At this facility, two streams of waste are treated: Mixed waste from all other areas in Vlor\u0451 and Selenic\u0451 Municipalities Source segregated and...","og_url":"https:\/\/mimvlora.al\/?page_id=172&lang=en","og_site_name":"Menaxhimi i Integruar i Mbetjeve","article_publisher":"https:\/\/www.facebook.com\/Nd%c3%abrmarrja-e-Menaxhimit-t%c3%ab-Integruar-t%c3%ab-Mbetjeve-108024937783375","article_modified_time":"2021-02-09T16:40:16+00:00","twitter_card":"summary_large_image","twitter_misc":{"Est. reading time":"2 minutes"},"schema":{"@context":"https:\/\/schema.org","@graph":[{"@type":"WebPage","@id":"https:\/\/mimvlora.al\/?page_id=172&lang=en","url":"https:\/\/mimvlora.al\/?page_id=172&lang=en","name":"Material Recovery Facility (MRF) - Menaxhimi i Integruar i Mbetjeve","isPartOf":{"@id":"https:\/\/mimvlora.al\/#website"},"datePublished":"2021-01-12T10:28:05+00:00","dateModified":"2021-02-09T16:40:16+00:00","breadcrumb":{"@id":"https:\/\/mimvlora.al\/?page_id=172&lang=en#breadcrumb"},"inLanguage":"en-US","potentialAction":[{"@type":"ReadAction","target":["https:\/\/mimvlora.al\/?page_id=172&lang=en"]}]},{"@type":"BreadcrumbList","@id":"https:\/\/mimvlora.al\/?page_id=172&lang=en#breadcrumb","itemListElement":[{"@type":"ListItem","position":1,"name":"Home","item":"http:\/\/mimvlora.al\/"},{"@type":"ListItem","position":2,"name":"Material Recovery Facility (MRF)"}]},{"@type":"WebSite","@id":"https:\/\/mimvlora.al\/#website","url":"https:\/\/mimvlora.al\/","name":"Menaxhimi i Integruar i Mbetjeve","description":"","publisher":{"@id":"https:\/\/mimvlora.al\/#organization"},"potentialAction":[{"@type":"SearchAction","target":{"@type":"EntryPoint","urlTemplate":"https:\/\/mimvlora.al\/?s={search_term_string}"},"query-input":"required name=search_term_string"}],"inLanguage":"en-US"},{"@type":"Organization","@id":"https:\/\/mimvlora.al\/#organization","name":"MIM Vlora","url":"https:\/\/mimvlora.al\/","logo":{"@type":"ImageObject","inLanguage":"en-US","@id":"https:\/\/mimvlora.al\/#\/schema\/logo\/image\/","url":"https:\/\/i1.wp.com\/mimvlora.al\/wp-content\/uploads\/2021\/01\/logo-1.png?fit=500%2C500&ssl=1","contentUrl":"https:\/\/i1.wp.com\/mimvlora.al\/wp-content\/uploads\/2021\/01\/logo-1.png?fit=500%2C500&ssl=1","width":500,"height":500,"caption":"MIM Vlora"},"image":{"@id":"https:\/\/mimvlora.al\/#\/schema\/logo\/image\/"},"sameAs":["https:\/\/www.facebook.com\/Nd\u00ebrmarrja-e-Menaxhimit-t\u00eb-Integruar-t\u00eb-Mbetjeve-108024937783375"]}]}},"jetpack_sharing_enabled":true,"_links":{"self":[{"href":"https:\/\/mimvlora.al\/index.php?rest_route=\/wp\/v2\/pages\/172"}],"collection":[{"href":"https:\/\/mimvlora.al\/index.php?rest_route=\/wp\/v2\/pages"}],"about":[{"href":"https:\/\/mimvlora.al\/index.php?rest_route=\/wp\/v2\/types\/page"}],"author":[{"embeddable":true,"href":"https:\/\/mimvlora.al\/index.php?rest_route=\/wp\/v2\/users\/1"}],"replies":[{"embeddable":true,"href":"https:\/\/mimvlora.al\/index.php?rest_route=%2Fwp%2Fv2%2Fcomments&post=172"}],"version-history":[{"count":5,"href":"https:\/\/mimvlora.al\/index.php?rest_route=\/wp\/v2\/pages\/172\/revisions"}],"predecessor-version":[{"id":1029,"href":"https:\/\/mimvlora.al\/index.php?rest_route=\/wp\/v2\/pages\/172\/revisions\/1029"}],"wp:attachment":[{"href":"https:\/\/mimvlora.al\/index.php?rest_route=%2Fwp%2Fv2%2Fmedia&parent=172"}],"curies":[{"name":"wp","href":"https:\/\/api.w.org\/{rel}","templated":true}]}}