{"id":196,"date":"2021-01-12T10:33:15","date_gmt":"2021-01-12T10:33:15","guid":{"rendered":"https:\/\/mimvlora.al\/?page_id=196"},"modified":"2021-02-11T15:02:33","modified_gmt":"2021-02-11T15:02:33","slug":"legislation-and-strategic-documents","status":"publish","type":"page","link":"https:\/\/mimvlora.al\/?page_id=196&lang=en","title":{"rendered":"Legislation and Strategic Documents"},"content":{"rendered":"\t\t<div data-elementor-type=\"wp-page\" data-elementor-id=\"196\" class=\"elementor elementor-196\">\n\t\t\t\t\t\t<section class=\"elementor-section elementor-top-section elementor-element elementor-element-70bda2d elementor-section-boxed elementor-section-height-default elementor-section-height-default parallax_section_no qode_elementor_container_no\" data-id=\"70bda2d\" data-element_type=\"section\">\n\t\t\t\t\t\t<div class=\"elementor-container elementor-column-gap-default\">\n\t\t\t\t\t<div class=\"elementor-column elementor-col-100 elementor-top-column elementor-element elementor-element-25ad748\" data-id=\"25ad748\" data-element_type=\"column\">\n\t\t\t<div class=\"elementor-widget-wrap elementor-element-populated\">\n\t\t\t\t\t\t<div class=\"elementor-element elementor-element-25e810e elementor-widget elementor-widget-text-editor\" data-id=\"25e810e\" data-element_type=\"widget\" data-widget_type=\"text-editor.default\">\n\t\t\t\t<div class=\"elementor-widget-container\">\n\t\t\t\t\t\t\t<p><span style=\"font-size: 14pt;\"><strong>Legislation in the field of waste management<\/strong><\/span><\/p><p>\u00a0<\/p><p>\u00a0<\/p><ul style=\"margin-bottom: 2em;\"><li><a href=\"https:\/\/mimvlora.al\/wp-content\/uploads\/2021\/02\/Ligj_10463_22.09.2011-PER-MENAXHIMIN-E-INTEGRUAR-TE-MBETJEVE-1.doc\">LAW 10463 22.09.2011 ON INTEGRATED WASTE MANAGEMENT<\/a><\/li><li><a href=\"https:\/\/mimvlora.al\/wp-content\/uploads\/2021\/02\/Ligji-nr.-156-DATE-10.10.2013-PER-DISA-NDRYSHIME-TE-LIGJIT-PER-MENAXHIMIN.docx\">LAW NO. 156 DATED 10.10.2013 ON SOME AMENDMENTS TO LAW NO.10463, DATED 22.9.2011, &#8220;ON INTEGRATED WASTE MANAGEMENT&#8221;, AMENDED<\/a><\/li><li><a href=\"https:\/\/mimvlora.al\/wp-content\/uploads\/2021\/02\/Vendim-i-KM_232_26.04.2018-e-ndryshuar-PER-AMBALAZHET-DHE-MBETJET-E-TYRE.doc\">DECISION of the Council of Ministers 232 26.04.2018 ON SOME CHANGES AND ADDITIONS TO DECISION NO. 177, DATED 6.3.2012, OF THE COUNCIL OF MINISTERS, ON THEIR PACKAGING AND WASTE<\/a><\/li><li><a href=\"https:\/\/mimvlora.al\/wp-content\/uploads\/2021\/02\/Vendim-i-KM_575_24.06.2015-PER-MIRATIMIN-E-KERKESAVE-PER-MENAXHIMIN-E-MBETJEVE-INERTE.doc\"><span style=\"color: var( --e-global-color-text ); font-family: var( --e-global-typography-text-font-family ), Sans-serif; font-weight: var( --e-global-typography-text-font-weight );\">DECISION 575 24.06.2015 ON APPROVAL OF REQUIREMENTS FOR INERT WASTE MANAGEMENT<\/span><\/a><\/li><li><a href=\"https:\/\/mimvlora.al\/wp-content\/uploads\/2021\/02\/Vendim-i-KM_608_17.09.2014-PER-MASAT-E-NEVOJSHME-PER-GRUMBULLIMIN-DHE-TRAJTIMIN-E-MBETJEVE-BIO-SI-DHE-KRITERET-DHE-AFATET-PER-PAKESIMIN-E-TYRE-.doc\">DECISION OF KM 608 17.09.2014 ON DETERMINATION OF THE NECESSARY MEASURES FOR THE COLLECTION AND TREATMENT OF BIO WASTE AS WELL AS THE CRITERIA AND DEADLINES FOR THEIR REDUCTION<\/a><\/li><li><a href=\"https:\/\/mimvlora.al\/wp-content\/uploads\/2021\/02\/Vendim-nr.-175-date-19.01.2011-STRATEGJIA-E-PLANIT-KOMBETARE-TE-MBETJEVE.doc\">DECISION NO. 175 DATE 19.01.2011 ON THE APPROVAL OF THE NATIONAL WASTE MANAGEMENT STRATEGY AND THE NATIONAL WASTE MANAGEMENT PLAN<\/a><\/li><li><a href=\"https:\/\/mimvlora.al\/wp-content\/uploads\/2021\/02\/Vendim-nr.-229-date-23.04.2014-Per-miratimin-e-rregullave-per-transferimin-e-mbetjeve-jo-te-rrezikshme.doc\">DECISION NO. 229 DATE 23.04.2014 ON THE APPROVAL OF THE RULES FOR THE TRANSFER OF NON-DANGEROUS WASTE AND THE NON-DANGEROUS WASTE TRANSFER DOCUMENT<\/a><\/li><li><a href=\"https:\/\/mimvlora.al\/wp-content\/uploads\/2021\/02\/Vendim-nr.-333-date-26.01.2011-PER-ADMINISTRIMIN-E-VENDDEPOZITIMIT-TE-MBETJEVE-URABANE.docx\">DECISION NO. 333 DATE 26.01.2011 ON ADMINISTRATION OF REGIONAL URBAN DISPOSALS<\/a><\/li><li><a href=\"https:\/\/mimvlora.al\/wp-content\/uploads\/2021\/02\/Vendim-nr.-418-date-25.06.2014-Per-grumbullimin-e-diferencuar-te-mbetjeve-ne-burim.docx\">DECISION NO. 418 DATE 25.06.2014 ON THE DIFFERENTIATED COLLECTION OF WASTE IN THE SOURCE<\/a><\/li><li><a href=\"https:\/\/mimvlora.al\/wp-content\/uploads\/2021\/02\/Vendim-nr.-452-date-11.07.2012-PER-LENDFILLIN-E-MBETJEVE.doc\">DECISION NO. 452 DATE 11.07.2012 ON WASTE LANDFILL<\/a><\/li><li><a href=\"https:\/\/mimvlora.al\/wp-content\/uploads\/2021\/02\/Vendimi-nr.319-date-31.5.2018-Per-kostot-dhe-tarifen-e-mbetjeve.pdf\">DECISION NO.319, DATED 31.5.2018 ON THE APPROVAL OF MEASURES FOR THE COSTS OF INTEGRATED WASTE MANAGEMENT<\/a><\/li><li><a href=\"https:\/\/mimvlora.al\/wp-content\/uploads\/2021\/02\/Udhezim_1738_12.03.2015-MBI-KRITERET-E-STUDIM-PROJEKTIMIT-PER-REHABILITIMIN-E-VENDEPOZITIMEVE-TE-MBETJEVE-TE-NGURTA-URBANE-SI-DHE-NDERTIMIN-E-L.doc\">INSTRUCTION 1738 12.03.2015 ON STUDY-DESIGN CRITERIA FOR REHABILITATION OF SOLID URBAN WASTE DISPOSALS, AS WELL AS CONSTRUCTION OF LANDFILLS OR PLANTS ON PLANTS<\/a><\/li><\/ul><p>For More refer to <a href=\"https:\/\/turizmi.gov.al\/menaxhimi-i-mbetjeve\/\" target=\"_blank\" rel=\"noopener\">Ministry of Tourism and Environment<\/a><\/p><p>\u00a0<\/p><p>\u00a0<\/p>\t\t\t\t\t\t<\/div>\n\t\t\t\t<\/div>\n\t\t\t\t\t<\/div>\n\t\t<\/div>\n\t\t\t\t\t<\/div>\n\t\t<\/section>\n\t\t\t\t<\/div>\n\t\t","protected":false},"excerpt":{"rendered":"<p>Legislation in the field of waste management \u00a0 \u00a0 LAW 10463 22.09.2011 ON INTEGRATED WASTE MANAGEMENT LAW NO. 156 DATED 10.10.2013 ON SOME AMENDMENTS TO LAW NO.10463, DATED 22.9.2011, &#8220;ON INTEGRATED WASTE MANAGEMENT&#8221;, AMENDED DECISION of the Council of Ministers 232 26.04.2018 ON SOME CHANGES&#8230;<\/p>\n","protected":false},"author":1,"featured_media":0,"parent":0,"menu_order":0,"comment_status":"closed","ping_status":"closed","template":"","meta":{"nf_dc_page":"","footnotes":""},"yoast_head":"<!-- This site is optimized with the Yoast SEO plugin v22.1 - https:\/\/yoast.com\/wordpress\/plugins\/seo\/ -->\n<title>Legislation and Strategic Documents - Menaxhimi i Integruar i Mbetjeve<\/title>\n<meta name=\"robots\" content=\"index, follow, max-snippet:-1, max-image-preview:large, max-video-preview:-1\" \/>\n<link rel=\"canonical\" href=\"https:\/\/mimvlora.al\/?page_id=196&lang=en\" \/>\n<meta property=\"og:locale\" content=\"en_US\" \/>\n<meta property=\"og:type\" content=\"article\" \/>\n<meta property=\"og:title\" content=\"Legislation and Strategic Documents - Menaxhimi i Integruar i Mbetjeve\" \/>\n<meta property=\"og:description\" content=\"Legislation in the field of waste management \u00a0 \u00a0 LAW 10463 22.09.2011 ON INTEGRATED WASTE MANAGEMENT LAW NO. 156 DATED 10.10.2013 ON SOME AMENDMENTS TO LAW NO.10463, DATED 22.9.2011, &#8220;ON INTEGRATED WASTE MANAGEMENT&#8221;, AMENDED DECISION of the Council of Ministers 232 26.04.2018 ON SOME CHANGES...\" \/>\n<meta property=\"og:url\" content=\"https:\/\/mimvlora.al\/?page_id=196&amp;lang=en\" \/>\n<meta property=\"og:site_name\" content=\"Menaxhimi i Integruar i Mbetjeve\" \/>\n<meta property=\"article:publisher\" content=\"https:\/\/www.facebook.com\/Nd%c3%abrmarrja-e-Menaxhimit-t%c3%ab-Integruar-t%c3%ab-Mbetjeve-108024937783375\" \/>\n<meta property=\"article:modified_time\" content=\"2021-02-11T15:02:33+00:00\" \/>\n<meta name=\"twitter:card\" content=\"summary_large_image\" \/>\n<meta name=\"twitter:label1\" content=\"Est. reading time\" \/>\n\t<meta name=\"twitter:data1\" content=\"2 minutes\" \/>\n<script type=\"application\/ld+json\" class=\"yoast-schema-graph\">{\"@context\":\"https:\/\/schema.org\",\"@graph\":[{\"@type\":\"WebPage\",\"@id\":\"https:\/\/mimvlora.al\/?page_id=196&lang=en\",\"url\":\"https:\/\/mimvlora.al\/?page_id=196&lang=en\",\"name\":\"Legislation and Strategic Documents - Menaxhimi i Integruar i Mbetjeve\",\"isPartOf\":{\"@id\":\"https:\/\/mimvlora.al\/#website\"},\"datePublished\":\"2021-01-12T10:33:15+00:00\",\"dateModified\":\"2021-02-11T15:02:33+00:00\",\"breadcrumb\":{\"@id\":\"https:\/\/mimvlora.al\/?page_id=196&lang=en#breadcrumb\"},\"inLanguage\":\"en-US\",\"potentialAction\":[{\"@type\":\"ReadAction\",\"target\":[\"https:\/\/mimvlora.al\/?page_id=196&lang=en\"]}]},{\"@type\":\"BreadcrumbList\",\"@id\":\"https:\/\/mimvlora.al\/?page_id=196&lang=en#breadcrumb\",\"itemListElement\":[{\"@type\":\"ListItem\",\"position\":1,\"name\":\"Home\",\"item\":\"http:\/\/mimvlora.al\/\"},{\"@type\":\"ListItem\",\"position\":2,\"name\":\"Legislation and Strategic Documents\"}]},{\"@type\":\"WebSite\",\"@id\":\"https:\/\/mimvlora.al\/#website\",\"url\":\"https:\/\/mimvlora.al\/\",\"name\":\"Menaxhimi i Integruar i Mbetjeve\",\"description\":\"\",\"publisher\":{\"@id\":\"https:\/\/mimvlora.al\/#organization\"},\"potentialAction\":[{\"@type\":\"SearchAction\",\"target\":{\"@type\":\"EntryPoint\",\"urlTemplate\":\"https:\/\/mimvlora.al\/?s={search_term_string}\"},\"query-input\":\"required name=search_term_string\"}],\"inLanguage\":\"en-US\"},{\"@type\":\"Organization\",\"@id\":\"https:\/\/mimvlora.al\/#organization\",\"name\":\"MIM Vlora\",\"url\":\"https:\/\/mimvlora.al\/\",\"logo\":{\"@type\":\"ImageObject\",\"inLanguage\":\"en-US\",\"@id\":\"https:\/\/mimvlora.al\/#\/schema\/logo\/image\/\",\"url\":\"https:\/\/i1.wp.com\/mimvlora.al\/wp-content\/uploads\/2021\/01\/logo-1.png?fit=500%2C500&ssl=1\",\"contentUrl\":\"https:\/\/i1.wp.com\/mimvlora.al\/wp-content\/uploads\/2021\/01\/logo-1.png?fit=500%2C500&ssl=1\",\"width\":500,\"height\":500,\"caption\":\"MIM Vlora\"},\"image\":{\"@id\":\"https:\/\/mimvlora.al\/#\/schema\/logo\/image\/\"},\"sameAs\":[\"https:\/\/www.facebook.com\/Nd\u00ebrmarrja-e-Menaxhimit-t\u00eb-Integruar-t\u00eb-Mbetjeve-108024937783375\"]}]}<\/script>\n<!-- \/ Yoast SEO plugin. -->","yoast_head_json":{"title":"Legislation and Strategic Documents - Menaxhimi i Integruar i Mbetjeve","robots":{"index":"index","follow":"follow","max-snippet":"max-snippet:-1","max-image-preview":"max-image-preview:large","max-video-preview":"max-video-preview:-1"},"canonical":"https:\/\/mimvlora.al\/?page_id=196&lang=en","og_locale":"en_US","og_type":"article","og_title":"Legislation and Strategic Documents - Menaxhimi i Integruar i Mbetjeve","og_description":"Legislation in the field of waste management \u00a0 \u00a0 LAW 10463 22.09.2011 ON INTEGRATED WASTE MANAGEMENT LAW NO. 156 DATED 10.10.2013 ON SOME AMENDMENTS TO LAW NO.10463, DATED 22.9.2011, &#8220;ON INTEGRATED WASTE MANAGEMENT&#8221;, AMENDED DECISION of the Council of Ministers 232 26.04.2018 ON SOME CHANGES...","og_url":"https:\/\/mimvlora.al\/?page_id=196&lang=en","og_site_name":"Menaxhimi i Integruar i Mbetjeve","article_publisher":"https:\/\/www.facebook.com\/Nd%c3%abrmarrja-e-Menaxhimit-t%c3%ab-Integruar-t%c3%ab-Mbetjeve-108024937783375","article_modified_time":"2021-02-11T15:02:33+00:00","twitter_card":"summary_large_image","twitter_misc":{"Est. reading time":"2 minutes"},"schema":{"@context":"https:\/\/schema.org","@graph":[{"@type":"WebPage","@id":"https:\/\/mimvlora.al\/?page_id=196&lang=en","url":"https:\/\/mimvlora.al\/?page_id=196&lang=en","name":"Legislation and Strategic Documents - Menaxhimi i Integruar i Mbetjeve","isPartOf":{"@id":"https:\/\/mimvlora.al\/#website"},"datePublished":"2021-01-12T10:33:15+00:00","dateModified":"2021-02-11T15:02:33+00:00","breadcrumb":{"@id":"https:\/\/mimvlora.al\/?page_id=196&lang=en#breadcrumb"},"inLanguage":"en-US","potentialAction":[{"@type":"ReadAction","target":["https:\/\/mimvlora.al\/?page_id=196&lang=en"]}]},{"@type":"BreadcrumbList","@id":"https:\/\/mimvlora.al\/?page_id=196&lang=en#breadcrumb","itemListElement":[{"@type":"ListItem","position":1,"name":"Home","item":"http:\/\/mimvlora.al\/"},{"@type":"ListItem","position":2,"name":"Legislation and Strategic Documents"}]},{"@type":"WebSite","@id":"https:\/\/mimvlora.al\/#website","url":"https:\/\/mimvlora.al\/","name":"Menaxhimi i Integruar i Mbetjeve","description":"","publisher":{"@id":"https:\/\/mimvlora.al\/#organization"},"potentialAction":[{"@type":"SearchAction","target":{"@type":"EntryPoint","urlTemplate":"https:\/\/mimvlora.al\/?s={search_term_string}"},"query-input":"required name=search_term_string"}],"inLanguage":"en-US"},{"@type":"Organization","@id":"https:\/\/mimvlora.al\/#organization","name":"MIM Vlora","url":"https:\/\/mimvlora.al\/","logo":{"@type":"ImageObject","inLanguage":"en-US","@id":"https:\/\/mimvlora.al\/#\/schema\/logo\/image\/","url":"https:\/\/i1.wp.com\/mimvlora.al\/wp-content\/uploads\/2021\/01\/logo-1.png?fit=500%2C500&ssl=1","contentUrl":"https:\/\/i1.wp.com\/mimvlora.al\/wp-content\/uploads\/2021\/01\/logo-1.png?fit=500%2C500&ssl=1","width":500,"height":500,"caption":"MIM Vlora"},"image":{"@id":"https:\/\/mimvlora.al\/#\/schema\/logo\/image\/"},"sameAs":["https:\/\/www.facebook.com\/Nd\u00ebrmarrja-e-Menaxhimit-t\u00eb-Integruar-t\u00eb-Mbetjeve-108024937783375"]}]}},"jetpack_sharing_enabled":true,"_links":{"self":[{"href":"https:\/\/mimvlora.al\/index.php?rest_route=\/wp\/v2\/pages\/196"}],"collection":[{"href":"https:\/\/mimvlora.al\/index.php?rest_route=\/wp\/v2\/pages"}],"about":[{"href":"https:\/\/mimvlora.al\/index.php?rest_route=\/wp\/v2\/types\/page"}],"author":[{"embeddable":true,"href":"https:\/\/mimvlora.al\/index.php?rest_route=\/wp\/v2\/users\/1"}],"replies":[{"embeddable":true,"href":"https:\/\/mimvlora.al\/index.php?rest_route=%2Fwp%2Fv2%2Fcomments&post=196"}],"version-history":[{"count":5,"href":"https:\/\/mimvlora.al\/index.php?rest_route=\/wp\/v2\/pages\/196\/revisions"}],"predecessor-version":[{"id":1214,"href":"https:\/\/mimvlora.al\/index.php?rest_route=\/wp\/v2\/pages\/196\/revisions\/1214"}],"wp:attachment":[{"href":"https:\/\/mimvlora.al\/index.php?rest_route=%2Fwp%2Fv2%2Fmedia&parent=196"}],"curies":[{"name":"wp","href":"https:\/\/api.w.org\/{rel}","templated":true}]}}