{"id":213,"date":"2021-01-12T10:41:52","date_gmt":"2021-01-12T10:41:52","guid":{"rendered":"https:\/\/mimvlora.al\/?page_id=213"},"modified":"2021-02-09T15:54:00","modified_gmt":"2021-02-09T15:54:00","slug":"statutes","status":"publish","type":"page","link":"https:\/\/mimvlora.al\/?page_id=213&lang=en","title":{"rendered":"Statutes"},"content":{"rendered":"\t\t<div data-elementor-type=\"wp-page\" data-elementor-id=\"213\" class=\"elementor elementor-213\">\n\t\t\t\t\t\t<section class=\"elementor-section elementor-top-section elementor-element elementor-element-32026eb8 elementor-section-boxed elementor-section-height-default elementor-section-height-default parallax_section_no qode_elementor_container_no\" data-id=\"32026eb8\" data-element_type=\"section\">\n\t\t\t\t\t\t<div class=\"elementor-container elementor-column-gap-default\">\n\t\t\t\t\t<div class=\"elementor-column elementor-col-100 elementor-top-column elementor-element elementor-element-57c5196d\" data-id=\"57c5196d\" data-element_type=\"column\">\n\t\t\t<div class=\"elementor-widget-wrap elementor-element-populated\">\n\t\t\t\t\t\t<div class=\"elementor-element elementor-element-7b8e45d4 elementor-widget elementor-widget-text-editor\" data-id=\"7b8e45d4\" data-element_type=\"widget\" data-widget_type=\"text-editor.default\">\n\t\t\t\t<div class=\"elementor-widget-container\">\n\t\t\t\t\t\t\t<p><!-- wp:paragraph --><\/p>\n<p style=\"text-align: justify;\">The Statute of the Public Municipal Waste Management Enterprise of the Northern Region of Vlor\u00eb and its establishment was approved by Vlor\u00eb Municipal Council with decision no. 36 dated 28.03.2019. It is based on Law no. 139\/2015, dated 17.12.2015 &#8220;On Local Self-Government&#8221;.<\/p>\n<p style=\"text-align: justify;\"><!-- \/wp:paragraph --><\/p>\n<p style=\"text-align: justify;\"><!-- wp:paragraph --><\/p>\n<p style=\"text-align: justify;\">The enterprise is organizationally and administratively managed as a separate entity and has its own tax identification number, under the Municipality of Vlor\u00eb.<\/p>\n<p style=\"text-align: justify;\">\u00a0<\/p>\n<p style=\"text-align: justify;\"><!-- \/wp:paragraph --><\/p>\n<p style=\"text-align: justify;\"><!-- wp:paragraph --><\/p>\n<p style=\"text-align: justify;\">The <strong>Municipal Council<\/strong> is the highest decision-making body, which is entitled to approve changes to the Statute, the enterprise policies, annual budget, revenues, expenditures and salaries, as well as the service charging system, provision of municipal loans or other loan agreements for amounts higher than ALL 10,000,000.<\/p>\n<p style=\"text-align: justify;\"><!-- \/wp:paragraph --><\/p>\n<p style=\"text-align: justify;\"><!-- wp:paragraph --><\/p>\n<p style=\"text-align: justify;\">The other decision-making body is the <strong>Mayor<\/strong>, who oversees the activity of the enterprise and nominates or dismisses the Steering Committee members, including the Director of the MIM Vlor\u00eb.<\/p>\n<p style=\"text-align: justify;\">\u00a0<\/p>\n<p style=\"text-align: justify;\"><!-- \/wp:paragraph --><\/p>\n<p style=\"text-align: justify;\"><!-- wp:paragraph --><\/p>\n<p style=\"text-align: justify;\">The <strong>Steering Committee<\/strong> is a collegial body, that performs the leading activities including technical functions of the WME. It consists of 5 members, nominated for a 4-year term, including the Director and other technical executive staff of the enterprise. Steering Committee meetings are held at least once per month, where decisions can be taken about:<\/p>\n<p style=\"text-align: justify;\"><!-- \/wp:paragraph --><\/p>\n<p style=\"text-align: justify;\"><!-- wp:list --><\/p>\n<ul style=\"text-align: justify;\">\n<li>creating and closing branches of WME;<\/li>\n<li>settling the general conditions for staff hiring and termination of employment;<\/li>\n<li>leasing and sale of the devices owned by the WME in case the value exceeds ALL 1 million;<\/li>\n<li>sale of moveable and immovable assets of the WME, in case the value is less than ALL 5 million;<\/li>\n<li>establishment of the internal regulations related to the general employment conditions;<\/li>\n<li>approval of the annual accounts and the yearly report for the economic and financial performance of the WME;<\/li>\n<li>decisions with regard to the initiation or settlement of a legal issue.<\/li>\n<li>\u00a0<\/li>\n<\/ul>\n<p style=\"text-align: justify;\"><!-- \/wp:list --><\/p>\n<p style=\"text-align: justify;\"><!-- wp:paragraph --><\/p>\n<p style=\"text-align: justify;\"><!-- \/wp:paragraph --><\/p>\n<p style=\"text-align: justify;\"><!-- wp:paragraph --><\/p>\n<p style=\"text-align: justify;\">The <strong>Enterprise Director<\/strong> is responsible for the technical and administrative organization and functioning of the enterprise. They implement the approved annual budget and other decisions made by the Municipal Council and the Steering Committee and follows the instructions of the Mayor. The Director has to ensure good economic and financial running of the enterprise according to commercial principles and decide on important matters within the given value limitations.<\/p>\n<p style=\"text-align: justify;\">\u00a0<\/p>\n<p style=\"text-align: justify;\"><!-- \/wp:paragraph --><\/p>\n<p style=\"text-align: justify;\"><!-- wp:paragraph --><\/p>\n<p style=\"text-align: justify;\"><!-- \/wp:paragraph --><\/p>\n<p style=\"text-align: justify;\"><!-- wp:paragraph --><\/p>\n<p style=\"text-align: justify;\"><strong>Financial performance management and accounting<\/strong> of the Enterprise is realized according to the applicable legal provisions for state enterprises. MIM Vlor\u00eb is registered at the Tax Directorate and operates through the Treasury Branch. The economic plan of the Enterprise is made available before preparation of the municipal budget for the next fiscal year to allow assessment and approval by the Mayor and the Municipal Council.<\/p>\n<p style=\"text-align: justify;\"><!-- \/wp:paragraph --><\/p>\n<p style=\"text-align: justify;\"><!-- wp:image {\"align\":\"center\",\"id\":288,\"width\":512,\"height\":330,\"sizeSlug\":\"large\",\"linkDestination\":\"none\"} --><\/p>\n<div class=\"wp-block-image\">\n<figure class=\"aligncenter size-large is-resized\" style=\"text-align: justify;\"><img fetchpriority=\"high\" decoding=\"async\" class=\"wp-image-288\" src=\"https:\/\/i0.wp.com\/mimvlora.al\/wp-content\/uploads\/2021\/01\/Statue.png?resize=512%2C330&#038;ssl=1\" alt=\"\" width=\"512\" height=\"330\" data-recalc-dims=\"1\" srcset=\"https:\/\/i0.wp.com\/mimvlora.al\/wp-content\/uploads\/2021\/01\/Statue.png?w=1118&amp;ssl=1 1118w, https:\/\/i0.wp.com\/mimvlora.al\/wp-content\/uploads\/2021\/01\/Statue.png?resize=300%2C193&amp;ssl=1 300w, https:\/\/i0.wp.com\/mimvlora.al\/wp-content\/uploads\/2021\/01\/Statue.png?resize=1024%2C659&amp;ssl=1 1024w, https:\/\/i0.wp.com\/mimvlora.al\/wp-content\/uploads\/2021\/01\/Statue.png?resize=768%2C495&amp;ssl=1 768w, https:\/\/i0.wp.com\/mimvlora.al\/wp-content\/uploads\/2021\/01\/Statue.png?resize=700%2C451&amp;ssl=1 700w\" sizes=\"(max-width: 512px) 100vw, 512px\" \/><\/figure>\n<\/div>\n<p><!-- \/wp:image --><\/p>\t\t\t\t\t\t<\/div>\n\t\t\t\t<\/div>\n\t\t\t\t\t<\/div>\n\t\t<\/div>\n\t\t\t\t\t<\/div>\n\t\t<\/section>\n\t\t\t\t<\/div>\n\t\t","protected":false},"excerpt":{"rendered":"<p>The Statute of the Public Municipal Waste Management Enterprise of the Northern Region of Vlor\u00eb and its establishment was approved by Vlor\u00eb Municipal Council with decision no. 36 dated 28.03.2019. It is based on Law no. 139\/2015, dated 17.12.2015 &#8220;On Local Self-Government&#8221;. The enterprise is&#8230;<\/p>\n","protected":false},"author":1,"featured_media":0,"parent":0,"menu_order":0,"comment_status":"closed","ping_status":"closed","template":"","meta":{"nf_dc_page":"","footnotes":""},"yoast_head":"<!-- This site is optimized with the Yoast SEO plugin v22.1 - https:\/\/yoast.com\/wordpress\/plugins\/seo\/ -->\n<title>Statutes - Menaxhimi i Integruar i Mbetjeve<\/title>\n<meta name=\"robots\" content=\"index, follow, max-snippet:-1, max-image-preview:large, max-video-preview:-1\" \/>\n<link rel=\"canonical\" href=\"https:\/\/mimvlora.al\/?page_id=213&lang=en\" \/>\n<meta property=\"og:locale\" content=\"en_US\" \/>\n<meta property=\"og:type\" content=\"article\" \/>\n<meta property=\"og:title\" content=\"Statutes - Menaxhimi i Integruar i Mbetjeve\" \/>\n<meta property=\"og:description\" content=\"The Statute of the Public Municipal Waste Management Enterprise of the Northern Region of Vlor\u00eb and its establishment was approved by Vlor\u00eb Municipal Council with decision no. 36 dated 28.03.2019. It is based on Law no. 139\/2015, dated 17.12.2015 &#8220;On Local Self-Government&#8221;. The enterprise is...\" \/>\n<meta property=\"og:url\" content=\"https:\/\/mimvlora.al\/?page_id=213&amp;lang=en\" \/>\n<meta property=\"og:site_name\" content=\"Menaxhimi i Integruar i Mbetjeve\" \/>\n<meta property=\"article:publisher\" content=\"https:\/\/www.facebook.com\/Nd%c3%abrmarrja-e-Menaxhimit-t%c3%ab-Integruar-t%c3%ab-Mbetjeve-108024937783375\" \/>\n<meta property=\"article:modified_time\" content=\"2021-02-09T15:54:00+00:00\" \/>\n<meta property=\"og:image\" content=\"https:\/\/mimvlora.al\/wp-content\/uploads\/2021\/01\/Statue-1024x659.png\" \/>\n<meta name=\"twitter:card\" content=\"summary_large_image\" \/>\n<meta name=\"twitter:label1\" content=\"Est. reading time\" \/>\n\t<meta name=\"twitter:data1\" content=\"3 minutes\" \/>\n<script type=\"application\/ld+json\" class=\"yoast-schema-graph\">{\"@context\":\"https:\/\/schema.org\",\"@graph\":[{\"@type\":\"WebPage\",\"@id\":\"https:\/\/mimvlora.al\/?page_id=213&lang=en\",\"url\":\"https:\/\/mimvlora.al\/?page_id=213&lang=en\",\"name\":\"Statutes - Menaxhimi i Integruar i Mbetjeve\",\"isPartOf\":{\"@id\":\"https:\/\/mimvlora.al\/#website\"},\"datePublished\":\"2021-01-12T10:41:52+00:00\",\"dateModified\":\"2021-02-09T15:54:00+00:00\",\"breadcrumb\":{\"@id\":\"https:\/\/mimvlora.al\/?page_id=213&lang=en#breadcrumb\"},\"inLanguage\":\"en-US\",\"potentialAction\":[{\"@type\":\"ReadAction\",\"target\":[\"https:\/\/mimvlora.al\/?page_id=213&lang=en\"]}]},{\"@type\":\"BreadcrumbList\",\"@id\":\"https:\/\/mimvlora.al\/?page_id=213&lang=en#breadcrumb\",\"itemListElement\":[{\"@type\":\"ListItem\",\"position\":1,\"name\":\"Home\",\"item\":\"http:\/\/mimvlora.al\/\"},{\"@type\":\"ListItem\",\"position\":2,\"name\":\"Statutes\"}]},{\"@type\":\"WebSite\",\"@id\":\"https:\/\/mimvlora.al\/#website\",\"url\":\"https:\/\/mimvlora.al\/\",\"name\":\"Menaxhimi i Integruar i Mbetjeve\",\"description\":\"\",\"publisher\":{\"@id\":\"https:\/\/mimvlora.al\/#organization\"},\"potentialAction\":[{\"@type\":\"SearchAction\",\"target\":{\"@type\":\"EntryPoint\",\"urlTemplate\":\"https:\/\/mimvlora.al\/?s={search_term_string}\"},\"query-input\":\"required name=search_term_string\"}],\"inLanguage\":\"en-US\"},{\"@type\":\"Organization\",\"@id\":\"https:\/\/mimvlora.al\/#organization\",\"name\":\"MIM Vlora\",\"url\":\"https:\/\/mimvlora.al\/\",\"logo\":{\"@type\":\"ImageObject\",\"inLanguage\":\"en-US\",\"@id\":\"https:\/\/mimvlora.al\/#\/schema\/logo\/image\/\",\"url\":\"https:\/\/i1.wp.com\/mimvlora.al\/wp-content\/uploads\/2021\/01\/logo-1.png?fit=500%2C500&ssl=1\",\"contentUrl\":\"https:\/\/i1.wp.com\/mimvlora.al\/wp-content\/uploads\/2021\/01\/logo-1.png?fit=500%2C500&ssl=1\",\"width\":500,\"height\":500,\"caption\":\"MIM Vlora\"},\"image\":{\"@id\":\"https:\/\/mimvlora.al\/#\/schema\/logo\/image\/\"},\"sameAs\":[\"https:\/\/www.facebook.com\/Nd\u00ebrmarrja-e-Menaxhimit-t\u00eb-Integruar-t\u00eb-Mbetjeve-108024937783375\"]}]}<\/script>\n<!-- \/ Yoast SEO plugin. -->","yoast_head_json":{"title":"Statutes - Menaxhimi i Integruar i Mbetjeve","robots":{"index":"index","follow":"follow","max-snippet":"max-snippet:-1","max-image-preview":"max-image-preview:large","max-video-preview":"max-video-preview:-1"},"canonical":"https:\/\/mimvlora.al\/?page_id=213&lang=en","og_locale":"en_US","og_type":"article","og_title":"Statutes - Menaxhimi i Integruar i Mbetjeve","og_description":"The Statute of the Public Municipal Waste Management Enterprise of the Northern Region of Vlor\u00eb and its establishment was approved by Vlor\u00eb Municipal Council with decision no. 36 dated 28.03.2019. It is based on Law no. 139\/2015, dated 17.12.2015 &#8220;On Local Self-Government&#8221;. The enterprise is...","og_url":"https:\/\/mimvlora.al\/?page_id=213&lang=en","og_site_name":"Menaxhimi i Integruar i Mbetjeve","article_publisher":"https:\/\/www.facebook.com\/Nd%c3%abrmarrja-e-Menaxhimit-t%c3%ab-Integruar-t%c3%ab-Mbetjeve-108024937783375","article_modified_time":"2021-02-09T15:54:00+00:00","og_image":[{"url":"https:\/\/mimvlora.al\/wp-content\/uploads\/2021\/01\/Statue-1024x659.png"}],"twitter_card":"summary_large_image","twitter_misc":{"Est. reading time":"3 minutes"},"schema":{"@context":"https:\/\/schema.org","@graph":[{"@type":"WebPage","@id":"https:\/\/mimvlora.al\/?page_id=213&lang=en","url":"https:\/\/mimvlora.al\/?page_id=213&lang=en","name":"Statutes - Menaxhimi i Integruar i Mbetjeve","isPartOf":{"@id":"https:\/\/mimvlora.al\/#website"},"datePublished":"2021-01-12T10:41:52+00:00","dateModified":"2021-02-09T15:54:00+00:00","breadcrumb":{"@id":"https:\/\/mimvlora.al\/?page_id=213&lang=en#breadcrumb"},"inLanguage":"en-US","potentialAction":[{"@type":"ReadAction","target":["https:\/\/mimvlora.al\/?page_id=213&lang=en"]}]},{"@type":"BreadcrumbList","@id":"https:\/\/mimvlora.al\/?page_id=213&lang=en#breadcrumb","itemListElement":[{"@type":"ListItem","position":1,"name":"Home","item":"http:\/\/mimvlora.al\/"},{"@type":"ListItem","position":2,"name":"Statutes"}]},{"@type":"WebSite","@id":"https:\/\/mimvlora.al\/#website","url":"https:\/\/mimvlora.al\/","name":"Menaxhimi i Integruar i Mbetjeve","description":"","publisher":{"@id":"https:\/\/mimvlora.al\/#organization"},"potentialAction":[{"@type":"SearchAction","target":{"@type":"EntryPoint","urlTemplate":"https:\/\/mimvlora.al\/?s={search_term_string}"},"query-input":"required name=search_term_string"}],"inLanguage":"en-US"},{"@type":"Organization","@id":"https:\/\/mimvlora.al\/#organization","name":"MIM Vlora","url":"https:\/\/mimvlora.al\/","logo":{"@type":"ImageObject","inLanguage":"en-US","@id":"https:\/\/mimvlora.al\/#\/schema\/logo\/image\/","url":"https:\/\/i1.wp.com\/mimvlora.al\/wp-content\/uploads\/2021\/01\/logo-1.png?fit=500%2C500&ssl=1","contentUrl":"https:\/\/i1.wp.com\/mimvlora.al\/wp-content\/uploads\/2021\/01\/logo-1.png?fit=500%2C500&ssl=1","width":500,"height":500,"caption":"MIM Vlora"},"image":{"@id":"https:\/\/mimvlora.al\/#\/schema\/logo\/image\/"},"sameAs":["https:\/\/www.facebook.com\/Nd\u00ebrmarrja-e-Menaxhimit-t\u00eb-Integruar-t\u00eb-Mbetjeve-108024937783375"]}]}},"jetpack_sharing_enabled":true,"_links":{"self":[{"href":"https:\/\/mimvlora.al\/index.php?rest_route=\/wp\/v2\/pages\/213"}],"collection":[{"href":"https:\/\/mimvlora.al\/index.php?rest_route=\/wp\/v2\/pages"}],"about":[{"href":"https:\/\/mimvlora.al\/index.php?rest_route=\/wp\/v2\/types\/page"}],"author":[{"embeddable":true,"href":"https:\/\/mimvlora.al\/index.php?rest_route=\/wp\/v2\/users\/1"}],"replies":[{"embeddable":true,"href":"https:\/\/mimvlora.al\/index.php?rest_route=%2Fwp%2Fv2%2Fcomments&post=213"}],"version-history":[{"count":5,"href":"https:\/\/mimvlora.al\/index.php?rest_route=\/wp\/v2\/pages\/213\/revisions"}],"predecessor-version":[{"id":969,"href":"https:\/\/mimvlora.al\/index.php?rest_route=\/wp\/v2\/pages\/213\/revisions\/969"}],"wp:attachment":[{"href":"https:\/\/mimvlora.al\/index.php?rest_route=%2Fwp%2Fv2%2Fmedia&parent=213"}],"curies":[{"name":"wp","href":"https:\/\/api.w.org\/{rel}","templated":true}]}}