{"id":33,"date":"2021-01-08T23:21:37","date_gmt":"2021-01-08T23:21:37","guid":{"rendered":"https:\/\/mimvlora.al\/?page_id=33"},"modified":"2021-02-09T15:38:33","modified_gmt":"2021-02-09T15:38:33","slug":"misioni-dhe-objektivat","status":"publish","type":"page","link":"https:\/\/mimvlora.al\/?page_id=33","title":{"rendered":"Misioni dhe Objektivat"},"content":{"rendered":"\t\t<div data-elementor-type=\"wp-page\" data-elementor-id=\"33\" class=\"elementor elementor-33\">\n\t\t\t\t\t\t<section class=\"elementor-section elementor-top-section elementor-element elementor-element-1b1c1030 elementor-section-boxed elementor-section-height-default elementor-section-height-default parallax_section_no qode_elementor_container_no\" data-id=\"1b1c1030\" data-element_type=\"section\">\n\t\t\t\t\t\t<div class=\"elementor-container elementor-column-gap-default\">\n\t\t\t\t\t<div class=\"elementor-column elementor-col-100 elementor-top-column elementor-element elementor-element-1d2e8801\" data-id=\"1d2e8801\" data-element_type=\"column\">\n\t\t\t<div class=\"elementor-widget-wrap elementor-element-populated\">\n\t\t\t\t\t\t<div class=\"elementor-element elementor-element-25a48e7e elementor-widget elementor-widget-text-editor\" data-id=\"25a48e7e\" data-element_type=\"widget\" data-widget_type=\"text-editor.default\">\n\t\t\t\t<div class=\"elementor-widget-container\">\n\t\t\t\t\t\t\t<p style=\"text-align: justify;\"><strong>Vizioni yn\u00eb:<\/strong> T\u00eb zhvillojm\u00eb nj\u00eb mark\u00eb rajonale q\u00eb do t\u00eb jet\u00eb partner me klient\u00ebt dhe komunitetet tona dhe t\u00eb siguroj\u00eb sh\u00ebrbime t\u00eb q\u00ebndrueshme, efikase dhe t\u00eb p\u00ebrballueshme p\u00ebr menaxhimin e mbetjeve n\u00eb m\u00ebnyr\u00eb q\u00eb t\u00eb zvog\u00eblojm\u00eb mbeturinat nga mbledhja n\u00eb deponim duke rikuperuar burime t\u00eb vlefshme dhe duke krijuar nj\u00eb mjedis t\u00eb past\u00ebr dhe t\u00eb sh\u00ebndetsh\u00ebm p\u00ebr momentin dhe brezat e ardhsh\u00ebm.<\/p><p style=\"text-align: justify;\"><b>Misioni yn\u00eb:<\/b> Ne do t\u00eb menaxhojm\u00eb dhe operojm\u00eb nj\u00eb sistem sanitar p\u00ebr grumbullimin e burimeve p\u00ebr biodegradable dhe riciklueshme q\u00eb menaxhon n\u00eb m\u00ebnyr\u00eb t\u00eb sigurt mbeturinat, rikuperon burimet dhe mbron mjedisin p\u00ebr banor\u00ebt dhe bizneset n\u00eb Komunat e Vlor\u00ebs dhe Selenic\u00ebs. Puna jon\u00eb p\u00ebrputhet me ligjet vendore dhe nd\u00ebrkomb\u00ebtare, pasi ne do t\u00eb b\u00ebjm\u00eb biznes n\u00eb nj\u00eb m\u00ebnyr\u00eb miq\u00ebsore me mjedisin brenda nj\u00eb kornize t\u00eb integruar t\u00eb menaxhimit t\u00eb mbeturinave. Ne p\u00ebrdorim mjete moderne t\u00eb menaxhimit q\u00eb bazohen n\u00eb parime t\u00eb sh\u00ebndosha ekonomike dhe materiale dhe pajisje t\u00eb fundit.<\/p><p style=\"text-align: justify;\"><b>Vlerat tona: <\/b>Vlerat tona do t\u00eb sigurojn\u00eb bazat p\u00ebr praktikat e kompanis\u00eb son\u00eb dhe ne besojm\u00eb n\u00eb standardet m\u00eb t\u00eb larta etike &#8211; si nj\u00eb kompani dhe si individ\u00eb. Vlerat organizative q\u00eb drejtojn\u00eb dhe drejtojn\u00eb t\u00eb gjitha nd\u00ebrveprimet tona me aktor\u00ebt e jasht\u00ebm dhe t\u00eb brendsh\u00ebm jan\u00eb:<\/p><ul style=\"text-align: justify;\"><li style=\"list-style-type: none;\"><ul><li style=\"list-style-type: none;\"><ul><li><b>Kreativiteti dhe Inovacioni: <\/b>Ne inkurajojm\u00eb t\u00eb gjith\u00eb punonj\u00ebsit tan\u00eb t\u00eb sh\u00ebrbejn\u00eb klient\u00ebve tan\u00eb duke p\u00ebrdorur mjete krijuese dhe proaktive p\u00ebr zhvillimin e zgjidhjeve dhe ideve praktike n\u00eb konsultim t\u00eb ngusht\u00eb me t\u00eb gjith\u00eb aktor\u00ebt tan\u00eb.<\/li><li><b>Respekt, Fuqizim dhe Pun\u00eb Ekipi:<\/b> Ne i vler\u00ebsojm\u00eb njer\u00ebzit tan\u00eb dhe nuk diskriminojm\u00eb pasi i trajtojm\u00eb ata n\u00eb m\u00ebnyr\u00eb t\u00eb barabart\u00eb me dinjitet q\u00eb t\u00eb gjith\u00eb t\u00eb p\u00ebrfitojn\u00eb nga potenciali dhe mund\u00ebsia e tyre e plot\u00eb n\u00eb biznes. Ne rrisim pun\u00ebn n\u00eb grup &#8211; me besim, vendosm\u00ebri, angazhim personal dhe nd\u00ebrtimin e marr\u00ebdh\u00ebnieve &#8211; brenda organizat\u00ebs son\u00eb p\u00ebr t\u00eb drejtuar operacionet p\u00ebr ofrimin e sh\u00ebrbimeve n\u00eb m\u00ebnyr\u00eb efektive dhe efikase.<\/li><li><b>Vlera p\u00ebr para: <\/b>Ne do t\u00eb kontribuojm\u00eb n\u00eb nj\u00eb sistem t\u00eb integruar rajonal t\u00eb menaxhimit t\u00eb mbetjeve me standard t\u00eb lart\u00eb n\u00eb rikuperimin, asgj\u00ebsimin dhe trajtimin e burimeve t\u00eb mbetjeve banesore dhe komerciale, me kosto t\u00eb p\u00ebrballueshme p\u00ebr qytetar\u00ebt dhe bizneset.<\/li><li>Bashk\u00ebpunimi: Ne do t\u00eb sigurojm\u00eb nj\u00eb mjedis t\u00eb p\u00ebrshtatsh\u00ebm p\u00ebr t\u00eb rritur partneritetet me dhe midis autoriteteve lokale dhe aktor\u00ebve t\u00eb sektorit privat n\u00eb operacionet e menaxhimit t\u00eb mbetjeve t\u00eb ngurta.<\/li><li><b>Rafinimi i vazhduesh\u00ebm: <\/b>Ne do t\u00eb njohim potencialin p\u00ebr p\u00ebrmir\u00ebsimin e proceseve tona t\u00eb biznesit n\u00eb organizat\u00ebn e brendshme p\u00ebr t\u00eb optimizuar praktikat e menaxhimit t\u00eb mbeturinave p\u00ebrmes zgjidhjeve edhe m\u00eb t\u00eb mira.<\/li><li><b>Nd\u00ebrgjegj\u00ebsimi i publikut:<\/b> Ne besojm\u00eb n\u00eb fuqin\u00eb e veprimtarive arsimore dhe motivuese p\u00ebr t\u00eb ndryshuar sjelljen e njer\u00ebzve drejt nj\u00eb praktike m\u00eb t\u00eb q\u00ebndrueshme t\u00eb trajtimit t\u00eb mbeturinave. Ne do t\u00eb promovojm\u00eb nd\u00ebrgjegj\u00ebsimin e publikut dhe pjes\u00ebmarrjen e njer\u00ebzve p\u00ebrmes konsultimit t\u00eb lagjeve dhe mediave publike.<\/li><\/ul><\/li><\/ul><\/li><\/ul><div style=\"text-align: justify;\">\u00a0<\/div><p style=\"text-align: justify;\"><b>Objektivat tan\u00eb t\u00eb P\u00ebrgjithsh\u00ebm:<\/b><span style=\"color: var( --e-global-color-text ); font-family: var( --e-global-typography-text-font-family ), Sans-serif; font-weight: var( --e-global-typography-text-font-weight );\">\u00a0<\/span><\/p><p style=\"text-align: justify;\">Objektivat dhe synimet e p\u00ebrgjithshme t\u00eb MIM Vlor\u00eb jan\u00eb n\u00eb p\u00ebrputhje me Politik\u00ebn Strategjike dhe Planin Komb\u00ebtar t\u00eb Menaxhimit t\u00eb Integruar t\u00eb Mbetjeve dhe Hierarkin\u00eb e Mbetjeve t\u00eb BE-s\u00eb. Hierarkia e mbeturinave ilustron menaxhimin ideal t\u00eb mbetjeve, ku shumica e mbeturinave parandalohen, rip\u00ebrdoren, riciklohen ose rikuperohen dhe vet\u00ebm mbeturinat, t\u00eb cilat nuk mund t\u00eb p\u00ebrpunohen ndryshe, hidhen n\u00eb deponi. Aktualisht, piramida e d\u00ebshiruar \u00ebsht\u00eb p\u00ebrmbys dhe duhet t\u00eb kthehet me t\u00eb gjitha masat akoma t\u00eb sh\u00ebndosha p\u00ebr mjedisin dhe t\u00eb p\u00ebrballueshme. Ky deponim i sigurt \u00ebsht\u00eb baza p\u00ebr nj\u00eb menaxhim t\u00eb suksessh\u00ebm dhe m\u00eb t\u00eb q\u00ebndruesh\u00ebm t\u00eb mbetjeve n\u00eb Rajonin e Vlor\u00ebs.<\/p><p style=\"text-align: justify;\"><span style=\"font-size: 14pt;\"><img fetchpriority=\"high\" decoding=\"async\" class=\"size-medium wp-image-694 aligncenter\" src=\"https:\/\/i0.wp.com\/mimvlora.al\/wp-content\/uploads\/2021\/02\/waste-management.png?resize=600%2C400&#038;ssl=1\" alt=\"\" width=\"600\" height=\"400\" data-recalc-dims=\"1\" \/><\/span><\/p><p style=\"text-align: justify;\">Flukset e mbetjeve me origjin\u00eb nga zona e sh\u00ebrbimit duhet t\u00eb kanalizohen n\u00eb at\u00eb m\u00ebnyr\u00eb q\u00eb:<\/p><ul style=\"text-align: justify;\"><li style=\"list-style-type: none;\"><ul><li><span style=\"color: var( --e-global-color-text ); font-family: var( --e-global-typography-text-font-family ), Sans-serif; font-weight: var( --e-global-typography-text-font-weight );\">Kompostimi dhe riciklimi do t\u00eb zvog\u00ebloj\u00eb sasin\u00eb e materialeve t\u00eb mbetjeve q\u00eb hyjn\u00eb n\u00eb deponi, duke zgjatur k\u00ebshtu jet\u00ebgjat\u00ebsin\u00eb e objekteve t\u00eb depozitimit p\u00ebrfundimtar;<\/span><\/li><li>Asgj\u00ebsimi i materialeve organik\u00eb minimizohet n\u00eb venddepozitim p\u00ebr t\u00eb zvog\u00ebluar emetimin e gazit ser\u00eb (metan) dhe rrjedhjet, por n\u00eb vend t\u00eb k\u00ebsaj, krijon tok\u00eb t\u00eb pasur natyrore e cila mund t\u00eb p\u00ebrdoret si pleh n\u00eb bujq\u00ebsi;<\/li><li>Ndarja dhe klasifikimi i duhur i ricikluesh\u00ebm do t\u00eb kursej\u00eb burime natyrore dhe do t\u00eb gjeneroj\u00eb t\u00eb ardhura t\u00eb mundshme nga shitjet dhe do t\u00eb kursej\u00eb gjithashtu koston e operacioneve t\u00eb deponive.<\/li><\/ul><\/li><\/ul><div style=\"text-align: justify;\">\u00a0<\/div><p style=\"text-align: justify;\">P\u00ebr t\u00eb siguruar q\u00eb biznesi \u00ebsht\u00eb efikas dhe efektiv n\u00eb dh\u00ebnien e rezultateve t\u00eb tij, nj\u00eb Korniz\u00eb e qart\u00eb e Qeverisjes \u00ebsht\u00eb e vlefshme p\u00ebr t\u00eb gjitha proceset e biznesit dhe nj\u00ebsit\u00eb operative. Kjo korniz\u00eb siguron performanc\u00eb t\u00eb p\u00ebrshtatshme me udh\u00ebzime t\u00eb qarta n\u00eb m\u00ebnyr\u00eb q\u00eb personeli t\u00eb kuptoj\u00eb rolet dhe p\u00ebrgjegj\u00ebsit\u00eb e tyre specifike. N\u00eb ve\u00e7anti, objektivat tona jan\u00eb si m\u00eb posht\u00eb:<\/p><ul style=\"text-align: justify;\"><li style=\"list-style-type: none;\"><ul><li>T\u00eb rekrutoj\u00eb, pun\u00ebsoj\u00eb dhe menaxhoj\u00eb burimet njer\u00ebzore dhe t\u00eb siguroj\u00eb trajnime t\u00eb vazhdueshme t\u00eb stafit n\u00eb t\u00eb gjitha nivelet n\u00eb organizat\u00eb.<\/li><li>T\u00eb krijojm\u00eb nj\u00eb kultur\u00eb ekipore t\u00eb angazhuar dhe me performanc\u00eb t\u00eb lart\u00eb me q\u00ebllim q\u00eb t\u00eb kemi njer\u00ebzit e duhur n\u00eb sasin\u00eb e duhur me aft\u00ebsit\u00eb dhe njohurit\u00eb e duhura p\u00ebr t\u00eb dh\u00ebn\u00eb misionin.<\/li><li>T\u00eb sigurojm\u00eb nj\u00eb mjedis dhe nj\u00eb kultur\u00eb me nj\u00eb aspirat\u00eb p\u00ebr t\u00eb arritur zero d\u00ebm p\u00ebr punonj\u00ebsit tan\u00eb dhe kontraktor\u00ebt.<\/li><li>Krijimi i nj\u00eb sistemi t\u00eb besuesh\u00ebm informacioni mbi rrjedhat e mbetjeve dhe ekuilibrat e input-daljeve t\u00eb mbetjeve q\u00eb p\u00ebrpunohen n\u00eb Impiantin e Komostimit, Njesia e Rikuperimit t\u00eb Materialeve dhe Landfilld<\/li><li>T\u00eb krijoj\u00eb nj\u00eb sistem t\u00eb menaxhimit financiar t\u00eb orientuar drejt performanc\u00ebs me buxhetim t\u00eb forte, mekaniz\u00ebm t\u00eb kontrollit dhe kontabilitetit t\u00eb kostos dhe t\u00eb ardhurave.<\/li><\/ul><\/li><\/ul><div style=\"text-align: justify;\">\u00a0<\/div><p style=\"text-align: justify;\">P\u00ebr t\u00eb futur nj\u00eb Kornize t\u00eb Menaxhimit t\u00eb Rrezikut e nevojshme p\u00ebr kontrollin dhe administrimin efektiv t\u00eb rreziqeve q\u00eb lidhen me funksionimin e biznesit. Kjo mbulon:<\/p><ul style=\"text-align: justify;\"><li style=\"list-style-type: none;\"><ul><li>masat e vendit t\u00eb pun\u00ebs dhe t\u00eb siguris\u00eb sh\u00ebndet\u00ebsore p\u00ebr t\u00eb zbutur aksidentet ose incidentet q\u00eb \u00e7ojn\u00eb n\u00eb d\u00ebmtime t\u00eb stafit ose personave t\u00eb tjer\u00eb n\u00eb vend;<\/li><li>monitorimi i emetimit t\u00eb gazit t\u00eb ujit n\u00ebntok\u00ebsor p\u00ebr t\u00eb zbutur incidentet q\u00eb shkaktojn\u00eb \u00e7lirimin e ndot\u00ebsve t\u00eb palicencuar n\u00eb mjedisin prit\u00ebs;<\/li><li>plani financiar afatmes\u00ebm dhe afatgjat\u00eb p\u00ebr p\u00ebrcaktimin e ri-investimeve t\u00eb nevojshme n\u00eb infrastruktur\u00eb dhe z\u00ebvend\u00ebsimin e pajisjeve t\u00eb planit p\u00ebr t\u00eb shmangur kufizimet dhe \/ ose prishjen e performanc\u00ebs operacionale.<\/li><\/ul><\/li><\/ul><div style=\"text-align: justify;\">\u00a0<\/div>\t\t\t\t\t\t<\/div>\n\t\t\t\t<\/div>\n\t\t\t\t\t<\/div>\n\t\t<\/div>\n\t\t\t\t\t<\/div>\n\t\t<\/section>\n\t\t\t\t<section class=\"elementor-section elementor-top-section elementor-element elementor-element-7721ff8 elementor-section-boxed elementor-section-height-default elementor-section-height-default parallax_section_no qode_elementor_container_no\" data-id=\"7721ff8\" data-element_type=\"section\">\n\t\t\t\t\t\t<div class=\"elementor-container elementor-column-gap-default\">\n\t\t\t\t\t<div class=\"elementor-column elementor-col-100 elementor-top-column elementor-element elementor-element-c3b176f\" data-id=\"c3b176f\" data-element_type=\"column\">\n\t\t\t<div class=\"elementor-widget-wrap elementor-element-populated\">\n\t\t\t\t\t\t<div class=\"elementor-element elementor-element-9710915 elementor-widget elementor-widget-html\" data-id=\"9710915\" data-element_type=\"widget\" data-widget_type=\"html.default\">\n\t\t\t\t<div class=\"elementor-widget-container\">\n\t\t\t<script>\r\ndocument.addEventListener('DOMContentLoaded', function() {\r\njQuery(function($){\r\n$('.showme').click(function(){\r\n$(this).closest('.elementor-section').next().slideToggle();\r\n$(this).toggleClass('opened');\r\n});\r\n$('.closebutton').click(function(){\r\n$(this).closest('.elementor-section').prev().find('.showme').click();\r\n});\r\n});\r\n});\r\n<\/script>\r\n<style>\r\n.showme a , .showme i , .showme img, .closebutton a, .closebutton i, .closebutton img{\r\ncursor: pointer;\r\n-webkit-transition: transform 0.34s ease;\r\ntransition : transform 0.34s ease;\r\n}\r\n.opened i , .opened img , .opened svg{\r\ntransform: rotate(90deg);\r\n}\r\n<\/style>\r\n\t\t<\/div>\n\t\t\t\t<\/div>\n\t\t\t\t<div class=\"elementor-element elementor-element-24bb123 showme elementor-widget elementor-widget-button\" data-id=\"24bb123\" data-element_type=\"widget\" data-widget_type=\"button.default\">\n\t\t\t\t<div class=\"elementor-widget-container\">\n\t\t\t\t\t<div class=\"elementor-button-wrapper\">\n\t\t\t<a class=\"elementor-button elementor-size-sm\" role=\"button\">\n\t\t\t\t\t\t<span class=\"elementor-button-content-wrapper\">\n\t\t\t\t\t\t<span class=\"elementor-button-text\">Vlerat Tona<\/span>\n\t\t<\/span>\n\t\t\t\t\t<\/a>\n\t\t<\/div>\n\t\t\t\t<\/div>\n\t\t\t\t<\/div>\n\t\t\t\t\t<\/div>\n\t\t<\/div>\n\t\t\t\t\t<\/div>\n\t\t<\/section>\n\t\t\t\t<section class=\"elementor-section elementor-top-section elementor-element elementor-element-fd1929a elementor-hidden-desktop elementor-hidden-tablet elementor-hidden-phone elementor-section-boxed elementor-section-height-default elementor-section-height-default parallax_section_no qode_elementor_container_no\" data-id=\"fd1929a\" data-element_type=\"section\">\n\t\t\t\t\t\t<div class=\"elementor-container elementor-column-gap-default\">\n\t\t\t\t\t<div class=\"elementor-column elementor-col-100 elementor-top-column elementor-element elementor-element-bbba8ff\" data-id=\"bbba8ff\" data-element_type=\"column\">\n\t\t\t<div class=\"elementor-widget-wrap elementor-element-populated\">\n\t\t\t\t\t\t<div class=\"elementor-element elementor-element-5b74a12 elementor-widget elementor-widget-text-editor\" data-id=\"5b74a12\" data-element_type=\"widget\" data-widget_type=\"text-editor.default\">\n\t\t\t\t<div class=\"elementor-widget-container\">\n\t\t\t\t\t\t\t<p>Vlerat tona do t\u00eb sigurojn\u00eb bazat p\u00ebr praktikat e kompanis\u00eb son\u00eb dhe ne besojm\u00eb n\u00eb standardet m\u00eb t\u00eb larta etike &#8211; si nj\u00eb kompani dhe si individ\u00eb. Vlerat organizative q\u00eb drejtojn\u00eb dhe drejtojn\u00eb t\u00eb gjitha nd\u00ebrveprimet tona me aktor\u00ebt e jasht\u00ebm dhe t\u00eb brendsh\u00ebm jan\u00eb:<\/p><ul><li><ul><li><ul><li><b>Kreativiteti dhe Inovacioni:\u00a0<\/b>Ne inkurajojm\u00eb t\u00eb gjith\u00eb punonj\u00ebsit tan\u00eb t\u00eb sh\u00ebrbejn\u00eb klient\u00ebve tan\u00eb duke p\u00ebrdorur mjete krijuese dhe proaktive p\u00ebr zhvillimin e zgjidhjeve dhe ideve praktike n\u00eb konsultim t\u00eb ngusht\u00eb me t\u00eb gjith\u00eb aktor\u00ebt tan\u00eb.<\/li><li><b>Respekt, Fuqizim dhe Pun\u00eb Ekipi:<\/b>\u00a0Ne i vler\u00ebsojm\u00eb njer\u00ebzit tan\u00eb dhe nuk diskriminojm\u00eb pasi i trajtojm\u00eb ata n\u00eb m\u00ebnyr\u00eb t\u00eb barabart\u00eb me dinjitet q\u00eb t\u00eb gjith\u00eb t\u00eb p\u00ebrfitojn\u00eb nga potenciali dhe mund\u00ebsia e tyre e plot\u00eb n\u00eb biznes. Ne rrisim pun\u00ebn n\u00eb grup &#8211; me besim, vendosm\u00ebri, angazhim personal dhe nd\u00ebrtimin e marr\u00ebdh\u00ebnieve &#8211; brenda organizat\u00ebs son\u00eb p\u00ebr t\u00eb drejtuar operacionet p\u00ebr ofrimin e sh\u00ebrbimeve n\u00eb m\u00ebnyr\u00eb efektive dhe efikase.<\/li><li><b>Vlera p\u00ebr para:\u00a0<\/b>Ne do t\u00eb kontribuojm\u00eb n\u00eb nj\u00eb sistem t\u00eb integruar rajonal t\u00eb menaxhimit t\u00eb mbetjeve me standard t\u00eb lart\u00eb n\u00eb rikuperimin, asgj\u00ebsimin dhe trajtimin e burimeve t\u00eb mbetjeve banesore dhe komerciale, me kosto t\u00eb p\u00ebrballueshme p\u00ebr qytetar\u00ebt dhe bizneset.<\/li><li>Bashk\u00ebpunimi: Ne do t\u00eb sigurojm\u00eb nj\u00eb mjedis t\u00eb p\u00ebrshtatsh\u00ebm p\u00ebr t\u00eb rritur partneritetet me dhe midis autoriteteve lokale dhe aktor\u00ebve t\u00eb sektorit privat n\u00eb operacionet e menaxhimit t\u00eb mbetjeve t\u00eb ngurta.<\/li><li><b>Rafinimi i vazhduesh\u00ebm:\u00a0<\/b>Ne do t\u00eb njohim potencialin p\u00ebr p\u00ebrmir\u00ebsimin e proceseve tona t\u00eb biznesit n\u00eb organizat\u00ebn e brendshme p\u00ebr t\u00eb optimizuar praktikat e menaxhimit t\u00eb mbeturinave p\u00ebrmes zgjidhjeve edhe m\u00eb t\u00eb mira.<\/li><li><b>Nd\u00ebrgjegj\u00ebsimi i publikut:<\/b>\u00a0Ne besojm\u00eb n\u00eb fuqin\u00eb e veprimtarive arsimore dhe motivuese p\u00ebr t\u00eb ndryshuar sjelljen e njer\u00ebzve drejt nj\u00eb praktike m\u00eb t\u00eb q\u00ebndrueshme t\u00eb trajtimit t\u00eb mbeturinave. Ne do t\u00eb promovojm\u00eb nd\u00ebrgjegj\u00ebsimin e publikut dhe pjes\u00ebmarrjen e njer\u00ebzve p\u00ebrmes konsultimit t\u00eb lagjeve dhe mediave publike.<\/li><\/ul><\/li><\/ul><\/li><\/ul>\t\t\t\t\t\t<\/div>\n\t\t\t\t<\/div>\n\t\t\t\t\t<\/div>\n\t\t<\/div>\n\t\t\t\t\t<\/div>\n\t\t<\/section>\n\t\t\t\t<section class=\"elementor-section elementor-top-section elementor-element elementor-element-438714f elementor-section-boxed elementor-section-height-default elementor-section-height-default parallax_section_no qode_elementor_container_no\" data-id=\"438714f\" data-element_type=\"section\">\n\t\t\t\t\t\t<div class=\"elementor-container elementor-column-gap-default\">\n\t\t\t\t\t\t<\/div>\n\t\t<\/section>\n\t\t\t\t<\/div>\n\t\t","protected":false},"excerpt":{"rendered":"<p>Vizioni yn\u00eb: T\u00eb zhvillojm\u00eb nj\u00eb mark\u00eb rajonale q\u00eb do t\u00eb jet\u00eb partner me klient\u00ebt dhe komunitetet tona dhe t\u00eb siguroj\u00eb sh\u00ebrbime t\u00eb q\u00ebndrueshme, efikase dhe t\u00eb p\u00ebrballueshme p\u00ebr menaxhimin e mbetjeve n\u00eb m\u00ebnyr\u00eb q\u00eb t\u00eb zvog\u00eblojm\u00eb mbeturinat nga mbledhja n\u00eb deponim duke rikuperuar burime t\u00eb&#8230;<\/p>\n","protected":false},"author":1,"featured_media":0,"parent":0,"menu_order":0,"comment_status":"closed","ping_status":"closed","template":"","meta":{"nf_dc_page":"","footnotes":""},"yoast_head":"<!-- This site is optimized with the Yoast SEO plugin v22.1 - https:\/\/yoast.com\/wordpress\/plugins\/seo\/ -->\n<title>Misioni dhe Objektivat - Menaxhimi i Integruar i Mbetjeve<\/title>\n<meta name=\"robots\" content=\"index, follow, max-snippet:-1, max-image-preview:large, max-video-preview:-1\" \/>\n<link rel=\"canonical\" href=\"https:\/\/mimvlora.al\/?page_id=33\" \/>\n<meta property=\"og:locale\" content=\"en_US\" \/>\n<meta property=\"og:type\" content=\"article\" \/>\n<meta property=\"og:title\" content=\"Misioni dhe Objektivat - Menaxhimi i Integruar i Mbetjeve\" \/>\n<meta property=\"og:description\" content=\"Vizioni yn\u00eb: T\u00eb zhvillojm\u00eb nj\u00eb mark\u00eb rajonale q\u00eb do t\u00eb jet\u00eb partner me klient\u00ebt dhe komunitetet tona dhe t\u00eb siguroj\u00eb sh\u00ebrbime t\u00eb q\u00ebndrueshme, efikase dhe t\u00eb p\u00ebrballueshme p\u00ebr menaxhimin e mbetjeve n\u00eb m\u00ebnyr\u00eb q\u00eb t\u00eb zvog\u00eblojm\u00eb mbeturinat nga mbledhja n\u00eb deponim duke rikuperuar burime t\u00eb...\" \/>\n<meta property=\"og:url\" content=\"https:\/\/mimvlora.al\/?page_id=33\" \/>\n<meta property=\"og:site_name\" content=\"Menaxhimi i Integruar i Mbetjeve\" \/>\n<meta property=\"article:publisher\" content=\"https:\/\/www.facebook.com\/Nd%c3%abrmarrja-e-Menaxhimit-t%c3%ab-Integruar-t%c3%ab-Mbetjeve-108024937783375\" \/>\n<meta property=\"article:modified_time\" content=\"2021-02-09T15:38:33+00:00\" \/>\n<meta property=\"og:image\" content=\"https:\/\/mimvlora.al\/wp-content\/uploads\/2021\/02\/waste-management-300x196.png\" \/>\n<meta name=\"twitter:card\" content=\"summary_large_image\" \/>\n<meta name=\"twitter:label1\" content=\"Est. reading time\" \/>\n\t<meta name=\"twitter:data1\" content=\"6 minutes\" \/>\n<script type=\"application\/ld+json\" class=\"yoast-schema-graph\">{\"@context\":\"https:\/\/schema.org\",\"@graph\":[{\"@type\":\"WebPage\",\"@id\":\"https:\/\/mimvlora.al\/?page_id=33\",\"url\":\"https:\/\/mimvlora.al\/?page_id=33\",\"name\":\"Misioni dhe Objektivat - Menaxhimi i Integruar i Mbetjeve\",\"isPartOf\":{\"@id\":\"https:\/\/mimvlora.al\/#website\"},\"datePublished\":\"2021-01-08T23:21:37+00:00\",\"dateModified\":\"2021-02-09T15:38:33+00:00\",\"breadcrumb\":{\"@id\":\"https:\/\/mimvlora.al\/?page_id=33#breadcrumb\"},\"inLanguage\":\"en-US\",\"potentialAction\":[{\"@type\":\"ReadAction\",\"target\":[\"https:\/\/mimvlora.al\/?page_id=33\"]}]},{\"@type\":\"BreadcrumbList\",\"@id\":\"https:\/\/mimvlora.al\/?page_id=33#breadcrumb\",\"itemListElement\":[{\"@type\":\"ListItem\",\"position\":1,\"name\":\"Home\",\"item\":\"http:\/\/mimvlora.al\/\"},{\"@type\":\"ListItem\",\"position\":2,\"name\":\"Misioni dhe Objektivat\"}]},{\"@type\":\"WebSite\",\"@id\":\"https:\/\/mimvlora.al\/#website\",\"url\":\"https:\/\/mimvlora.al\/\",\"name\":\"Menaxhimi i Integruar i Mbetjeve\",\"description\":\"\",\"publisher\":{\"@id\":\"https:\/\/mimvlora.al\/#organization\"},\"potentialAction\":[{\"@type\":\"SearchAction\",\"target\":{\"@type\":\"EntryPoint\",\"urlTemplate\":\"https:\/\/mimvlora.al\/?s={search_term_string}\"},\"query-input\":\"required name=search_term_string\"}],\"inLanguage\":\"en-US\"},{\"@type\":\"Organization\",\"@id\":\"https:\/\/mimvlora.al\/#organization\",\"name\":\"MIM Vlora\",\"url\":\"https:\/\/mimvlora.al\/\",\"logo\":{\"@type\":\"ImageObject\",\"inLanguage\":\"en-US\",\"@id\":\"https:\/\/mimvlora.al\/#\/schema\/logo\/image\/\",\"url\":\"https:\/\/i1.wp.com\/mimvlora.al\/wp-content\/uploads\/2021\/01\/logo-1.png?fit=500%2C500&ssl=1\",\"contentUrl\":\"https:\/\/i1.wp.com\/mimvlora.al\/wp-content\/uploads\/2021\/01\/logo-1.png?fit=500%2C500&ssl=1\",\"width\":500,\"height\":500,\"caption\":\"MIM Vlora\"},\"image\":{\"@id\":\"https:\/\/mimvlora.al\/#\/schema\/logo\/image\/\"},\"sameAs\":[\"https:\/\/www.facebook.com\/Nd\u00ebrmarrja-e-Menaxhimit-t\u00eb-Integruar-t\u00eb-Mbetjeve-108024937783375\"]}]}<\/script>\n<!-- \/ Yoast SEO plugin. -->","yoast_head_json":{"title":"Misioni dhe Objektivat - Menaxhimi i Integruar i Mbetjeve","robots":{"index":"index","follow":"follow","max-snippet":"max-snippet:-1","max-image-preview":"max-image-preview:large","max-video-preview":"max-video-preview:-1"},"canonical":"https:\/\/mimvlora.al\/?page_id=33","og_locale":"en_US","og_type":"article","og_title":"Misioni dhe Objektivat - Menaxhimi i Integruar i Mbetjeve","og_description":"Vizioni yn\u00eb: T\u00eb zhvillojm\u00eb nj\u00eb mark\u00eb rajonale q\u00eb do t\u00eb jet\u00eb partner me klient\u00ebt dhe komunitetet tona dhe t\u00eb siguroj\u00eb sh\u00ebrbime t\u00eb q\u00ebndrueshme, efikase dhe t\u00eb p\u00ebrballueshme p\u00ebr menaxhimin e mbetjeve n\u00eb m\u00ebnyr\u00eb q\u00eb t\u00eb zvog\u00eblojm\u00eb mbeturinat nga mbledhja n\u00eb deponim duke rikuperuar burime t\u00eb...","og_url":"https:\/\/mimvlora.al\/?page_id=33","og_site_name":"Menaxhimi i Integruar i Mbetjeve","article_publisher":"https:\/\/www.facebook.com\/Nd%c3%abrmarrja-e-Menaxhimit-t%c3%ab-Integruar-t%c3%ab-Mbetjeve-108024937783375","article_modified_time":"2021-02-09T15:38:33+00:00","og_image":[{"url":"https:\/\/mimvlora.al\/wp-content\/uploads\/2021\/02\/waste-management-300x196.png"}],"twitter_card":"summary_large_image","twitter_misc":{"Est. reading time":"6 minutes"},"schema":{"@context":"https:\/\/schema.org","@graph":[{"@type":"WebPage","@id":"https:\/\/mimvlora.al\/?page_id=33","url":"https:\/\/mimvlora.al\/?page_id=33","name":"Misioni dhe Objektivat - Menaxhimi i Integruar i Mbetjeve","isPartOf":{"@id":"https:\/\/mimvlora.al\/#website"},"datePublished":"2021-01-08T23:21:37+00:00","dateModified":"2021-02-09T15:38:33+00:00","breadcrumb":{"@id":"https:\/\/mimvlora.al\/?page_id=33#breadcrumb"},"inLanguage":"en-US","potentialAction":[{"@type":"ReadAction","target":["https:\/\/mimvlora.al\/?page_id=33"]}]},{"@type":"BreadcrumbList","@id":"https:\/\/mimvlora.al\/?page_id=33#breadcrumb","itemListElement":[{"@type":"ListItem","position":1,"name":"Home","item":"http:\/\/mimvlora.al\/"},{"@type":"ListItem","position":2,"name":"Misioni dhe Objektivat"}]},{"@type":"WebSite","@id":"https:\/\/mimvlora.al\/#website","url":"https:\/\/mimvlora.al\/","name":"Menaxhimi i Integruar i Mbetjeve","description":"","publisher":{"@id":"https:\/\/mimvlora.al\/#organization"},"potentialAction":[{"@type":"SearchAction","target":{"@type":"EntryPoint","urlTemplate":"https:\/\/mimvlora.al\/?s={search_term_string}"},"query-input":"required name=search_term_string"}],"inLanguage":"en-US"},{"@type":"Organization","@id":"https:\/\/mimvlora.al\/#organization","name":"MIM Vlora","url":"https:\/\/mimvlora.al\/","logo":{"@type":"ImageObject","inLanguage":"en-US","@id":"https:\/\/mimvlora.al\/#\/schema\/logo\/image\/","url":"https:\/\/i1.wp.com\/mimvlora.al\/wp-content\/uploads\/2021\/01\/logo-1.png?fit=500%2C500&ssl=1","contentUrl":"https:\/\/i1.wp.com\/mimvlora.al\/wp-content\/uploads\/2021\/01\/logo-1.png?fit=500%2C500&ssl=1","width":500,"height":500,"caption":"MIM Vlora"},"image":{"@id":"https:\/\/mimvlora.al\/#\/schema\/logo\/image\/"},"sameAs":["https:\/\/www.facebook.com\/Nd\u00ebrmarrja-e-Menaxhimit-t\u00eb-Integruar-t\u00eb-Mbetjeve-108024937783375"]}]}},"jetpack_sharing_enabled":true,"_links":{"self":[{"href":"https:\/\/mimvlora.al\/index.php?rest_route=\/wp\/v2\/pages\/33"}],"collection":[{"href":"https:\/\/mimvlora.al\/index.php?rest_route=\/wp\/v2\/pages"}],"about":[{"href":"https:\/\/mimvlora.al\/index.php?rest_route=\/wp\/v2\/types\/page"}],"author":[{"embeddable":true,"href":"https:\/\/mimvlora.al\/index.php?rest_route=\/wp\/v2\/users\/1"}],"replies":[{"embeddable":true,"href":"https:\/\/mimvlora.al\/index.php?rest_route=%2Fwp%2Fv2%2Fcomments&post=33"}],"version-history":[{"count":5,"href":"https:\/\/mimvlora.al\/index.php?rest_route=\/wp\/v2\/pages\/33\/revisions"}],"predecessor-version":[{"id":955,"href":"https:\/\/mimvlora.al\/index.php?rest_route=\/wp\/v2\/pages\/33\/revisions\/955"}],"wp:attachment":[{"href":"https:\/\/mimvlora.al\/index.php?rest_route=%2Fwp%2Fv2%2Fmedia&parent=33"}],"curies":[{"name":"wp","href":"https:\/\/api.w.org\/{rel}","templated":true}]}}