{"id":351,"date":"2021-01-15T17:25:03","date_gmt":"2021-01-15T17:25:03","guid":{"rendered":"https:\/\/mimvlora.al\/?page_id=351"},"modified":"2021-02-09T14:57:01","modified_gmt":"2021-02-09T14:57:01","slug":"kompostimi","status":"publish","type":"page","link":"https:\/\/mimvlora.al\/?page_id=351","title":{"rendered":"Kompostimi"},"content":{"rendered":"\t\t<div data-elementor-type=\"wp-page\" data-elementor-id=\"351\" class=\"elementor elementor-351\">\n\t\t\t\t\t\t<section class=\"elementor-section elementor-top-section elementor-element elementor-element-efa50d8 elementor-section-boxed elementor-section-height-default elementor-section-height-default parallax_section_no qode_elementor_container_no\" data-id=\"efa50d8\" data-element_type=\"section\">\n\t\t\t\t\t\t<div class=\"elementor-container elementor-column-gap-default\">\n\t\t\t\t\t<div class=\"elementor-column elementor-col-100 elementor-top-column elementor-element elementor-element-a878bd0\" data-id=\"a878bd0\" data-element_type=\"column\">\n\t\t\t<div class=\"elementor-widget-wrap elementor-element-populated\">\n\t\t\t\t\t\t<div class=\"elementor-element elementor-element-7fe33fa elementor-widget elementor-widget-text-editor\" data-id=\"7fe33fa\" data-element_type=\"widget\" data-widget_type=\"text-editor.default\">\n\t\t\t\t<div class=\"elementor-widget-container\">\n\t\t\t\t\t\t\t<h4 style=\"text-align: center;\"><span style=\"color: #808080;\"><strong>Ne ju ndihmojm\u00eb t\u00eb pasuroni tok\u00ebn natyrsh\u00ebm<\/strong><\/span><\/h4><h4 style=\"text-align: center;\"><span style=\"color: #808080;\"><strong>P\u00ebrpunimi i l\u00ebnd\u00ebve t\u00eb biodegradueshme n\u00eb plehrash zvog\u00eblon mbetjet q\u00eb shkojn\u00eb n\u00eb deponi dhe ndotjen e mjedisit nga gazi dhe rrjedhjet<\/strong><\/span><\/h4><p>\u00a0<\/p><p style=\"text-align: justify;\">N\u00eb Vlor\u00eb, mbetjet sht\u00ebpiake kryesisht p\u00ebrb\u00ebhen nga mbetjet organike. Kjo p\u00ebrfshin mbeturinat e gjelbra nga kopshtet dhe parqet private dhe publike dhe gjithashtu mbeturinat e kuzhin\u00ebs si\u00e7 jan\u00eb prerjet dhe l\u00ebvozhgat nga pem\u00ebt dhe perimet dhe mbetjet e ushqimit.<\/p><p>\u00a0<\/p><p style=\"text-align: justify;\">N\u00ebse mbeturinat organike hidhen n\u00eb deponi, si\u00e7 ishte rasti n\u00eb Vlor\u00eb dhe Selenic\u0451 n\u00eb t\u00eb kaluar\u00ebn, atje prodhohen sasi t\u00eb m\u00ebdha metani dhe leachate. Meqen\u00ebse Metani \u00ebsht\u00eb nj\u00eb gaz ser\u00eb i madh q\u00eb d\u00ebmton klim\u00ebn ton\u00eb, ai duhet t\u00eb mblidhet dhe trajtohet. N\u00eb m\u00ebnyr\u00eb t\u00eb ngjashme, rrjedhja mund t\u00eb transportoj\u00eb substancat e rrezikshme n\u00eb uj\u00ebrat sip\u00ebrfaq\u00ebsor\u00eb dhe n\u00ebntok\u00ebsor\u00eb, n\u00ebse nuk mblidhen dhe trajtohen.<\/p><p>\u00a0<\/p><p style=\"text-align: justify;\">Sidoqoft\u00eb, nga mbeturinat organike, n\u00ebse grumbullohen ve\u00e7mas, mund t\u00eb prodhohet kompost i pasur me l\u00ebnd\u00eb ushqyese. N\u00eb nj\u00eb v\u00ebshtrim t\u00eb shpejt\u00eb, kompostimi n\u00ebnkupton dekompozimin e l\u00ebnd\u00ebs organike kryesisht nga bakteret dhe k\u00ebrpudhat n\u00eb kushte t\u00eb kontrolluara. Plehrat e prodhuara m\u00eb pas mund t\u00eb p\u00ebrdoren p\u00ebr kondicionimin dhe fekondimin e tok\u00ebs n\u00eb bujq\u00ebsi dhe hortikultur\u00eb. Ne si MIM Vlora parashikojm\u00eb dy m\u00ebnyra p\u00ebr t\u00eb futur kompostimin n\u00eb Zon\u00ebn e Mbetjeve n\u00eb Vlor\u00ebn Veriore:<\/p><ul><li style=\"list-style-type: none;\"><ul><li style=\"list-style-type: none;\"><ul><li style=\"text-align: justify;\"><a href=\"https:\/\/mimvlora.al\/?page_id=100\">Grumbullimi i ve\u00e7ant\u00eb i mbetjeve jeshile (lexo me shume)<\/a> dhe <a href=\"https:\/\/mimvlora.al\/?page_id=96\"> trajtimi n\u00eb nj\u00eb impiant kompostimi (pilot) (lexo me shume)<\/a><\/li><li style=\"text-align: justify;\"><a href=\"https:\/\/mimvlora.al\/?page_id=98\">Kompostimi n\u00eb sht\u00ebpi (lexo me shume)<\/a><\/li><\/ul><\/li><\/ul><\/li><\/ul>\t\t\t\t\t\t<\/div>\n\t\t\t\t<\/div>\n\t\t\t\t\t<\/div>\n\t\t<\/div>\n\t\t\t\t\t<\/div>\n\t\t<\/section>\n\t\t\t\t<\/div>\n\t\t","protected":false},"excerpt":{"rendered":"<p>Ne ju ndihmojm\u00eb t\u00eb pasuroni tok\u00ebn natyrsh\u00ebm P\u00ebrpunimi i l\u00ebnd\u00ebve t\u00eb biodegradueshme n\u00eb plehrash zvog\u00eblon mbetjet q\u00eb shkojn\u00eb n\u00eb deponi dhe ndotjen e mjedisit nga gazi dhe rrjedhjet \u00a0 N\u00eb Vlor\u00eb, mbetjet sht\u00ebpiake kryesisht p\u00ebrb\u00ebhen nga mbetjet organike. Kjo p\u00ebrfshin mbeturinat e gjelbra nga kopshtet&#8230;<\/p>\n","protected":false},"author":1,"featured_media":0,"parent":0,"menu_order":0,"comment_status":"closed","ping_status":"closed","template":"","meta":{"nf_dc_page":"","footnotes":""},"yoast_head":"<!-- This site is optimized with the Yoast SEO plugin v22.1 - https:\/\/yoast.com\/wordpress\/plugins\/seo\/ -->\n<title>Kompostimi - Menaxhimi i Integruar i Mbetjeve<\/title>\n<meta name=\"robots\" content=\"index, follow, max-snippet:-1, max-image-preview:large, max-video-preview:-1\" \/>\n<link rel=\"canonical\" href=\"https:\/\/mimvlora.al\/?page_id=351\" \/>\n<meta property=\"og:locale\" content=\"en_US\" \/>\n<meta property=\"og:type\" content=\"article\" \/>\n<meta property=\"og:title\" content=\"Kompostimi - Menaxhimi i Integruar i Mbetjeve\" \/>\n<meta property=\"og:description\" content=\"Ne ju ndihmojm\u00eb t\u00eb pasuroni tok\u00ebn natyrsh\u00ebm P\u00ebrpunimi i l\u00ebnd\u00ebve t\u00eb biodegradueshme n\u00eb plehrash zvog\u00eblon mbetjet q\u00eb shkojn\u00eb n\u00eb deponi dhe ndotjen e mjedisit nga gazi dhe rrjedhjet \u00a0 N\u00eb Vlor\u00eb, mbetjet sht\u00ebpiake kryesisht p\u00ebrb\u00ebhen nga mbetjet organike. Kjo p\u00ebrfshin mbeturinat e gjelbra nga kopshtet...\" \/>\n<meta property=\"og:url\" content=\"https:\/\/mimvlora.al\/?page_id=351\" \/>\n<meta property=\"og:site_name\" content=\"Menaxhimi i Integruar i Mbetjeve\" \/>\n<meta property=\"article:publisher\" content=\"https:\/\/www.facebook.com\/Nd%c3%abrmarrja-e-Menaxhimit-t%c3%ab-Integruar-t%c3%ab-Mbetjeve-108024937783375\" \/>\n<meta property=\"article:modified_time\" content=\"2021-02-09T14:57:01+00:00\" \/>\n<meta name=\"twitter:card\" content=\"summary_large_image\" \/>\n<meta name=\"twitter:label1\" content=\"Est. reading time\" \/>\n\t<meta name=\"twitter:data1\" content=\"2 minutes\" \/>\n<script type=\"application\/ld+json\" class=\"yoast-schema-graph\">{\"@context\":\"https:\/\/schema.org\",\"@graph\":[{\"@type\":\"WebPage\",\"@id\":\"https:\/\/mimvlora.al\/?page_id=351\",\"url\":\"https:\/\/mimvlora.al\/?page_id=351\",\"name\":\"Kompostimi - Menaxhimi i Integruar i Mbetjeve\",\"isPartOf\":{\"@id\":\"https:\/\/mimvlora.al\/#website\"},\"datePublished\":\"2021-01-15T17:25:03+00:00\",\"dateModified\":\"2021-02-09T14:57:01+00:00\",\"breadcrumb\":{\"@id\":\"https:\/\/mimvlora.al\/?page_id=351#breadcrumb\"},\"inLanguage\":\"en-US\",\"potentialAction\":[{\"@type\":\"ReadAction\",\"target\":[\"https:\/\/mimvlora.al\/?page_id=351\"]}]},{\"@type\":\"BreadcrumbList\",\"@id\":\"https:\/\/mimvlora.al\/?page_id=351#breadcrumb\",\"itemListElement\":[{\"@type\":\"ListItem\",\"position\":1,\"name\":\"Home\",\"item\":\"http:\/\/mimvlora.al\/\"},{\"@type\":\"ListItem\",\"position\":2,\"name\":\"Kompostimi\"}]},{\"@type\":\"WebSite\",\"@id\":\"https:\/\/mimvlora.al\/#website\",\"url\":\"https:\/\/mimvlora.al\/\",\"name\":\"Menaxhimi i Integruar i Mbetjeve\",\"description\":\"\",\"publisher\":{\"@id\":\"https:\/\/mimvlora.al\/#organization\"},\"potentialAction\":[{\"@type\":\"SearchAction\",\"target\":{\"@type\":\"EntryPoint\",\"urlTemplate\":\"https:\/\/mimvlora.al\/?s={search_term_string}\"},\"query-input\":\"required name=search_term_string\"}],\"inLanguage\":\"en-US\"},{\"@type\":\"Organization\",\"@id\":\"https:\/\/mimvlora.al\/#organization\",\"name\":\"MIM Vlora\",\"url\":\"https:\/\/mimvlora.al\/\",\"logo\":{\"@type\":\"ImageObject\",\"inLanguage\":\"en-US\",\"@id\":\"https:\/\/mimvlora.al\/#\/schema\/logo\/image\/\",\"url\":\"https:\/\/i1.wp.com\/mimvlora.al\/wp-content\/uploads\/2021\/01\/logo-1.png?fit=500%2C500&ssl=1\",\"contentUrl\":\"https:\/\/i1.wp.com\/mimvlora.al\/wp-content\/uploads\/2021\/01\/logo-1.png?fit=500%2C500&ssl=1\",\"width\":500,\"height\":500,\"caption\":\"MIM Vlora\"},\"image\":{\"@id\":\"https:\/\/mimvlora.al\/#\/schema\/logo\/image\/\"},\"sameAs\":[\"https:\/\/www.facebook.com\/Nd\u00ebrmarrja-e-Menaxhimit-t\u00eb-Integruar-t\u00eb-Mbetjeve-108024937783375\"]}]}<\/script>\n<!-- \/ Yoast SEO plugin. -->","yoast_head_json":{"title":"Kompostimi - Menaxhimi i Integruar i Mbetjeve","robots":{"index":"index","follow":"follow","max-snippet":"max-snippet:-1","max-image-preview":"max-image-preview:large","max-video-preview":"max-video-preview:-1"},"canonical":"https:\/\/mimvlora.al\/?page_id=351","og_locale":"en_US","og_type":"article","og_title":"Kompostimi - Menaxhimi i Integruar i Mbetjeve","og_description":"Ne ju ndihmojm\u00eb t\u00eb pasuroni tok\u00ebn natyrsh\u00ebm P\u00ebrpunimi i l\u00ebnd\u00ebve t\u00eb biodegradueshme n\u00eb plehrash zvog\u00eblon mbetjet q\u00eb shkojn\u00eb n\u00eb deponi dhe ndotjen e mjedisit nga gazi dhe rrjedhjet \u00a0 N\u00eb Vlor\u00eb, mbetjet sht\u00ebpiake kryesisht p\u00ebrb\u00ebhen nga mbetjet organike. Kjo p\u00ebrfshin mbeturinat e gjelbra nga kopshtet...","og_url":"https:\/\/mimvlora.al\/?page_id=351","og_site_name":"Menaxhimi i Integruar i Mbetjeve","article_publisher":"https:\/\/www.facebook.com\/Nd%c3%abrmarrja-e-Menaxhimit-t%c3%ab-Integruar-t%c3%ab-Mbetjeve-108024937783375","article_modified_time":"2021-02-09T14:57:01+00:00","twitter_card":"summary_large_image","twitter_misc":{"Est. reading time":"2 minutes"},"schema":{"@context":"https:\/\/schema.org","@graph":[{"@type":"WebPage","@id":"https:\/\/mimvlora.al\/?page_id=351","url":"https:\/\/mimvlora.al\/?page_id=351","name":"Kompostimi - Menaxhimi i Integruar i Mbetjeve","isPartOf":{"@id":"https:\/\/mimvlora.al\/#website"},"datePublished":"2021-01-15T17:25:03+00:00","dateModified":"2021-02-09T14:57:01+00:00","breadcrumb":{"@id":"https:\/\/mimvlora.al\/?page_id=351#breadcrumb"},"inLanguage":"en-US","potentialAction":[{"@type":"ReadAction","target":["https:\/\/mimvlora.al\/?page_id=351"]}]},{"@type":"BreadcrumbList","@id":"https:\/\/mimvlora.al\/?page_id=351#breadcrumb","itemListElement":[{"@type":"ListItem","position":1,"name":"Home","item":"http:\/\/mimvlora.al\/"},{"@type":"ListItem","position":2,"name":"Kompostimi"}]},{"@type":"WebSite","@id":"https:\/\/mimvlora.al\/#website","url":"https:\/\/mimvlora.al\/","name":"Menaxhimi i Integruar i Mbetjeve","description":"","publisher":{"@id":"https:\/\/mimvlora.al\/#organization"},"potentialAction":[{"@type":"SearchAction","target":{"@type":"EntryPoint","urlTemplate":"https:\/\/mimvlora.al\/?s={search_term_string}"},"query-input":"required name=search_term_string"}],"inLanguage":"en-US"},{"@type":"Organization","@id":"https:\/\/mimvlora.al\/#organization","name":"MIM Vlora","url":"https:\/\/mimvlora.al\/","logo":{"@type":"ImageObject","inLanguage":"en-US","@id":"https:\/\/mimvlora.al\/#\/schema\/logo\/image\/","url":"https:\/\/i1.wp.com\/mimvlora.al\/wp-content\/uploads\/2021\/01\/logo-1.png?fit=500%2C500&ssl=1","contentUrl":"https:\/\/i1.wp.com\/mimvlora.al\/wp-content\/uploads\/2021\/01\/logo-1.png?fit=500%2C500&ssl=1","width":500,"height":500,"caption":"MIM Vlora"},"image":{"@id":"https:\/\/mimvlora.al\/#\/schema\/logo\/image\/"},"sameAs":["https:\/\/www.facebook.com\/Nd\u00ebrmarrja-e-Menaxhimit-t\u00eb-Integruar-t\u00eb-Mbetjeve-108024937783375"]}]}},"jetpack_sharing_enabled":true,"_links":{"self":[{"href":"https:\/\/mimvlora.al\/index.php?rest_route=\/wp\/v2\/pages\/351"}],"collection":[{"href":"https:\/\/mimvlora.al\/index.php?rest_route=\/wp\/v2\/pages"}],"about":[{"href":"https:\/\/mimvlora.al\/index.php?rest_route=\/wp\/v2\/types\/page"}],"author":[{"embeddable":true,"href":"https:\/\/mimvlora.al\/index.php?rest_route=\/wp\/v2\/users\/1"}],"replies":[{"embeddable":true,"href":"https:\/\/mimvlora.al\/index.php?rest_route=%2Fwp%2Fv2%2Fcomments&post=351"}],"version-history":[{"count":5,"href":"https:\/\/mimvlora.al\/index.php?rest_route=\/wp\/v2\/pages\/351\/revisions"}],"predecessor-version":[{"id":928,"href":"https:\/\/mimvlora.al\/index.php?rest_route=\/wp\/v2\/pages\/351\/revisions\/928"}],"wp:attachment":[{"href":"https:\/\/mimvlora.al\/index.php?rest_route=%2Fwp%2Fv2%2Fmedia&parent=351"}],"curies":[{"name":"wp","href":"https:\/\/api.w.org\/{rel}","templated":true}]}}