{"id":376,"date":"2021-01-17T15:22:27","date_gmt":"2021-01-17T15:22:27","guid":{"rendered":"https:\/\/mimvlora.al\/?page_id=376"},"modified":"2021-01-17T15:47:12","modified_gmt":"2021-01-17T15:47:12","slug":"sitemap-al","status":"publish","type":"page","link":"https:\/\/mimvlora.al\/?page_id=376","title":{"rendered":"Sitemap-Al"},"content":{"rendered":"\t\t<div data-elementor-type=\"wp-page\" data-elementor-id=\"376\" class=\"elementor elementor-376\">\n\t\t\t\t\t\t<section class=\"elementor-section elementor-top-section elementor-element elementor-element-18f5da4c elementor-section-boxed elementor-section-height-default elementor-section-height-default parallax_section_no qode_elementor_container_no\" data-id=\"18f5da4c\" data-element_type=\"section\">\n\t\t\t\t\t\t<div class=\"elementor-container elementor-column-gap-default\">\n\t\t\t\t\t<div class=\"elementor-column elementor-col-100 elementor-top-column elementor-element elementor-element-14eb21b4\" data-id=\"14eb21b4\" data-element_type=\"column\">\n\t\t\t<div class=\"elementor-widget-wrap elementor-element-populated\">\n\t\t\t\t\t\t<div class=\"elementor-element elementor-element-356245f4 elementor-widget elementor-widget-text-editor\" data-id=\"356245f4\" data-element_type=\"widget\" data-widget_type=\"text-editor.default\">\n\t\t\t\t<div class=\"elementor-widget-container\">\n\t\t\t\t\t\t\t<p><!-- wp:paragraph --><\/p>\n<h3><strong>SITEMAP<\/strong><\/h3>\n<div><strong>\u00a0<\/strong><\/div>\n<p>HOME<\/p>\n<p><!-- \/wp:paragraph --><\/p>\n<p><!-- wp:paragraph --><\/p>\n<p style=\"padding-left: 40px;\"><a style=\"font-family: var( --e-global-typography-text-font-family ), Sans-serif; font-weight: var( --e-global-typography-text-font-weight );\" href=\"https:\/\/mimvlora.al\/?page_id=349\" target=\"_blank\" rel=\"noopener\">RRETH NESH<\/a><\/p>\n<p style=\"padding-left: 80px;\"><a style=\"font-family: var( --e-global-typography-text-font-family ), Sans-serif; font-weight: var( --e-global-typography-text-font-weight );\" href=\"https:\/\/mimvlora.al\/?page_id=33\" target=\"_blank\" rel=\"noopener\">Misioni dhe Objektivat<\/a><\/p>\n<p style=\"padding-left: 80px;\"><a style=\"font-family: var( --e-global-typography-text-font-family ), Sans-serif; font-weight: var( --e-global-typography-text-font-weight );\" href=\"https:\/\/mimvlora.al\/?page_id=88\" target=\"_blank\" rel=\"noopener\">Fusha e Sherbimit<\/a><\/p>\n<p style=\"padding-left: 80px;\"><a href=\"https:\/\/mimvlora.al\/?page_id=90\" target=\"_blank\" rel=\"noopener\">Statuti<\/a><\/p>\n<p style=\"padding-left: 80px;\"><!-- \/wp:paragraph --><\/p>\n<p style=\"padding-left: 80px;\"><!-- wp:paragraph --><\/p>\n<p style=\"padding-left: 80px;\"><a href=\"https:\/\/mimvlora.al\/?page_id=92\" target=\"_blank\" rel=\"noopener\">Organizimi dhe Stafi<\/a><\/p>\n<p style=\"padding-left: 40px;\"><a href=\"https:\/\/mimvlora.al\/?page_id=351\" target=\"_blank\" rel=\"noopener\">KOMPOSTIMI<\/a><\/p>\n<p style=\"padding-left: 80px;\"><a style=\"font-family: var( --e-global-typography-text-font-family ), Sans-serif; font-weight: var( --e-global-typography-text-font-weight );\" href=\"https:\/\/mimvlora.al\/?page_id=100\" target=\"_blank\" rel=\"noopener\">Grumbullimi i Ndare i Mbetjeve te Riciklueshme<\/a><\/p>\n<p style=\"padding-left: 80px;\"><a style=\"font-family: var( --e-global-typography-text-font-family ), Sans-serif; font-weight: var( --e-global-typography-text-font-weight );\" href=\"https:\/\/mimvlora.al\/?page_id=96\" target=\"_blank\" rel=\"noopener\">Impianti Pilot i Kompostimit<\/a><\/p>\n<p style=\"padding-left: 80px;\"><a style=\"font-family: var( --e-global-typography-text-font-family ), Sans-serif; font-weight: var( --e-global-typography-text-font-weight );\" href=\"https:\/\/mimvlora.al\/?page_id=98\" target=\"_blank\" rel=\"noopener\">Kompostimi ne Shtepi<\/a><\/p>\n<p style=\"padding-left: 40px;\"><a href=\"https:\/\/mimvlora.al\/?page_id=353\" target=\"_blank\" rel=\"noopener\">RICIKLIMI<\/a><\/p>\n<p style=\"padding-left: 80px;\"><a style=\"font-family: var( --e-global-typography-text-font-family ), Sans-serif; font-weight: var( --e-global-typography-text-font-weight );\" href=\"https:\/\/mimvlora.al\/?page_id=94\" target=\"_blank\" rel=\"noopener\">Ndarja e Mbetjeve te Gjelberta<\/a><\/p>\n<p style=\"padding-left: 80px;\"><a style=\"font-family: var( --e-global-typography-text-font-family ), Sans-serif; font-weight: var( --e-global-typography-text-font-weight );\" href=\"https:\/\/mimvlora.al\/?page_id=102\" target=\"_blank\" rel=\"noopener\">Njesia e Rikuperimit te Materialeve<\/a><\/p>\n<p style=\"padding-left: 40px;\"><a href=\"https:\/\/mimvlora.al\/?page_id=104\" target=\"_blank\" rel=\"noopener\">DEPOZITIMI<\/a><\/p>\n<p style=\"padding-left: 40px;\"><a style=\"font-family: var( --e-global-typography-text-font-family ), Sans-serif; font-weight: var( --e-global-typography-text-font-weight );\" href=\"https:\/\/mimvlora.al\/?page_id=355\" target=\"_blank\" rel=\"noopener\">KESHILLA &amp; INFO<\/a><\/p>\n<p style=\"padding-left: 80px;\"><a style=\"font-family: var( --e-global-typography-text-font-family ), Sans-serif; font-weight: var( --e-global-typography-text-font-weight );\" href=\"https:\/\/mimvlora.al\/?page_id=105\" target=\"_blank\" rel=\"noopener\">Reduktimi i Mbetjeve<\/a><\/p>\n<p style=\"padding-left: 80px;\"><a style=\"font-family: var( --e-global-typography-text-font-family ), Sans-serif; font-weight: var( --e-global-typography-text-font-weight );\" href=\"https:\/\/mimvlora.al\/?page_id=108\" target=\"_blank\" rel=\"noopener\">Pyetje te Shpeshta<\/a><\/p>\n<p style=\"padding-left: 80px;\"><a style=\"font-family: var( --e-global-typography-text-font-family ), Sans-serif; font-weight: var( --e-global-typography-text-font-weight );\" href=\"https:\/\/mimvlora.al\/?page_id=110\" target=\"_blank\" rel=\"noopener\">Legjislacioni ne Fuqi dhe Dokumente Strategjik<\/a><\/p>\n<p style=\"padding-left: 40px;\"><a href=\"https:\/\/mimvlora.al\/?page_id=43\" target=\"_blank\" rel=\"noopener\">KONTAKT<\/a><\/p>\n<p style=\"padding-left: 40px;\">\u00a0<\/p>\n<p><!-- \/wp:paragraph --><\/p>\t\t\t\t\t\t<\/div>\n\t\t\t\t<\/div>\n\t\t\t\t\t<\/div>\n\t\t<\/div>\n\t\t\t\t\t<\/div>\n\t\t<\/section>\n\t\t\t\t<\/div>\n\t\t","protected":false},"excerpt":{"rendered":"<p>SITEMAP \u00a0 HOME RRETH NESH Misioni dhe Objektivat Fusha e Sherbimit Statuti Organizimi dhe Stafi KOMPOSTIMI Grumbullimi i Ndare i Mbetjeve te Riciklueshme Impianti Pilot i Kompostimit Kompostimi ne Shtepi RICIKLIMI Ndarja e Mbetjeve te Gjelberta Njesia e Rikuperimit te Materialeve DEPOZITIMI KESHILLA &amp; INFO&#8230;<\/p>\n","protected":false},"author":1,"featured_media":0,"parent":0,"menu_order":0,"comment_status":"closed","ping_status":"closed","template":"","meta":{"nf_dc_page":"","footnotes":""},"yoast_head":"<!-- This site is optimized with the Yoast SEO plugin v22.1 - https:\/\/yoast.com\/wordpress\/plugins\/seo\/ -->\n<title>Sitemap-Al - Menaxhimi i Integruar i Mbetjeve<\/title>\n<meta name=\"robots\" content=\"index, follow, max-snippet:-1, max-image-preview:large, max-video-preview:-1\" \/>\n<link rel=\"canonical\" href=\"https:\/\/mimvlora.al\/?page_id=376\" \/>\n<meta property=\"og:locale\" content=\"en_US\" \/>\n<meta property=\"og:type\" content=\"article\" \/>\n<meta property=\"og:title\" content=\"Sitemap-Al - Menaxhimi i Integruar i Mbetjeve\" \/>\n<meta property=\"og:description\" content=\"SITEMAP \u00a0 HOME RRETH NESH Misioni dhe Objektivat Fusha e Sherbimit Statuti Organizimi dhe Stafi KOMPOSTIMI Grumbullimi i Ndare i Mbetjeve te Riciklueshme Impianti Pilot i Kompostimit Kompostimi ne Shtepi RICIKLIMI Ndarja e Mbetjeve te Gjelberta Njesia e Rikuperimit te Materialeve DEPOZITIMI KESHILLA &amp; INFO...\" \/>\n<meta property=\"og:url\" content=\"https:\/\/mimvlora.al\/?page_id=376\" \/>\n<meta property=\"og:site_name\" content=\"Menaxhimi i Integruar i Mbetjeve\" \/>\n<meta property=\"article:publisher\" content=\"https:\/\/www.facebook.com\/Nd%c3%abrmarrja-e-Menaxhimit-t%c3%ab-Integruar-t%c3%ab-Mbetjeve-108024937783375\" \/>\n<meta property=\"article:modified_time\" content=\"2021-01-17T15:47:12+00:00\" \/>\n<meta name=\"twitter:card\" content=\"summary_large_image\" \/>\n<meta name=\"twitter:label1\" content=\"Est. reading time\" \/>\n\t<meta name=\"twitter:data1\" content=\"1 minute\" \/>\n<script type=\"application\/ld+json\" class=\"yoast-schema-graph\">{\"@context\":\"https:\/\/schema.org\",\"@graph\":[{\"@type\":\"WebPage\",\"@id\":\"https:\/\/mimvlora.al\/?page_id=376\",\"url\":\"https:\/\/mimvlora.al\/?page_id=376\",\"name\":\"Sitemap-Al - Menaxhimi i Integruar i Mbetjeve\",\"isPartOf\":{\"@id\":\"https:\/\/mimvlora.al\/#website\"},\"datePublished\":\"2021-01-17T15:22:27+00:00\",\"dateModified\":\"2021-01-17T15:47:12+00:00\",\"breadcrumb\":{\"@id\":\"https:\/\/mimvlora.al\/?page_id=376#breadcrumb\"},\"inLanguage\":\"en-US\",\"potentialAction\":[{\"@type\":\"ReadAction\",\"target\":[\"https:\/\/mimvlora.al\/?page_id=376\"]}]},{\"@type\":\"BreadcrumbList\",\"@id\":\"https:\/\/mimvlora.al\/?page_id=376#breadcrumb\",\"itemListElement\":[{\"@type\":\"ListItem\",\"position\":1,\"name\":\"Home\",\"item\":\"http:\/\/mimvlora.al\/\"},{\"@type\":\"ListItem\",\"position\":2,\"name\":\"Sitemap-Al\"}]},{\"@type\":\"WebSite\",\"@id\":\"https:\/\/mimvlora.al\/#website\",\"url\":\"https:\/\/mimvlora.al\/\",\"name\":\"Menaxhimi i Integruar i Mbetjeve\",\"description\":\"\",\"publisher\":{\"@id\":\"https:\/\/mimvlora.al\/#organization\"},\"potentialAction\":[{\"@type\":\"SearchAction\",\"target\":{\"@type\":\"EntryPoint\",\"urlTemplate\":\"https:\/\/mimvlora.al\/?s={search_term_string}\"},\"query-input\":\"required name=search_term_string\"}],\"inLanguage\":\"en-US\"},{\"@type\":\"Organization\",\"@id\":\"https:\/\/mimvlora.al\/#organization\",\"name\":\"MIM Vlora\",\"url\":\"https:\/\/mimvlora.al\/\",\"logo\":{\"@type\":\"ImageObject\",\"inLanguage\":\"en-US\",\"@id\":\"https:\/\/mimvlora.al\/#\/schema\/logo\/image\/\",\"url\":\"https:\/\/i1.wp.com\/mimvlora.al\/wp-content\/uploads\/2021\/01\/logo-1.png?fit=500%2C500&ssl=1\",\"contentUrl\":\"https:\/\/i1.wp.com\/mimvlora.al\/wp-content\/uploads\/2021\/01\/logo-1.png?fit=500%2C500&ssl=1\",\"width\":500,\"height\":500,\"caption\":\"MIM Vlora\"},\"image\":{\"@id\":\"https:\/\/mimvlora.al\/#\/schema\/logo\/image\/\"},\"sameAs\":[\"https:\/\/www.facebook.com\/Nd\u00ebrmarrja-e-Menaxhimit-t\u00eb-Integruar-t\u00eb-Mbetjeve-108024937783375\"]}]}<\/script>\n<!-- \/ Yoast SEO plugin. -->","yoast_head_json":{"title":"Sitemap-Al - Menaxhimi i Integruar i Mbetjeve","robots":{"index":"index","follow":"follow","max-snippet":"max-snippet:-1","max-image-preview":"max-image-preview:large","max-video-preview":"max-video-preview:-1"},"canonical":"https:\/\/mimvlora.al\/?page_id=376","og_locale":"en_US","og_type":"article","og_title":"Sitemap-Al - Menaxhimi i Integruar i Mbetjeve","og_description":"SITEMAP \u00a0 HOME RRETH NESH Misioni dhe Objektivat Fusha e Sherbimit Statuti Organizimi dhe Stafi KOMPOSTIMI Grumbullimi i Ndare i Mbetjeve te Riciklueshme Impianti Pilot i Kompostimit Kompostimi ne Shtepi RICIKLIMI Ndarja e Mbetjeve te Gjelberta Njesia e Rikuperimit te Materialeve DEPOZITIMI KESHILLA &amp; INFO...","og_url":"https:\/\/mimvlora.al\/?page_id=376","og_site_name":"Menaxhimi i Integruar i Mbetjeve","article_publisher":"https:\/\/www.facebook.com\/Nd%c3%abrmarrja-e-Menaxhimit-t%c3%ab-Integruar-t%c3%ab-Mbetjeve-108024937783375","article_modified_time":"2021-01-17T15:47:12+00:00","twitter_card":"summary_large_image","twitter_misc":{"Est. reading time":"1 minute"},"schema":{"@context":"https:\/\/schema.org","@graph":[{"@type":"WebPage","@id":"https:\/\/mimvlora.al\/?page_id=376","url":"https:\/\/mimvlora.al\/?page_id=376","name":"Sitemap-Al - Menaxhimi i Integruar i Mbetjeve","isPartOf":{"@id":"https:\/\/mimvlora.al\/#website"},"datePublished":"2021-01-17T15:22:27+00:00","dateModified":"2021-01-17T15:47:12+00:00","breadcrumb":{"@id":"https:\/\/mimvlora.al\/?page_id=376#breadcrumb"},"inLanguage":"en-US","potentialAction":[{"@type":"ReadAction","target":["https:\/\/mimvlora.al\/?page_id=376"]}]},{"@type":"BreadcrumbList","@id":"https:\/\/mimvlora.al\/?page_id=376#breadcrumb","itemListElement":[{"@type":"ListItem","position":1,"name":"Home","item":"http:\/\/mimvlora.al\/"},{"@type":"ListItem","position":2,"name":"Sitemap-Al"}]},{"@type":"WebSite","@id":"https:\/\/mimvlora.al\/#website","url":"https:\/\/mimvlora.al\/","name":"Menaxhimi i Integruar i Mbetjeve","description":"","publisher":{"@id":"https:\/\/mimvlora.al\/#organization"},"potentialAction":[{"@type":"SearchAction","target":{"@type":"EntryPoint","urlTemplate":"https:\/\/mimvlora.al\/?s={search_term_string}"},"query-input":"required name=search_term_string"}],"inLanguage":"en-US"},{"@type":"Organization","@id":"https:\/\/mimvlora.al\/#organization","name":"MIM Vlora","url":"https:\/\/mimvlora.al\/","logo":{"@type":"ImageObject","inLanguage":"en-US","@id":"https:\/\/mimvlora.al\/#\/schema\/logo\/image\/","url":"https:\/\/i1.wp.com\/mimvlora.al\/wp-content\/uploads\/2021\/01\/logo-1.png?fit=500%2C500&ssl=1","contentUrl":"https:\/\/i1.wp.com\/mimvlora.al\/wp-content\/uploads\/2021\/01\/logo-1.png?fit=500%2C500&ssl=1","width":500,"height":500,"caption":"MIM Vlora"},"image":{"@id":"https:\/\/mimvlora.al\/#\/schema\/logo\/image\/"},"sameAs":["https:\/\/www.facebook.com\/Nd\u00ebrmarrja-e-Menaxhimit-t\u00eb-Integruar-t\u00eb-Mbetjeve-108024937783375"]}]}},"jetpack_sharing_enabled":true,"_links":{"self":[{"href":"https:\/\/mimvlora.al\/index.php?rest_route=\/wp\/v2\/pages\/376"}],"collection":[{"href":"https:\/\/mimvlora.al\/index.php?rest_route=\/wp\/v2\/pages"}],"about":[{"href":"https:\/\/mimvlora.al\/index.php?rest_route=\/wp\/v2\/types\/page"}],"author":[{"embeddable":true,"href":"https:\/\/mimvlora.al\/index.php?rest_route=\/wp\/v2\/users\/1"}],"replies":[{"embeddable":true,"href":"https:\/\/mimvlora.al\/index.php?rest_route=%2Fwp%2Fv2%2Fcomments&post=376"}],"version-history":[{"count":6,"href":"https:\/\/mimvlora.al\/index.php?rest_route=\/wp\/v2\/pages\/376\/revisions"}],"predecessor-version":[{"id":900,"href":"https:\/\/mimvlora.al\/index.php?rest_route=\/wp\/v2\/pages\/376\/revisions\/900"}],"wp:attachment":[{"href":"https:\/\/mimvlora.al\/index.php?rest_route=%2Fwp%2Fv2%2Fmedia&parent=376"}],"curies":[{"name":"wp","href":"https:\/\/api.w.org\/{rel}","templated":true}]}}