{"id":402,"date":"2021-01-17T15:48:51","date_gmt":"2021-01-17T15:48:51","guid":{"rendered":"https:\/\/mimvlora.al\/?page_id=402"},"modified":"2021-01-17T16:50:51","modified_gmt":"2021-01-17T16:50:51","slug":"sitemap","status":"publish","type":"page","link":"https:\/\/mimvlora.al\/?page_id=402&lang=en","title":{"rendered":"Sitemap"},"content":{"rendered":"\t\t<div data-elementor-type=\"wp-page\" data-elementor-id=\"402\" class=\"elementor elementor-402\">\n\t\t\t\t\t\t<section class=\"elementor-section elementor-top-section elementor-element elementor-element-10f8fd7 elementor-section-boxed elementor-section-height-default elementor-section-height-default parallax_section_no qode_elementor_container_no\" data-id=\"10f8fd7\" data-element_type=\"section\">\n\t\t\t\t\t\t<div class=\"elementor-container elementor-column-gap-default\">\n\t\t\t\t\t<div class=\"elementor-column elementor-col-100 elementor-top-column elementor-element elementor-element-718d4f0\" data-id=\"718d4f0\" data-element_type=\"column\">\n\t\t\t<div class=\"elementor-widget-wrap elementor-element-populated\">\n\t\t\t\t\t\t<div class=\"elementor-element elementor-element-85adc5c elementor-widget elementor-widget-text-editor\" data-id=\"85adc5c\" data-element_type=\"widget\" data-widget_type=\"text-editor.default\">\n\t\t\t\t<div class=\"elementor-widget-container\">\n\t\t\t\t\t\t\t<p>SITEMAP<\/p><p><br><\/p>\n<p><\/p>\n<p><a href=\"https:\/\/mimvlora.al\/?page_id=15&amp;lang=en\" target=\"_blank\" rel=\"noopener\">HOME<\/a><\/p>\n<p style=\"padding-left: 80px;\"><a style=\"font-family: var( --e-global-typography-text-font-family ), Sans-serif; font-weight: var( --e-global-typography-text-font-weight );\" href=\"https:\/\/mimvlora.al\/?page_id=253&amp;lang=en\" target=\"_blank\" rel=\"noopener\">ABOUT US<\/a><\/p>\n<p style=\"padding-left: 80px;\"><a style=\"font-family: var( --e-global-typography-text-font-family ), Sans-serif; font-weight: var( --e-global-typography-text-font-weight );\" href=\"https:\/\/mimvlora.al\/?page_id=138&amp;lang=en\" target=\"_blank\" rel=\"noopener\">Mission &amp; Objectives<\/a><\/p>\n<p style=\"padding-left: 80px;\"><a style=\"font-family: var( --e-global-typography-text-font-family ), Sans-serif; font-weight: var( --e-global-typography-text-font-weight );\" href=\"https:\/\/mimvlora.al\/?page_id=149&amp;lang=en\" target=\"_blank\" rel=\"noopener\">Service Area<\/a><\/p>\n<p style=\"padding-left: 80px;\"><a href=\"https:\/\/mimvlora.al\/?page_id=213&amp;lang=en\" target=\"_blank\" rel=\"noopener\">Statutes<\/a><\/p>\n<p style=\"padding-left: 80px;\"><a style=\"font-family: var( --e-global-typography-text-font-family ), Sans-serif; font-weight: var( --e-global-typography-text-font-weight );\" href=\"https:\/\/mimvlora.al\/?page_id=154&amp;lang=en\" target=\"_blank\" rel=\"noopener\">Organization &amp; Staff<\/a><\/p>\n<p style=\"padding-left: 40px;\"><a href=\"https:\/\/mimvlora.al\/?page_id=301&amp;lang=en\" target=\"_blank\" rel=\"noopener\">COMPOSTING<\/a><\/p>\n<p style=\"padding-left: 80px;\"><a style=\"font-family: var( --e-global-typography-text-font-family ), Sans-serif; font-weight: var( --e-global-typography-text-font-weight );\" href=\"https:\/\/mimvlora.al\/?page_id=157&amp;lang=en\" target=\"_blank\" rel=\"noopener\">Separate Collection of Green Waste<\/a><\/p>\n<p style=\"padding-left: 80px;\"><a style=\"font-family: var( --e-global-typography-text-font-family ), Sans-serif; font-weight: var( --e-global-typography-text-font-weight );\" href=\"https:\/\/mimvlora.al\/?page_id=162&amp;lang=en\" target=\"_blank\" rel=\"noopener\">Pilot Compost Plant<\/a><\/p>\n<p style=\"padding-left: 80px;\"><a style=\"font-family: var( --e-global-typography-text-font-family ), Sans-serif; font-weight: var( --e-global-typography-text-font-weight );\" href=\"https:\/\/mimvlora.al\/?page_id=166&amp;lang=en\" target=\"_blank\" rel=\"noopener\">Home Composting<\/a><\/p>\n<p style=\"padding-left: 40px;\"><a href=\"https:\/\/mimvlora.al\/?page_id=321&amp;lang=en\" target=\"_blank\" rel=\"noopener\">RECYCLING<\/a><\/p>\n<p style=\"padding-left: 80px;\"><a style=\"font-family: var( --e-global-typography-text-font-family ), Sans-serif; font-weight: var( --e-global-typography-text-font-weight );\" href=\"https:\/\/mimvlora.al\/?page_id=169&amp;lang=en\" target=\"_blank\" rel=\"noopener\">Separete Collection of Recyclables<\/a><\/p>\n<p style=\"padding-left: 80px;\"><a style=\"font-family: var( --e-global-typography-text-font-family ), Sans-serif; font-weight: var( --e-global-typography-text-font-weight );\" href=\"https:\/\/mimvlora.al\/?page_id=172&amp;lang=en\" target=\"_blank\" rel=\"noopener\">Material Recovery Facility (MRF)<\/a><\/p>\n<p style=\"padding-left: 40px;\"><a href=\"https:\/\/mimvlora.al\/?page_id=336&amp;lang=en\" target=\"_blank\" rel=\"noopener\">LANDFILLING<\/a><\/p>\n<p style=\"padding-left: 40px;\"><a style=\"font-family: var( --e-global-typography-text-font-family ), Sans-serif; font-weight: var( --e-global-typography-text-font-weight );\" href=\"https:\/\/mimvlora.al\/?page_id=341&amp;lang=en\" target=\"_blank\" rel=\"noopener\">TIPS &amp; INFO<\/a><\/p>\n<p style=\"padding-left: 80px;\"><a style=\"font-family: var( --e-global-typography-text-font-family ), Sans-serif; font-weight: var( --e-global-typography-text-font-weight );\" href=\"https:\/\/mimvlora.al\/?page_id=180&amp;lang=en\" target=\"_blank\" rel=\"noopener\">Waste Avoidance<\/a><\/p>\n<p style=\"padding-left: 80px;\"><a href=\"https:\/\/mimvlora.al\/?page_id=186&amp;lang=en\" target=\"_blank\" rel=\"noopener\">FAQ<\/a><\/p>\n<p style=\"padding-left: 80px;\"><a style=\"font-family: var( --e-global-typography-text-font-family ), Sans-serif; font-weight: var( --e-global-typography-text-font-weight );\" href=\"https:\/\/mimvlora.al\/?page_id=196&amp;lang=en\" target=\"_blank\" rel=\"noopener\">Legislation and Strategic Documents<\/a><\/p>\n<p style=\"padding-left: 40px;\"><a href=\"https:\/\/mimvlora.al\/?page_id=49&amp;lang=en\" target=\"_blank\">CONTACT<\/a><br><\/p>\n<p style=\"padding-left: 40px;\"><br><\/p>\n<p style=\"padding-left: 40px;\">\n<\/p>\t\t\t\t\t\t<\/div>\n\t\t\t\t<\/div>\n\t\t\t\t\t<\/div>\n\t\t<\/div>\n\t\t\t\t\t<\/div>\n\t\t<\/section>\n\t\t\t\t<\/div>\n\t\t","protected":false},"excerpt":{"rendered":"<p>SITEMAP HOME ABOUT US Mission &amp; Objectives Service Area Statutes Organization &amp; Staff COMPOSTING Separate Collection of Green Waste Pilot Compost Plant Home Composting RECYCLING Separete Collection of Recyclables Material Recovery Facility (MRF) LANDFILLING TIPS &amp; INFO Waste Avoidance FAQ Legislation and Strategic Documents CONTACT<\/p>\n","protected":false},"author":1,"featured_media":0,"parent":0,"menu_order":0,"comment_status":"closed","ping_status":"closed","template":"","meta":{"nf_dc_page":"","footnotes":""},"yoast_head":"<!-- This site is optimized with the Yoast SEO plugin v22.1 - https:\/\/yoast.com\/wordpress\/plugins\/seo\/ -->\n<title>Sitemap - Menaxhimi i Integruar i Mbetjeve<\/title>\n<meta name=\"robots\" content=\"index, follow, max-snippet:-1, max-image-preview:large, max-video-preview:-1\" \/>\n<link rel=\"canonical\" href=\"https:\/\/mimvlora.al\/?page_id=402&lang=en\" \/>\n<meta property=\"og:locale\" content=\"en_US\" \/>\n<meta property=\"og:type\" content=\"article\" \/>\n<meta property=\"og:title\" content=\"Sitemap - Menaxhimi i Integruar i Mbetjeve\" \/>\n<meta property=\"og:description\" content=\"SITEMAP HOME ABOUT US Mission &amp; Objectives Service Area Statutes Organization &amp; Staff COMPOSTING Separate Collection of Green Waste Pilot Compost Plant Home Composting RECYCLING Separete Collection of Recyclables Material Recovery Facility (MRF) LANDFILLING TIPS &amp; INFO Waste Avoidance FAQ Legislation and Strategic Documents CONTACT\" \/>\n<meta property=\"og:url\" content=\"https:\/\/mimvlora.al\/?page_id=402&amp;lang=en\" \/>\n<meta property=\"og:site_name\" content=\"Menaxhimi i Integruar i Mbetjeve\" \/>\n<meta property=\"article:publisher\" content=\"https:\/\/www.facebook.com\/Nd%c3%abrmarrja-e-Menaxhimit-t%c3%ab-Integruar-t%c3%ab-Mbetjeve-108024937783375\" \/>\n<meta property=\"article:modified_time\" content=\"2021-01-17T16:50:51+00:00\" \/>\n<meta name=\"twitter:card\" content=\"summary_large_image\" \/>\n<meta name=\"twitter:label1\" content=\"Est. reading time\" \/>\n\t<meta name=\"twitter:data1\" content=\"1 minute\" \/>\n<script type=\"application\/ld+json\" class=\"yoast-schema-graph\">{\"@context\":\"https:\/\/schema.org\",\"@graph\":[{\"@type\":\"WebPage\",\"@id\":\"https:\/\/mimvlora.al\/?page_id=402&lang=en\",\"url\":\"https:\/\/mimvlora.al\/?page_id=402&lang=en\",\"name\":\"Sitemap - Menaxhimi i Integruar i Mbetjeve\",\"isPartOf\":{\"@id\":\"https:\/\/mimvlora.al\/#website\"},\"datePublished\":\"2021-01-17T15:48:51+00:00\",\"dateModified\":\"2021-01-17T16:50:51+00:00\",\"breadcrumb\":{\"@id\":\"https:\/\/mimvlora.al\/?page_id=402&lang=en#breadcrumb\"},\"inLanguage\":\"en-US\",\"potentialAction\":[{\"@type\":\"ReadAction\",\"target\":[\"https:\/\/mimvlora.al\/?page_id=402&lang=en\"]}]},{\"@type\":\"BreadcrumbList\",\"@id\":\"https:\/\/mimvlora.al\/?page_id=402&lang=en#breadcrumb\",\"itemListElement\":[{\"@type\":\"ListItem\",\"position\":1,\"name\":\"Home\",\"item\":\"http:\/\/mimvlora.al\/\"},{\"@type\":\"ListItem\",\"position\":2,\"name\":\"Sitemap\"}]},{\"@type\":\"WebSite\",\"@id\":\"https:\/\/mimvlora.al\/#website\",\"url\":\"https:\/\/mimvlora.al\/\",\"name\":\"Menaxhimi i Integruar i Mbetjeve\",\"description\":\"\",\"publisher\":{\"@id\":\"https:\/\/mimvlora.al\/#organization\"},\"potentialAction\":[{\"@type\":\"SearchAction\",\"target\":{\"@type\":\"EntryPoint\",\"urlTemplate\":\"https:\/\/mimvlora.al\/?s={search_term_string}\"},\"query-input\":\"required name=search_term_string\"}],\"inLanguage\":\"en-US\"},{\"@type\":\"Organization\",\"@id\":\"https:\/\/mimvlora.al\/#organization\",\"name\":\"MIM Vlora\",\"url\":\"https:\/\/mimvlora.al\/\",\"logo\":{\"@type\":\"ImageObject\",\"inLanguage\":\"en-US\",\"@id\":\"https:\/\/mimvlora.al\/#\/schema\/logo\/image\/\",\"url\":\"https:\/\/i1.wp.com\/mimvlora.al\/wp-content\/uploads\/2021\/01\/logo-1.png?fit=500%2C500&ssl=1\",\"contentUrl\":\"https:\/\/i1.wp.com\/mimvlora.al\/wp-content\/uploads\/2021\/01\/logo-1.png?fit=500%2C500&ssl=1\",\"width\":500,\"height\":500,\"caption\":\"MIM Vlora\"},\"image\":{\"@id\":\"https:\/\/mimvlora.al\/#\/schema\/logo\/image\/\"},\"sameAs\":[\"https:\/\/www.facebook.com\/Nd\u00ebrmarrja-e-Menaxhimit-t\u00eb-Integruar-t\u00eb-Mbetjeve-108024937783375\"]}]}<\/script>\n<!-- \/ Yoast SEO plugin. -->","yoast_head_json":{"title":"Sitemap - Menaxhimi i Integruar i Mbetjeve","robots":{"index":"index","follow":"follow","max-snippet":"max-snippet:-1","max-image-preview":"max-image-preview:large","max-video-preview":"max-video-preview:-1"},"canonical":"https:\/\/mimvlora.al\/?page_id=402&lang=en","og_locale":"en_US","og_type":"article","og_title":"Sitemap - Menaxhimi i Integruar i Mbetjeve","og_description":"SITEMAP HOME ABOUT US Mission &amp; Objectives Service Area Statutes Organization &amp; Staff COMPOSTING Separate Collection of Green Waste Pilot Compost Plant Home Composting RECYCLING Separete Collection of Recyclables Material Recovery Facility (MRF) LANDFILLING TIPS &amp; INFO Waste Avoidance FAQ Legislation and Strategic Documents CONTACT","og_url":"https:\/\/mimvlora.al\/?page_id=402&lang=en","og_site_name":"Menaxhimi i Integruar i Mbetjeve","article_publisher":"https:\/\/www.facebook.com\/Nd%c3%abrmarrja-e-Menaxhimit-t%c3%ab-Integruar-t%c3%ab-Mbetjeve-108024937783375","article_modified_time":"2021-01-17T16:50:51+00:00","twitter_card":"summary_large_image","twitter_misc":{"Est. reading time":"1 minute"},"schema":{"@context":"https:\/\/schema.org","@graph":[{"@type":"WebPage","@id":"https:\/\/mimvlora.al\/?page_id=402&lang=en","url":"https:\/\/mimvlora.al\/?page_id=402&lang=en","name":"Sitemap - Menaxhimi i Integruar i Mbetjeve","isPartOf":{"@id":"https:\/\/mimvlora.al\/#website"},"datePublished":"2021-01-17T15:48:51+00:00","dateModified":"2021-01-17T16:50:51+00:00","breadcrumb":{"@id":"https:\/\/mimvlora.al\/?page_id=402&lang=en#breadcrumb"},"inLanguage":"en-US","potentialAction":[{"@type":"ReadAction","target":["https:\/\/mimvlora.al\/?page_id=402&lang=en"]}]},{"@type":"BreadcrumbList","@id":"https:\/\/mimvlora.al\/?page_id=402&lang=en#breadcrumb","itemListElement":[{"@type":"ListItem","position":1,"name":"Home","item":"http:\/\/mimvlora.al\/"},{"@type":"ListItem","position":2,"name":"Sitemap"}]},{"@type":"WebSite","@id":"https:\/\/mimvlora.al\/#website","url":"https:\/\/mimvlora.al\/","name":"Menaxhimi i Integruar i Mbetjeve","description":"","publisher":{"@id":"https:\/\/mimvlora.al\/#organization"},"potentialAction":[{"@type":"SearchAction","target":{"@type":"EntryPoint","urlTemplate":"https:\/\/mimvlora.al\/?s={search_term_string}"},"query-input":"required name=search_term_string"}],"inLanguage":"en-US"},{"@type":"Organization","@id":"https:\/\/mimvlora.al\/#organization","name":"MIM Vlora","url":"https:\/\/mimvlora.al\/","logo":{"@type":"ImageObject","inLanguage":"en-US","@id":"https:\/\/mimvlora.al\/#\/schema\/logo\/image\/","url":"https:\/\/i1.wp.com\/mimvlora.al\/wp-content\/uploads\/2021\/01\/logo-1.png?fit=500%2C500&ssl=1","contentUrl":"https:\/\/i1.wp.com\/mimvlora.al\/wp-content\/uploads\/2021\/01\/logo-1.png?fit=500%2C500&ssl=1","width":500,"height":500,"caption":"MIM Vlora"},"image":{"@id":"https:\/\/mimvlora.al\/#\/schema\/logo\/image\/"},"sameAs":["https:\/\/www.facebook.com\/Nd\u00ebrmarrja-e-Menaxhimit-t\u00eb-Integruar-t\u00eb-Mbetjeve-108024937783375"]}]}},"jetpack_sharing_enabled":true,"_links":{"self":[{"href":"https:\/\/mimvlora.al\/index.php?rest_route=\/wp\/v2\/pages\/402"}],"collection":[{"href":"https:\/\/mimvlora.al\/index.php?rest_route=\/wp\/v2\/pages"}],"about":[{"href":"https:\/\/mimvlora.al\/index.php?rest_route=\/wp\/v2\/types\/page"}],"author":[{"embeddable":true,"href":"https:\/\/mimvlora.al\/index.php?rest_route=\/wp\/v2\/users\/1"}],"replies":[{"embeddable":true,"href":"https:\/\/mimvlora.al\/index.php?rest_route=%2Fwp%2Fv2%2Fcomments&post=402"}],"version-history":[{"count":5,"href":"https:\/\/mimvlora.al\/index.php?rest_route=\/wp\/v2\/pages\/402\/revisions"}],"predecessor-version":[{"id":459,"href":"https:\/\/mimvlora.al\/index.php?rest_route=\/wp\/v2\/pages\/402\/revisions\/459"}],"wp:attachment":[{"href":"https:\/\/mimvlora.al\/index.php?rest_route=%2Fwp%2Fv2%2Fmedia&parent=402"}],"curies":[{"name":"wp","href":"https:\/\/api.w.org\/{rel}","templated":true}]}}