{"id":94,"date":"2021-01-09T22:22:20","date_gmt":"2021-01-09T22:22:20","guid":{"rendered":"https:\/\/mimvlora.al\/?page_id=94"},"modified":"2021-02-09T16:30:53","modified_gmt":"2021-02-09T16:30:53","slug":"ndarja-e-mbetjeve-te-gjelberta","status":"publish","type":"page","link":"https:\/\/mimvlora.al\/?page_id=94","title":{"rendered":"Ndarja e Mbetjeve te Gjelberta"},"content":{"rendered":"\t\t<div data-elementor-type=\"wp-page\" data-elementor-id=\"94\" class=\"elementor elementor-94\">\n\t\t\t\t\t\t<section class=\"elementor-section elementor-top-section elementor-element elementor-element-9a2ecd0 elementor-section-boxed elementor-section-height-default elementor-section-height-default parallax_section_no qode_elementor_container_no\" data-id=\"9a2ecd0\" data-element_type=\"section\">\n\t\t\t\t\t\t<div class=\"elementor-container elementor-column-gap-default\">\n\t\t\t\t\t<div class=\"elementor-column elementor-col-100 elementor-top-column elementor-element elementor-element-201a9fb\" data-id=\"201a9fb\" data-element_type=\"column\">\n\t\t\t<div class=\"elementor-widget-wrap elementor-element-populated\">\n\t\t\t\t\t\t<div class=\"elementor-element elementor-element-321fbd1 elementor-widget elementor-widget-text-editor\" data-id=\"321fbd1\" data-element_type=\"widget\" data-widget_type=\"text-editor.default\">\n\t\t\t\t<div class=\"elementor-widget-container\">\n\t\t\t\t\t\t\t<p style=\"text-align: justify;\"><span style=\"font-size: 14pt;\"><strong>Ndarja e Mbetjeve te Gjelberta<\/strong><\/span><\/p><p style=\"text-align: justify;\">\u00a0<\/p><p style=\"text-align: justify;\">Sa m\u00eb shum\u00eb t\u00eb ndahen mbetjet e riciklueshme, aq m\u00eb mir\u00eb ato mund t\u00eb riciklohen n\u00eb produkte t\u00eb vlefshme. Nd\u00ebrsa jemi m\u00ebsuar t\u00eb vendosim gjith\u00e7ka n\u00eb nj\u00eb en\u00eb mbeturinash deri m\u00eb tani, duhet t\u00eb ndryshojm\u00eb zakonet tona p\u00ebr t\u00eb ndar\u00eb mbeturinat n\u00eb sht\u00ebpit\u00eb dhe bizneset tona. M\u00ebnyrat e ndryshme t\u00eb ndarjes s\u00eb burimit dhe mbledhja e ve\u00e7ant\u00eb testohen s\u00eb pari n\u00eb nj\u00eb zon\u00eb pilot n\u00eb Qytetin e Vlor\u00ebs n\u00eb bashk\u00ebpunim me Komun\u00ebn e Vlor\u00ebs. Bazuar n\u00eb p\u00ebrvoj\u00ebn n\u00eb projektin pilot, mbledhja e ve\u00e7ant\u00eb do t\u00eb zhvillohet m\u00eb tej dhe do t\u00eb shtrihet hap pas hapi n\u00eb zona t\u00eb tjera &#8211; s\u00eb pari n\u00eb qytet dhe m\u00eb pas n\u00eb t\u00eb gjith\u00eb Zon\u00ebn e Mbeturinave.<\/p><p style=\"text-align: justify;\">\u00a0<\/p><p style=\"text-align: justify;\">Si\u00e7 paraqitet n\u00eb hart\u00ebn vijuese, rreth 100 kontejner\u00eb depo jan\u00eb shp\u00ebrndar\u00eb n\u00eb zon\u00ebn pilot p\u00ebr mbledhjen e llojeve t\u00eb ndryshme t\u00eb riciklueshme.<\/p><p style=\"text-align: justify;\">N\u00eb faz\u00ebn e par\u00eb, zbatohet skema e m\u00ebposhtme e mbledhjes:<\/p><ul style=\"text-align: justify;\"><li style=\"list-style-type: none;\"><ul><li>Kontejner\u00ebt e depove me nj\u00eb hapje t\u00eb madhe t\u00eb rrumbullak\u00ebt: mbetjet e paketimit plastik dhe metal<\/li><li>Kontejner\u00ebt e depove me nj\u00eb hapje t\u00eb \u00e7ar\u00eb: let\u00ebr dhe karton<\/li><li>Kontejner\u00ebt e depove me nj\u00eb hapje t\u00eb vog\u00ebl t\u00eb rrumbullak\u00ebt: shishe qelqi dhe plastike<\/li><\/ul><\/li><\/ul><div style=\"text-align: justify;\">\u00a0<\/div><p style=\"text-align: justify;\">Ju mund t\u00eb gjeni list\u00ebn e materialeve t\u00eb pranuar n\u00eb kontejner k\u00ebtu: Link.<\/p><p style=\"text-align: justify;\">\u00a0<\/p><p style=\"text-align: justify;\">N\u00eb t\u00eb gjitha vendet gjithashtu grumbullohen mbeturina t\u00eb p\u00ebrgjithshme, k\u00ebshtu q\u00eb ju duhet t\u00eb shkoni n\u00eb nj\u00eb vend p\u00ebr t\u00eb hedhur mbeturinat tuaja.<\/p><p style=\"text-align: justify;\">Banor\u00ebt e Zon\u00ebs son\u00eb t\u00eb Mbeturinave, ve\u00e7an\u00ebrisht ata q\u00eb jetojn\u00eb n\u00eb zon\u00ebn pilot, luajn\u00eb nj\u00eb rol t\u00eb r\u00ebnd\u00ebsish\u00ebm n\u00eb suksesin e mbledhjes s\u00eb ve\u00e7ant\u00eb. Vet\u00ebm me banor\u00eb mjaft t\u00eb motivuar p\u00ebr t\u00eb marr\u00eb pjes\u00eb n\u00eb skem\u00ebn e ve\u00e7ant\u00eb t\u00eb grumbullimit, objektivat e riciklimit mund t\u00eb arrihen. Prandaj, ne ju k\u00ebrkojm\u00eb t\u00eb merrni pjes\u00eb dhe t&#8217;i kushtoni v\u00ebmendje pikave t\u00eb m\u00ebposhtme:<\/p><ul style=\"text-align: justify;\"><li style=\"list-style-type: none;\"><ul><li>Vendosni vet\u00ebm materialet p\u00ebrkat\u00ebse n\u00eb secilin lloj ene<\/li><li>Mos vendosni asnj\u00eb mbetje jo t\u00eb riciklueshme n\u00eb kontejner\u00ebt e ricikluesh\u00ebm<\/li><li>Mos vendosni mbeturina jasht\u00eb kontejner\u00ebve dhe mbajini vendet e pastra t\u00eb past\u00ebr<\/li><\/ul><\/li><\/ul><div style=\"text-align: justify;\">\u00a0<\/div><p style=\"text-align: justify;\">Ne krenohemi p\u00ebr krijimin e nj\u00eb mjedisi t\u00eb past\u00ebr dhe t\u00eb sh\u00ebndetsh\u00ebm p\u00ebr komunitetet tona dhe na duhet ndihma juaj p\u00ebr ta \u00e7uar k\u00ebt\u00eb program n\u00eb nj\u00eb fillim t\u00eb mbar\u00eb! N\u00eb rast se<\/p><ul style=\"text-align: justify;\"><li style=\"list-style-type: none;\"><ul><li>Ju nuk jeni t\u00eb sigurt n\u00ebse nj\u00eb artikull \u00ebsht\u00eb i ricikluesh\u00ebm dhe n\u00eb cilin en\u00eb b\u00ebn pjes\u00eb<\/li><li>Kontejner\u00ebt jan\u00eb plot dhe nuk jan\u00eb zbrazur n\u00eb koh\u00eb<\/li><li>Vendndodhjet e kontejner\u00ebve jan\u00eb t\u00eb ndyra<\/li><li>Kontejner\u00ebt jan\u00eb d\u00ebmtuar ose shkat\u00ebrruar<\/li><\/ul><\/li><\/ul><p style=\"text-align: justify;\">\u00a0<\/p><p style=\"text-align: justify;\">Ju lutemi kontaktoni Bashkine e Vlor\u00ebs ose ne: <a href=\"https:\/\/mimvlora.al\/?page_id=43\">Kontaktoni<\/a><\/p><p style=\"text-align: justify;\">\u00a0<\/p><p style=\"text-align: justify;\">\u00a0<\/p>\t\t\t\t\t\t<\/div>\n\t\t\t\t<\/div>\n\t\t\t\t\t<\/div>\n\t\t<\/div>\n\t\t\t\t\t<\/div>\n\t\t<\/section>\n\t\t\t\t<\/div>\n\t\t","protected":false},"excerpt":{"rendered":"<p>Ndarja e Mbetjeve te Gjelberta \u00a0 Sa m\u00eb shum\u00eb t\u00eb ndahen mbetjet e riciklueshme, aq m\u00eb mir\u00eb ato mund t\u00eb riciklohen n\u00eb produkte t\u00eb vlefshme. Nd\u00ebrsa jemi m\u00ebsuar t\u00eb vendosim gjith\u00e7ka n\u00eb nj\u00eb en\u00eb mbeturinash deri m\u00eb tani, duhet t\u00eb ndryshojm\u00eb zakonet tona p\u00ebr t\u00eb&#8230;<\/p>\n","protected":false},"author":1,"featured_media":0,"parent":0,"menu_order":0,"comment_status":"closed","ping_status":"closed","template":"","meta":{"nf_dc_page":"","footnotes":""},"yoast_head":"<!-- This site is optimized with the Yoast SEO plugin v22.1 - https:\/\/yoast.com\/wordpress\/plugins\/seo\/ -->\n<title>Ndarja e Mbetjeve te Gjelberta - Menaxhimi i Integruar i Mbetjeve<\/title>\n<meta name=\"robots\" content=\"index, follow, max-snippet:-1, max-image-preview:large, max-video-preview:-1\" \/>\n<link rel=\"canonical\" href=\"https:\/\/mimvlora.al\/?page_id=94\" \/>\n<meta property=\"og:locale\" content=\"en_US\" \/>\n<meta property=\"og:type\" content=\"article\" \/>\n<meta property=\"og:title\" content=\"Ndarja e Mbetjeve te Gjelberta - Menaxhimi i Integruar i Mbetjeve\" \/>\n<meta property=\"og:description\" content=\"Ndarja e Mbetjeve te Gjelberta \u00a0 Sa m\u00eb shum\u00eb t\u00eb ndahen mbetjet e riciklueshme, aq m\u00eb mir\u00eb ato mund t\u00eb riciklohen n\u00eb produkte t\u00eb vlefshme. Nd\u00ebrsa jemi m\u00ebsuar t\u00eb vendosim gjith\u00e7ka n\u00eb nj\u00eb en\u00eb mbeturinash deri m\u00eb tani, duhet t\u00eb ndryshojm\u00eb zakonet tona p\u00ebr t\u00eb...\" \/>\n<meta property=\"og:url\" content=\"https:\/\/mimvlora.al\/?page_id=94\" \/>\n<meta property=\"og:site_name\" content=\"Menaxhimi i Integruar i Mbetjeve\" \/>\n<meta property=\"article:publisher\" content=\"https:\/\/www.facebook.com\/Nd%c3%abrmarrja-e-Menaxhimit-t%c3%ab-Integruar-t%c3%ab-Mbetjeve-108024937783375\" \/>\n<meta property=\"article:modified_time\" content=\"2021-02-09T16:30:53+00:00\" \/>\n<meta name=\"twitter:card\" content=\"summary_large_image\" \/>\n<meta name=\"twitter:label1\" content=\"Est. reading time\" \/>\n\t<meta name=\"twitter:data1\" content=\"2 minutes\" \/>\n<script type=\"application\/ld+json\" class=\"yoast-schema-graph\">{\"@context\":\"https:\/\/schema.org\",\"@graph\":[{\"@type\":\"WebPage\",\"@id\":\"https:\/\/mimvlora.al\/?page_id=94\",\"url\":\"https:\/\/mimvlora.al\/?page_id=94\",\"name\":\"Ndarja e Mbetjeve te Gjelberta - Menaxhimi i Integruar i Mbetjeve\",\"isPartOf\":{\"@id\":\"https:\/\/mimvlora.al\/#website\"},\"datePublished\":\"2021-01-09T22:22:20+00:00\",\"dateModified\":\"2021-02-09T16:30:53+00:00\",\"breadcrumb\":{\"@id\":\"https:\/\/mimvlora.al\/?page_id=94#breadcrumb\"},\"inLanguage\":\"en-US\",\"potentialAction\":[{\"@type\":\"ReadAction\",\"target\":[\"https:\/\/mimvlora.al\/?page_id=94\"]}]},{\"@type\":\"BreadcrumbList\",\"@id\":\"https:\/\/mimvlora.al\/?page_id=94#breadcrumb\",\"itemListElement\":[{\"@type\":\"ListItem\",\"position\":1,\"name\":\"Home\",\"item\":\"http:\/\/mimvlora.al\/\"},{\"@type\":\"ListItem\",\"position\":2,\"name\":\"Ndarja e Mbetjeve te Gjelberta\"}]},{\"@type\":\"WebSite\",\"@id\":\"https:\/\/mimvlora.al\/#website\",\"url\":\"https:\/\/mimvlora.al\/\",\"name\":\"Menaxhimi i Integruar i Mbetjeve\",\"description\":\"\",\"publisher\":{\"@id\":\"https:\/\/mimvlora.al\/#organization\"},\"potentialAction\":[{\"@type\":\"SearchAction\",\"target\":{\"@type\":\"EntryPoint\",\"urlTemplate\":\"https:\/\/mimvlora.al\/?s={search_term_string}\"},\"query-input\":\"required name=search_term_string\"}],\"inLanguage\":\"en-US\"},{\"@type\":\"Organization\",\"@id\":\"https:\/\/mimvlora.al\/#organization\",\"name\":\"MIM Vlora\",\"url\":\"https:\/\/mimvlora.al\/\",\"logo\":{\"@type\":\"ImageObject\",\"inLanguage\":\"en-US\",\"@id\":\"https:\/\/mimvlora.al\/#\/schema\/logo\/image\/\",\"url\":\"https:\/\/i1.wp.com\/mimvlora.al\/wp-content\/uploads\/2021\/01\/logo-1.png?fit=500%2C500&ssl=1\",\"contentUrl\":\"https:\/\/i1.wp.com\/mimvlora.al\/wp-content\/uploads\/2021\/01\/logo-1.png?fit=500%2C500&ssl=1\",\"width\":500,\"height\":500,\"caption\":\"MIM Vlora\"},\"image\":{\"@id\":\"https:\/\/mimvlora.al\/#\/schema\/logo\/image\/\"},\"sameAs\":[\"https:\/\/www.facebook.com\/Nd\u00ebrmarrja-e-Menaxhimit-t\u00eb-Integruar-t\u00eb-Mbetjeve-108024937783375\"]}]}<\/script>\n<!-- \/ Yoast SEO plugin. -->","yoast_head_json":{"title":"Ndarja e Mbetjeve te Gjelberta - Menaxhimi i Integruar i Mbetjeve","robots":{"index":"index","follow":"follow","max-snippet":"max-snippet:-1","max-image-preview":"max-image-preview:large","max-video-preview":"max-video-preview:-1"},"canonical":"https:\/\/mimvlora.al\/?page_id=94","og_locale":"en_US","og_type":"article","og_title":"Ndarja e Mbetjeve te Gjelberta - Menaxhimi i Integruar i Mbetjeve","og_description":"Ndarja e Mbetjeve te Gjelberta \u00a0 Sa m\u00eb shum\u00eb t\u00eb ndahen mbetjet e riciklueshme, aq m\u00eb mir\u00eb ato mund t\u00eb riciklohen n\u00eb produkte t\u00eb vlefshme. Nd\u00ebrsa jemi m\u00ebsuar t\u00eb vendosim gjith\u00e7ka n\u00eb nj\u00eb en\u00eb mbeturinash deri m\u00eb tani, duhet t\u00eb ndryshojm\u00eb zakonet tona p\u00ebr t\u00eb...","og_url":"https:\/\/mimvlora.al\/?page_id=94","og_site_name":"Menaxhimi i Integruar i Mbetjeve","article_publisher":"https:\/\/www.facebook.com\/Nd%c3%abrmarrja-e-Menaxhimit-t%c3%ab-Integruar-t%c3%ab-Mbetjeve-108024937783375","article_modified_time":"2021-02-09T16:30:53+00:00","twitter_card":"summary_large_image","twitter_misc":{"Est. reading time":"2 minutes"},"schema":{"@context":"https:\/\/schema.org","@graph":[{"@type":"WebPage","@id":"https:\/\/mimvlora.al\/?page_id=94","url":"https:\/\/mimvlora.al\/?page_id=94","name":"Ndarja e Mbetjeve te Gjelberta - Menaxhimi i Integruar i Mbetjeve","isPartOf":{"@id":"https:\/\/mimvlora.al\/#website"},"datePublished":"2021-01-09T22:22:20+00:00","dateModified":"2021-02-09T16:30:53+00:00","breadcrumb":{"@id":"https:\/\/mimvlora.al\/?page_id=94#breadcrumb"},"inLanguage":"en-US","potentialAction":[{"@type":"ReadAction","target":["https:\/\/mimvlora.al\/?page_id=94"]}]},{"@type":"BreadcrumbList","@id":"https:\/\/mimvlora.al\/?page_id=94#breadcrumb","itemListElement":[{"@type":"ListItem","position":1,"name":"Home","item":"http:\/\/mimvlora.al\/"},{"@type":"ListItem","position":2,"name":"Ndarja e Mbetjeve te Gjelberta"}]},{"@type":"WebSite","@id":"https:\/\/mimvlora.al\/#website","url":"https:\/\/mimvlora.al\/","name":"Menaxhimi i Integruar i Mbetjeve","description":"","publisher":{"@id":"https:\/\/mimvlora.al\/#organization"},"potentialAction":[{"@type":"SearchAction","target":{"@type":"EntryPoint","urlTemplate":"https:\/\/mimvlora.al\/?s={search_term_string}"},"query-input":"required name=search_term_string"}],"inLanguage":"en-US"},{"@type":"Organization","@id":"https:\/\/mimvlora.al\/#organization","name":"MIM Vlora","url":"https:\/\/mimvlora.al\/","logo":{"@type":"ImageObject","inLanguage":"en-US","@id":"https:\/\/mimvlora.al\/#\/schema\/logo\/image\/","url":"https:\/\/i1.wp.com\/mimvlora.al\/wp-content\/uploads\/2021\/01\/logo-1.png?fit=500%2C500&ssl=1","contentUrl":"https:\/\/i1.wp.com\/mimvlora.al\/wp-content\/uploads\/2021\/01\/logo-1.png?fit=500%2C500&ssl=1","width":500,"height":500,"caption":"MIM Vlora"},"image":{"@id":"https:\/\/mimvlora.al\/#\/schema\/logo\/image\/"},"sameAs":["https:\/\/www.facebook.com\/Nd\u00ebrmarrja-e-Menaxhimit-t\u00eb-Integruar-t\u00eb-Mbetjeve-108024937783375"]}]}},"jetpack_sharing_enabled":true,"_links":{"self":[{"href":"https:\/\/mimvlora.al\/index.php?rest_route=\/wp\/v2\/pages\/94"}],"collection":[{"href":"https:\/\/mimvlora.al\/index.php?rest_route=\/wp\/v2\/pages"}],"about":[{"href":"https:\/\/mimvlora.al\/index.php?rest_route=\/wp\/v2\/types\/page"}],"author":[{"embeddable":true,"href":"https:\/\/mimvlora.al\/index.php?rest_route=\/wp\/v2\/users\/1"}],"replies":[{"embeddable":true,"href":"https:\/\/mimvlora.al\/index.php?rest_route=%2Fwp%2Fv2%2Fcomments&post=94"}],"version-history":[{"count":5,"href":"https:\/\/mimvlora.al\/index.php?rest_route=\/wp\/v2\/pages\/94\/revisions"}],"predecessor-version":[{"id":1018,"href":"https:\/\/mimvlora.al\/index.php?rest_route=\/wp\/v2\/pages\/94\/revisions\/1018"}],"wp:attachment":[{"href":"https:\/\/mimvlora.al\/index.php?rest_route=%2Fwp%2Fv2%2Fmedia&parent=94"}],"curies":[{"name":"wp","href":"https:\/\/api.w.org\/{rel}","templated":true}]}}