{"id":96,"date":"2021-01-09T22:22:57","date_gmt":"2021-01-09T22:22:57","guid":{"rendered":"https:\/\/mimvlora.al\/?page_id=96"},"modified":"2021-02-09T16:22:34","modified_gmt":"2021-02-09T16:22:34","slug":"impianti-pilot-i-kompostimit","status":"publish","type":"page","link":"https:\/\/mimvlora.al\/?page_id=96","title":{"rendered":"Impianti Pilot i Kompostimit"},"content":{"rendered":"\t\t<div data-elementor-type=\"wp-page\" data-elementor-id=\"96\" class=\"elementor elementor-96\">\n\t\t\t\t\t\t<section class=\"elementor-section elementor-top-section elementor-element elementor-element-7eb068ee elementor-section-boxed elementor-section-height-default elementor-section-height-default parallax_section_no qode_elementor_container_no\" data-id=\"7eb068ee\" data-element_type=\"section\">\n\t\t\t\t\t\t<div class=\"elementor-container elementor-column-gap-default\">\n\t\t\t\t\t<div class=\"elementor-column elementor-col-100 elementor-top-column elementor-element elementor-element-2146ae19\" data-id=\"2146ae19\" data-element_type=\"column\">\n\t\t\t<div class=\"elementor-widget-wrap elementor-element-populated\">\n\t\t\t\t\t\t<div class=\"elementor-element elementor-element-41e9f7fb elementor-widget elementor-widget-text-editor\" data-id=\"41e9f7fb\" data-element_type=\"widget\" data-widget_type=\"text-editor.default\">\n\t\t\t\t<div class=\"elementor-widget-container\">\n\t\t\t\t\t\t\t<!-- wp:paragraph -->\n<p><span style=\"font-size: 14pt;\"><strong>Impianti Pilot i Kompostimit<\/strong><\/span><\/p>\n<p>\u00a0<\/p>\n<p style=\"text-align: justify;\">Pas rehabilitimit t\u00eb ish-deponis\u00eb s\u00eb Komun\u00ebs s\u00eb Vlor\u00ebs, atje do t\u00eb nd\u00ebrtohet nj\u00eb impiant pilot i kompostimit. N\u00eb k\u00ebt\u00eb fabrik\u00eb pilot t\u00eb kompostimit, ne do t\u00eb testojm\u00eb procese t\u00eb ndryshme t\u00eb kompostimit n\u00eb m\u00ebnyr\u00eb q\u00eb t\u00eb marrim procesin m\u00eb efikas dhe kompostin m\u00eb t\u00eb mir\u00eb t\u00eb pranuar. Bazuar n\u00eb p\u00ebrvoj\u00ebn e b\u00ebr\u00eb, kapaciteti i kompostimit do t\u00eb rritet n\u00eb t\u00eb ardhmen.<\/p>\n<p>\u00a0<\/p>\n<!-- \/wp:paragraph --><!-- wp:paragraph -->\n<p style=\"text-align: justify;\">Kompostimi dhe mbledhjet e ndara punojn\u00eb si\u00e7 ilustrohet k\u00ebtu:<\/p>\n<!-- \/wp:paragraph --><!-- wp:image {\"align\":\"center\",\"id\":316,\"width\":512,\"height\":301,\"sizeSlug\":\"large\",\"linkDestination\":\"none\"} -->\n<div class=\"wp-block-image\" style=\"text-align: justify;\">\n<figure class=\"aligncenter size-large is-resized\"><img fetchpriority=\"high\" decoding=\"async\" class=\"wp-image-316\" src=\"https:\/\/i0.wp.com\/mimvlora.al\/wp-content\/uploads\/2021\/01\/separate-collection.png?resize=512%2C301&#038;ssl=1\" alt=\"\" width=\"512\" height=\"301\" data-recalc-dims=\"1\" srcset=\"https:\/\/i0.wp.com\/mimvlora.al\/wp-content\/uploads\/2021\/01\/separate-collection.png?w=7970&amp;ssl=1 7970w, https:\/\/i0.wp.com\/mimvlora.al\/wp-content\/uploads\/2021\/01\/separate-collection.png?resize=300%2C176&amp;ssl=1 300w, https:\/\/i0.wp.com\/mimvlora.al\/wp-content\/uploads\/2021\/01\/separate-collection.png?resize=1024%2C601&amp;ssl=1 1024w, https:\/\/i0.wp.com\/mimvlora.al\/wp-content\/uploads\/2021\/01\/separate-collection.png?resize=768%2C451&amp;ssl=1 768w, https:\/\/i0.wp.com\/mimvlora.al\/wp-content\/uploads\/2021\/01\/separate-collection.png?resize=1536%2C901&amp;ssl=1 1536w, https:\/\/i0.wp.com\/mimvlora.al\/wp-content\/uploads\/2021\/01\/separate-collection.png?resize=2048%2C1202&amp;ssl=1 2048w, https:\/\/i0.wp.com\/mimvlora.al\/wp-content\/uploads\/2021\/01\/separate-collection.png?resize=700%2C411&amp;ssl=1 700w, https:\/\/i0.wp.com\/mimvlora.al\/wp-content\/uploads\/2021\/01\/separate-collection.png?w=2120&amp;ssl=1 2120w, https:\/\/i0.wp.com\/mimvlora.al\/wp-content\/uploads\/2021\/01\/separate-collection.png?w=3180&amp;ssl=1 3180w\" sizes=\"(max-width: 512px) 100vw, 512px\" \/><\/figure>\n<\/div>\n<!-- \/wp:image --><!-- wp:paragraph -->\n<p style=\"text-align: center;\">Figura &#8211; Skema e procesit t\u00eb p\u00ebraf\u00ebrt t\u00eb impiantit t\u00eb grumbullimit t\u00eb ve\u00e7ant\u00eb dhe pilot t\u00eb kompostimit<\/p>\n<p>\u00a0<\/p>\n<!-- \/wp:paragraph --><!-- wp:paragraph -->\n<p style=\"text-align: justify;\">Gjat\u00eb procesit t\u00eb kompostimit, l\u00ebnda organike zb\u00ebrthehet af\u00ebrsisht n\u00eb gjysm\u00ebn e mas\u00ebs s\u00eb saj hyr\u00ebse p\u00ebrmes humbjes s\u00eb ujit dhe l\u00ebnd\u00ebs s\u00eb that\u00eb organike. Pas kondicionimit t\u00eb materialit t\u00eb kompostuar, plehra mund t\u00eb p\u00ebrdoret n\u00eb kopshte, parqe dhe n\u00eb bujq\u00ebsi si kondicioner i tok\u00ebs.<\/p>\n<p>\u00a0<\/p>\n<p>\u00a0<\/p>\n<!-- \/wp:paragraph -->\t\t\t\t\t\t<\/div>\n\t\t\t\t<\/div>\n\t\t\t\t\t<\/div>\n\t\t<\/div>\n\t\t\t\t\t<\/div>\n\t\t<\/section>\n\t\t\t\t<\/div>\n\t\t","protected":false},"excerpt":{"rendered":"<p>Impianti Pilot i Kompostimit \u00a0 Pas rehabilitimit t\u00eb ish-deponis\u00eb s\u00eb Komun\u00ebs s\u00eb Vlor\u00ebs, atje do t\u00eb nd\u00ebrtohet nj\u00eb impiant pilot i kompostimit. N\u00eb k\u00ebt\u00eb fabrik\u00eb pilot t\u00eb kompostimit, ne do t\u00eb testojm\u00eb procese t\u00eb ndryshme t\u00eb kompostimit n\u00eb m\u00ebnyr\u00eb q\u00eb t\u00eb marrim procesin m\u00eb efikas&#8230;<\/p>\n","protected":false},"author":1,"featured_media":0,"parent":0,"menu_order":0,"comment_status":"closed","ping_status":"closed","template":"","meta":{"nf_dc_page":"","footnotes":""},"yoast_head":"<!-- This site is optimized with the Yoast SEO plugin v22.1 - https:\/\/yoast.com\/wordpress\/plugins\/seo\/ -->\n<title>Impianti Pilot i Kompostimit - Menaxhimi i Integruar i Mbetjeve<\/title>\n<meta name=\"robots\" content=\"index, follow, max-snippet:-1, max-image-preview:large, max-video-preview:-1\" \/>\n<link rel=\"canonical\" href=\"https:\/\/mimvlora.al\/?page_id=96\" \/>\n<meta property=\"og:locale\" content=\"en_US\" \/>\n<meta property=\"og:type\" content=\"article\" \/>\n<meta property=\"og:title\" content=\"Impianti Pilot i Kompostimit - Menaxhimi i Integruar i Mbetjeve\" \/>\n<meta property=\"og:description\" content=\"Impianti Pilot i Kompostimit \u00a0 Pas rehabilitimit t\u00eb ish-deponis\u00eb s\u00eb Komun\u00ebs s\u00eb Vlor\u00ebs, atje do t\u00eb nd\u00ebrtohet nj\u00eb impiant pilot i kompostimit. N\u00eb k\u00ebt\u00eb fabrik\u00eb pilot t\u00eb kompostimit, ne do t\u00eb testojm\u00eb procese t\u00eb ndryshme t\u00eb kompostimit n\u00eb m\u00ebnyr\u00eb q\u00eb t\u00eb marrim procesin m\u00eb efikas...\" \/>\n<meta property=\"og:url\" content=\"https:\/\/mimvlora.al\/?page_id=96\" \/>\n<meta property=\"og:site_name\" content=\"Menaxhimi i Integruar i Mbetjeve\" \/>\n<meta property=\"article:publisher\" content=\"https:\/\/www.facebook.com\/Nd%c3%abrmarrja-e-Menaxhimit-t%c3%ab-Integruar-t%c3%ab-Mbetjeve-108024937783375\" \/>\n<meta property=\"article:modified_time\" content=\"2021-02-09T16:22:34+00:00\" \/>\n<meta property=\"og:image\" content=\"https:\/\/mimvlora.al\/wp-content\/uploads\/2021\/01\/separate-collection-1024x601.png\" \/>\n<meta name=\"twitter:card\" content=\"summary_large_image\" \/>\n<meta name=\"twitter:label1\" content=\"Est. reading time\" \/>\n\t<meta name=\"twitter:data1\" content=\"1 minute\" \/>\n<script type=\"application\/ld+json\" class=\"yoast-schema-graph\">{\"@context\":\"https:\/\/schema.org\",\"@graph\":[{\"@type\":\"WebPage\",\"@id\":\"https:\/\/mimvlora.al\/?page_id=96\",\"url\":\"https:\/\/mimvlora.al\/?page_id=96\",\"name\":\"Impianti Pilot i Kompostimit - Menaxhimi i Integruar i Mbetjeve\",\"isPartOf\":{\"@id\":\"https:\/\/mimvlora.al\/#website\"},\"datePublished\":\"2021-01-09T22:22:57+00:00\",\"dateModified\":\"2021-02-09T16:22:34+00:00\",\"breadcrumb\":{\"@id\":\"https:\/\/mimvlora.al\/?page_id=96#breadcrumb\"},\"inLanguage\":\"en-US\",\"potentialAction\":[{\"@type\":\"ReadAction\",\"target\":[\"https:\/\/mimvlora.al\/?page_id=96\"]}]},{\"@type\":\"BreadcrumbList\",\"@id\":\"https:\/\/mimvlora.al\/?page_id=96#breadcrumb\",\"itemListElement\":[{\"@type\":\"ListItem\",\"position\":1,\"name\":\"Home\",\"item\":\"http:\/\/mimvlora.al\/\"},{\"@type\":\"ListItem\",\"position\":2,\"name\":\"Impianti Pilot i Kompostimit\"}]},{\"@type\":\"WebSite\",\"@id\":\"https:\/\/mimvlora.al\/#website\",\"url\":\"https:\/\/mimvlora.al\/\",\"name\":\"Menaxhimi i Integruar i Mbetjeve\",\"description\":\"\",\"publisher\":{\"@id\":\"https:\/\/mimvlora.al\/#organization\"},\"potentialAction\":[{\"@type\":\"SearchAction\",\"target\":{\"@type\":\"EntryPoint\",\"urlTemplate\":\"https:\/\/mimvlora.al\/?s={search_term_string}\"},\"query-input\":\"required name=search_term_string\"}],\"inLanguage\":\"en-US\"},{\"@type\":\"Organization\",\"@id\":\"https:\/\/mimvlora.al\/#organization\",\"name\":\"MIM Vlora\",\"url\":\"https:\/\/mimvlora.al\/\",\"logo\":{\"@type\":\"ImageObject\",\"inLanguage\":\"en-US\",\"@id\":\"https:\/\/mimvlora.al\/#\/schema\/logo\/image\/\",\"url\":\"https:\/\/i1.wp.com\/mimvlora.al\/wp-content\/uploads\/2021\/01\/logo-1.png?fit=500%2C500&ssl=1\",\"contentUrl\":\"https:\/\/i1.wp.com\/mimvlora.al\/wp-content\/uploads\/2021\/01\/logo-1.png?fit=500%2C500&ssl=1\",\"width\":500,\"height\":500,\"caption\":\"MIM Vlora\"},\"image\":{\"@id\":\"https:\/\/mimvlora.al\/#\/schema\/logo\/image\/\"},\"sameAs\":[\"https:\/\/www.facebook.com\/Nd\u00ebrmarrja-e-Menaxhimit-t\u00eb-Integruar-t\u00eb-Mbetjeve-108024937783375\"]}]}<\/script>\n<!-- \/ Yoast SEO plugin. -->","yoast_head_json":{"title":"Impianti Pilot i Kompostimit - Menaxhimi i Integruar i Mbetjeve","robots":{"index":"index","follow":"follow","max-snippet":"max-snippet:-1","max-image-preview":"max-image-preview:large","max-video-preview":"max-video-preview:-1"},"canonical":"https:\/\/mimvlora.al\/?page_id=96","og_locale":"en_US","og_type":"article","og_title":"Impianti Pilot i Kompostimit - Menaxhimi i Integruar i Mbetjeve","og_description":"Impianti Pilot i Kompostimit \u00a0 Pas rehabilitimit t\u00eb ish-deponis\u00eb s\u00eb Komun\u00ebs s\u00eb Vlor\u00ebs, atje do t\u00eb nd\u00ebrtohet nj\u00eb impiant pilot i kompostimit. N\u00eb k\u00ebt\u00eb fabrik\u00eb pilot t\u00eb kompostimit, ne do t\u00eb testojm\u00eb procese t\u00eb ndryshme t\u00eb kompostimit n\u00eb m\u00ebnyr\u00eb q\u00eb t\u00eb marrim procesin m\u00eb efikas...","og_url":"https:\/\/mimvlora.al\/?page_id=96","og_site_name":"Menaxhimi i Integruar i Mbetjeve","article_publisher":"https:\/\/www.facebook.com\/Nd%c3%abrmarrja-e-Menaxhimit-t%c3%ab-Integruar-t%c3%ab-Mbetjeve-108024937783375","article_modified_time":"2021-02-09T16:22:34+00:00","og_image":[{"url":"https:\/\/mimvlora.al\/wp-content\/uploads\/2021\/01\/separate-collection-1024x601.png"}],"twitter_card":"summary_large_image","twitter_misc":{"Est. reading time":"1 minute"},"schema":{"@context":"https:\/\/schema.org","@graph":[{"@type":"WebPage","@id":"https:\/\/mimvlora.al\/?page_id=96","url":"https:\/\/mimvlora.al\/?page_id=96","name":"Impianti Pilot i Kompostimit - Menaxhimi i Integruar i Mbetjeve","isPartOf":{"@id":"https:\/\/mimvlora.al\/#website"},"datePublished":"2021-01-09T22:22:57+00:00","dateModified":"2021-02-09T16:22:34+00:00","breadcrumb":{"@id":"https:\/\/mimvlora.al\/?page_id=96#breadcrumb"},"inLanguage":"en-US","potentialAction":[{"@type":"ReadAction","target":["https:\/\/mimvlora.al\/?page_id=96"]}]},{"@type":"BreadcrumbList","@id":"https:\/\/mimvlora.al\/?page_id=96#breadcrumb","itemListElement":[{"@type":"ListItem","position":1,"name":"Home","item":"http:\/\/mimvlora.al\/"},{"@type":"ListItem","position":2,"name":"Impianti Pilot i Kompostimit"}]},{"@type":"WebSite","@id":"https:\/\/mimvlora.al\/#website","url":"https:\/\/mimvlora.al\/","name":"Menaxhimi i Integruar i Mbetjeve","description":"","publisher":{"@id":"https:\/\/mimvlora.al\/#organization"},"potentialAction":[{"@type":"SearchAction","target":{"@type":"EntryPoint","urlTemplate":"https:\/\/mimvlora.al\/?s={search_term_string}"},"query-input":"required name=search_term_string"}],"inLanguage":"en-US"},{"@type":"Organization","@id":"https:\/\/mimvlora.al\/#organization","name":"MIM Vlora","url":"https:\/\/mimvlora.al\/","logo":{"@type":"ImageObject","inLanguage":"en-US","@id":"https:\/\/mimvlora.al\/#\/schema\/logo\/image\/","url":"https:\/\/i1.wp.com\/mimvlora.al\/wp-content\/uploads\/2021\/01\/logo-1.png?fit=500%2C500&ssl=1","contentUrl":"https:\/\/i1.wp.com\/mimvlora.al\/wp-content\/uploads\/2021\/01\/logo-1.png?fit=500%2C500&ssl=1","width":500,"height":500,"caption":"MIM Vlora"},"image":{"@id":"https:\/\/mimvlora.al\/#\/schema\/logo\/image\/"},"sameAs":["https:\/\/www.facebook.com\/Nd\u00ebrmarrja-e-Menaxhimit-t\u00eb-Integruar-t\u00eb-Mbetjeve-108024937783375"]}]}},"jetpack_sharing_enabled":true,"_links":{"self":[{"href":"https:\/\/mimvlora.al\/index.php?rest_route=\/wp\/v2\/pages\/96"}],"collection":[{"href":"https:\/\/mimvlora.al\/index.php?rest_route=\/wp\/v2\/pages"}],"about":[{"href":"https:\/\/mimvlora.al\/index.php?rest_route=\/wp\/v2\/types\/page"}],"author":[{"embeddable":true,"href":"https:\/\/mimvlora.al\/index.php?rest_route=\/wp\/v2\/users\/1"}],"replies":[{"embeddable":true,"href":"https:\/\/mimvlora.al\/index.php?rest_route=%2Fwp%2Fv2%2Fcomments&post=96"}],"version-history":[{"count":5,"href":"https:\/\/mimvlora.al\/index.php?rest_route=\/wp\/v2\/pages\/96\/revisions"}],"predecessor-version":[{"id":997,"href":"https:\/\/mimvlora.al\/index.php?rest_route=\/wp\/v2\/pages\/96\/revisions\/997"}],"wp:attachment":[{"href":"https:\/\/mimvlora.al\/index.php?rest_route=%2Fwp%2Fv2%2Fmedia&parent=96"}],"curies":[{"name":"wp","href":"https:\/\/api.w.org\/{rel}","templated":true}]}}